{"id":25289,"date":"2017-09-03T22:38:55","date_gmt":"2017-09-03T21:38:55","guid":{"rendered":"https:\/\/www.masmialou.com\/?page_id=25289"},"modified":"2025-01-25T19:13:21","modified_gmt":"2025-01-25T18:13:21","slug":"home-nl","status":"publish","type":"page","link":"https:\/\/www.masmialou.com\/de","title":{"rendered":"Home"},"content":{"rendered":"<div class=\"vgblk-rw-wrapper limit-wrapper\">\n<h1>\n\tGeniessen in den Cevennen\n\t<\/h1>\n\t<p>Ruhe und Platz und doch alles in der N\u00e4he. Mas Mialou liegt versteckt in ein eigenes Gebiet am Rande des lebhaften Saint-Jean-du-Gard. Du kannst Dich in Deine geschmackvoll eingerichtete Wohnung oder in den park\u00e4hnlichen Garten zur\u00fcckziehen. Oder Du gehst ins Dorf, um die gem\u00fctlichen Restaurants, M\u00e4rkte und Museen zu besuchen. Oder Du gehst in die Berge und zu Fl\u00fcssen, Weing\u00fctern und entdeckst St\u00e4dte. Hier findest Du alles f\u00fcr einen erholsamen Urlaub im sch\u00f6nen S\u00fcdfrankreich.<\/p>\n<p>In unserem sch\u00f6nen Bauernhof haben wir zwei komfortable Wohnungen realisiert. Sie sind voll ausgestattet. Authentische Details wurden so weit wie m\u00f6glich erhalten. Ob Du alleine oder zu zweit, mit der Familie oder einer ganzen Gruppe kommst, wir hei\u00dfen Dich herzlich willkommen f\u00fcr einen unvergesslichen, angenehmen Aufenthalt.<\/p>\n<h4><strong>Bienvenue!<\/strong><\/h4>\n\t<a href=\"https:\/\/www.masmialou.com\/de\/kontakt\" target=\"_self\" role=\"button\" rel=\"noopener\">\n\t\t\t\t\tReservieren\n\t<\/a>\n<h2>\n\t\t\t<a href=\"https:\/\/www.masmialou.com\/de\/appartementen\" title=\"Appartementen\" target=\"_self\" rel=\"noopener\">\n\tAppartementen\n\t\t\t<\/a>\n\t<\/h2>\n\tIn unserer Mas haben wir derzeit <strong>zwei sch\u00f6ne Wohnungen:<\/strong> l&#8217;Appartement und l&#8217;Atelier.<br>\nWir haben versucht, die Wohnungen so zu bauen und einzurichten, dass Du Dich sofort wie zu Hause f\u00fchlst, sobald Du eingetreten bist.<br>\nDie Appartements sind komplett ausgestattet, so dass Du einen wunderbaren und erholsamen Aufenthalt geniessen kannst.\n<h3>\n\t\t\t<a href=\"https:\/\/www.masmialou.com\/de\/lappartement\" title=\"L'Appartement\" target=\"_self\" rel=\"noopener\">\n\tL&#8217;Appartement\n\t\t\t<\/a>\n\t<\/h3>\n<h3>\n\t\t\t<a href=\"https:\/\/www.masmialou.com\/de\/latelier\" title=\"L'Atelier\" target=\"_self\" rel=\"noopener\">\n\tL&#8217;Atelier\n\t\t\t<\/a>\n\t<\/h3>\n<h2>\n\t\t\t<a href=\"https:\/\/www.masmialou.com\/de\/umgebung\" title=\"Umgebung\" target=\"_self\" rel=\"noopener\">\n\tUmgebung\n\t\t\t<\/a>\n\t<\/h2>\n\t<p>Entspannen in eine atemberaubende und unber\u00fchrte Natur. Die Cevennen, das ist es!<\/p>\n<h3>\n\tAtemberaubende Umgebung\n\t<\/h3>\n\t<p>In der sch\u00f6nen Umgebung von Saint-Jean-du-Gard gibt es f\u00fcr Allen etwas zu erleben.<\/p>\n<p>Magst Du Radfahren, Wandern, Schwimmen, gutes Essen, auf M\u00e4rkte st\u00f6bern, Klettern, Rafting, Paragliding, Weinproben, H\u00e4ngematten, kurzum geniessen? Hier gibt es alles!<\/p>\n\t<a href=\"https:\/\/www.masmialou.com\/de\/umgebung\" target=\"_self\" role=\"button\" rel=\"noopener\">\n\t\t\t\t\tMEHR INFORMATIONEN UBER DIE UMGEBUNG\n\t<\/a>\n<h2>\n\t\t\t<a href=\"https:\/\/www.masmialou.com\/de\/einrichtungen-und-anlagen\" title=\"Einrichtungen und Anlagen\" target=\"_self\" rel=\"noopener\">\n\tEinrichtungen und Anlagen\n\t\t\t<\/a>\n\t<\/h2>\n\t<h5>Alles ist vorhanden um deinen Aufenthalt so entspannt wie m\u00f6glich zu gestalten<\/h5>\n<h3>\n\tAlles f\u00fcr Deinen Komfort\n\t<\/h3>\n\tEntspanne Dich oder nimm ein Sonnenbad auf einer Liege.<br>\nLesen in der H\u00e4ngematte;<br>\nAbk\u00fchlen im (aufgestellten) Pool;<br>\nGem\u00fctliche Sitzbereiche im Freien mit Blick auf die Cevennen;<br>\nTischfu\u00dfball, Tischtennis, Snooker oder viele andere Spiele im Spielzimmer;<br>\nWaschen in der Waschk\u00fcche;<br>\nFussball, Schaukel, Rutschbahn, Trampolin;<br>\nGratis Wifi;\n\t<a href=\"https:\/\/www.masmialou.com\/de\/einrichtungen-und-anlagen\" target=\"_self\" role=\"button\" rel=\"noopener\">\n\t\t\t\t\tMEHR INFORMATIONEN UBER DIE EINRICHTUNGEN\n\t<\/a>\n<h2>\n\t\t\t<a href=\"https:\/\/www.masmialou.com\/de\/kontakt\" title=\"Erreichbarkeit und Kontakt\" target=\"_self\" rel=\"noopener\">\n\tErreichbarkeit und Kontakt\n\t\t\t<\/a>\n\t<\/h2>\n\t<h5>Ob Du nun am liebsten mit dem Auto, Zug, Flugzeug oder Fahrrad anreisen willst; wir geben dir gerne Auskunft wie du Mas Mialou am Einfachsten erreichst.<\/h5>\n\t<a href=\"https:\/\/www.masmialou.com\/de\/anreise\" target=\"_self\" role=\"button\" rel=\"noopener\">\n\t\t\t\t\tMEHR INFORMATIONEN UBER DIE ERREICHBARKEIT \n\t<\/a>\n\t\t<iframe src=\"https:\/\/maps.google.com\/maps?q=Mas+Mialou&amp;iwloc=near&amp;output=embed\" height=\"500\" frameborder=\"0\"><\/iframe>\n<h2>\n\tNimm Kontakt mit uns auf\n\t<\/h2>\n\t<p>WIR BEANTWORTEN DEINE FRAGEN GERNE<\/p>\n\t<h3>Schicke uns eine Nachricht und wir nehmen so rasch wie m\u00f6glich Kontakt mit dir auf:<\/h3>\n\t<div class=\"wpforms-container \" id=\"wpforms-25314\"><form id=\"wpforms-form-25314\" class=\"wpforms-validate wpforms-form\" data-formid=\"25314\" method=\"post\" enctype=\"multipart\/form-data\" action=\"\/de\/wp-json\/wp\/v2\/pages\/25289\" data-token=\"eb1d94be76517d4617806ae975c3f1e6\" data-token-time=\"1776651413\"><noscript class=\"wpforms-error-noscript\">Bitte aktiviere JavaScript in deinem Browser, um dieses Formular fertigzustellen.<\/noscript><div class=\"wpforms-field-container\"><div id=\"wpforms-25314-field_6-container\" class=\"wpforms-field wpforms-field-name\" data-field-id=\"6\"><input type=\"text\" id=\"wpforms-25314-field_6\" class=\"wpforms-field-large\" name=\"wpforms[fields][6]\" placeholder=\"Name\" ><\/div><div id=\"wpforms-25314-field_7-container\" class=\"wpforms-field wpforms-field-email\" data-field-id=\"7\"><input type=\"email\" id=\"wpforms-25314-field_7\" class=\"wpforms-field-large wpforms-field-required\" name=\"wpforms[fields][7]\" placeholder=\"E-mail\" spellcheck=\"false\" required><\/div><div id=\"wpforms-25314-field_8-container\" class=\"wpforms-field wpforms-field-number\" data-field-id=\"8\"><input type=\"number\" id=\"wpforms-25314-field_8\" class=\"wpforms-field-large\" name=\"wpforms[fields][8]\" placeholder=\"Telefonnummer\" step=\"any\" ><\/div><div id=\"wpforms-25314-field_2-container\" class=\"wpforms-field wpforms-field-textarea wpforms-first\" data-field-id=\"2\"><textarea id=\"wpforms-25314-field_2\" class=\"wpforms-field-medium\" name=\"wpforms[fields][2]\" placeholder=\"Ihre Nachricht mit bis zu 500 Zeichen ...\" ><\/textarea><\/div><\/div><!-- .wpforms-field-container --><div class=\"wpforms-field wpforms-field-hp\"><label for=\"wpforms-25314-field-hp\" class=\"wpforms-field-label\">Name<\/label><input type=\"text\" name=\"wpforms[hp]\" id=\"wpforms-25314-field-hp\" class=\"wpforms-field-medium\"><\/div><div class=\"wpforms-submit-container\" ><input type=\"hidden\" name=\"wpforms[id]\" value=\"25314\"><input type=\"hidden\" name=\"page_title\" value=\"\"><input type=\"hidden\" name=\"page_url\" value=\"https:\/\/www.masmialou.com\/de\/wp-json\/wp\/v2\/pages\/25289\"><input type=\"hidden\" name=\"url_referer\" value=\"\"><button type=\"submit\" name=\"wpforms[submit]\" id=\"wpforms-submit-25314\" class=\"wpforms-submit\" data-alt-text=\"Senden...\" data-submit-text=\"Nachricht senden\" aria-live=\"assertive\" value=\"wpforms-submit\">Nachricht senden<\/button><\/div><\/form><\/div>  <!-- .wpforms-container -->\n<\/div><!-- .vgblk-rw-wrapper -->","protected":false},"excerpt":{"rendered":"<p>Geniessen in den Cevennen Ruhe und Platz und doch alles in der N\u00e4he. Mas Mialou liegt versteckt in ein eigenes Gebiet am Rande des lebhaften Saint-Jean-du-Gard. Du kannst Dich in&#8230;<\/p>\n","protected":false},"author":2,"featured_media":25285,"parent":0,"menu_order":0,"comment_status":"closed","ping_status":"closed","template":"","meta":{"om_disable_all_campaigns":false,"_monsterinsights_skip_tracking":false,"_monsterinsights_sitenote_active":false,"_monsterinsights_sitenote_note":"","_monsterinsights_sitenote_category":0},"aioseo_notices":[],"yoast_head":"<!-- This site is optimized with the Yoast SEO plugin v21.1 - https:\/\/yoast.com\/wordpress\/plugins\/seo\/ -->\n<title>Home | Mas Mialou<\/title>\n<meta name=\"robots\" content=\"index, follow, max-snippet:-1, max-image-preview:large, max-video-preview:-1\" \/>\n<link rel=\"canonical\" href=\"https:\/\/www.masmialou.com\/de\" \/>\n<meta property=\"og:locale\" content=\"de_DE\" \/>\n<meta property=\"og:type\" content=\"article\" \/>\n<meta property=\"og:title\" content=\"Home | Mas Mialou\" \/>\n<meta property=\"og:description\" content=\"Geniessen in den Cevennen Ruhe und Platz und doch alles in der N\u00e4he. Mas Mialou liegt versteckt in ein eigenes Gebiet am Rande des lebhaften Saint-Jean-du-Gard. Du kannst Dich in...\" \/>\n<meta property=\"og:url\" content=\"https:\/\/www.masmialou.com\/de\" \/>\n<meta property=\"og:site_name\" content=\"Mas Mialou\" \/>\n<meta property=\"article:publisher\" content=\"https:\/\/www.facebook.com\/masmialou\/\" \/>\n<meta property=\"article:modified_time\" content=\"2025-01-25T18:13:21+00:00\" \/>\n<meta property=\"og:image\" content=\"https:\/\/www.masmialou.com\/wp-content\/uploads\/2020\/01\/Mas-Zijaanzicht-vanaf-grasveld.jpeg\" \/>\n\t<meta property=\"og:image:width\" content=\"678\" \/>\n\t<meta property=\"og:image:height\" content=\"1024\" \/>\n\t<meta property=\"og:image:type\" content=\"image\/jpeg\" \/>\n<meta name=\"twitter:card\" content=\"summary_large_image\" \/>\n<meta name=\"twitter:site\" content=\"@masmialou\" \/>\n<meta name=\"twitter:label1\" content=\"Gesch\u00e4tzte Lesezeit\" \/>\n\t<meta name=\"twitter:data1\" content=\"2\u00a0Minuten\" \/>\n<script type=\"application\/ld+json\" class=\"yoast-schema-graph\">{\"@context\":\"https:\/\/schema.org\",\"@graph\":[{\"@type\":\"WebPage\",\"@id\":\"https:\/\/www.masmialou.com\/de\",\"url\":\"https:\/\/www.masmialou.com\/de\",\"name\":\"Home | Mas Mialou\",\"isPartOf\":{\"@id\":\"https:\/\/www.masmialou.com\/de\/#website\"},\"datePublished\":\"2017-09-03T21:38:55+00:00\",\"dateModified\":\"2025-01-25T18:13:21+00:00\",\"breadcrumb\":{\"@id\":\"https:\/\/www.masmialou.com\/de#breadcrumb\"},\"inLanguage\":\"de\",\"potentialAction\":[{\"@type\":\"ReadAction\",\"target\":[\"https:\/\/www.masmialou.com\/de\"]}]},{\"@type\":\"BreadcrumbList\",\"@id\":\"https:\/\/www.masmialou.com\/de#breadcrumb\",\"itemListElement\":[{\"@type\":\"ListItem\",\"position\":1,\"name\":\"Home\",\"item\":\"https:\/\/www.masmialou.com\/de\"},{\"@type\":\"ListItem\",\"position\":2,\"name\":\"Home\"}]},{\"@type\":\"WebSite\",\"@id\":\"https:\/\/www.masmialou.com\/de\/#website\",\"url\":\"https:\/\/www.masmialou.com\/de\/\",\"name\":\"Mas Mialou\",\"description\":\"G\u00eetes \/ Appartements\",\"publisher\":{\"@id\":\"https:\/\/www.masmialou.com\/de\/#organization\"},\"potentialAction\":[{\"@type\":\"SearchAction\",\"target\":{\"@type\":\"EntryPoint\",\"urlTemplate\":\"https:\/\/www.masmialou.com\/de\/?s={search_term_string}\"},\"query-input\":\"required name=search_term_string\"}],\"inLanguage\":\"de\"},{\"@type\":\"Organization\",\"@id\":\"https:\/\/www.masmialou.com\/de\/#organization\",\"name\":\"Mas Mialou\",\"url\":\"https:\/\/www.masmialou.com\/de\/\",\"logo\":{\"@type\":\"ImageObject\",\"inLanguage\":\"de\",\"@id\":\"https:\/\/www.masmialou.com\/de\/#\/schema\/logo\/image\/\",\"url\":\"https:\/\/www.masmialou.com\/wp-content\/uploads\/2021\/03\/Logo-Mas-Mialou-2019-1.png\",\"contentUrl\":\"https:\/\/www.masmialou.com\/wp-content\/uploads\/2021\/03\/Logo-Mas-Mialou-2019-1.png\",\"width\":800,\"height\":323,\"caption\":\"Mas Mialou\"},\"image\":{\"@id\":\"https:\/\/www.masmialou.com\/de\/#\/schema\/logo\/image\/\"},\"sameAs\":[\"https:\/\/www.facebook.com\/masmialou\/\",\"https:\/\/twitter.com\/masmialou\",\"https:\/\/www.instagram.com\/masmialou\/\",\"https:\/\/www.linkedin.com\/company\/mas-mialou\/about\/\",\"https:\/\/nl.pinterest.com\/masmialou\/\"]}]}<\/script>\n<!-- \/ Yoast SEO plugin. -->","yoast_head_json":{"title":"Home | Mas Mialou","robots":{"index":"index","follow":"follow","max-snippet":"max-snippet:-1","max-image-preview":"max-image-preview:large","max-video-preview":"max-video-preview:-1"},"canonical":"https:\/\/www.masmialou.com\/de","og_locale":"de_DE","og_type":"article","og_title":"Home | Mas Mialou","og_description":"Geniessen in den Cevennen Ruhe und Platz und doch alles in der N\u00e4he. Mas Mialou liegt versteckt in ein eigenes Gebiet am Rande des lebhaften Saint-Jean-du-Gard. Du kannst Dich in...","og_url":"https:\/\/www.masmialou.com\/de","og_site_name":"Mas Mialou","article_publisher":"https:\/\/www.facebook.com\/masmialou\/","article_modified_time":"2025-01-25T18:13:21+00:00","og_image":[{"width":678,"height":1024,"url":"https:\/\/www.masmialou.com\/wp-content\/uploads\/2020\/01\/Mas-Zijaanzicht-vanaf-grasveld.jpeg","type":"image\/jpeg"}],"twitter_card":"summary_large_image","twitter_site":"@masmialou","twitter_misc":{"Gesch\u00e4tzte Lesezeit":"2\u00a0Minuten"},"schema":{"@context":"https:\/\/schema.org","@graph":[{"@type":"WebPage","@id":"https:\/\/www.masmialou.com\/de","url":"https:\/\/www.masmialou.com\/de","name":"Home | Mas Mialou","isPartOf":{"@id":"https:\/\/www.masmialou.com\/de\/#website"},"datePublished":"2017-09-03T21:38:55+00:00","dateModified":"2025-01-25T18:13:21+00:00","breadcrumb":{"@id":"https:\/\/www.masmialou.com\/de#breadcrumb"},"inLanguage":"de","potentialAction":[{"@type":"ReadAction","target":["https:\/\/www.masmialou.com\/de"]}]},{"@type":"BreadcrumbList","@id":"https:\/\/www.masmialou.com\/de#breadcrumb","itemListElement":[{"@type":"ListItem","position":1,"name":"Home","item":"https:\/\/www.masmialou.com\/de"},{"@type":"ListItem","position":2,"name":"Home"}]},{"@type":"WebSite","@id":"https:\/\/www.masmialou.com\/de\/#website","url":"https:\/\/www.masmialou.com\/de\/","name":"Mas Mialou","description":"G\u00eetes \/ Appartements","publisher":{"@id":"https:\/\/www.masmialou.com\/de\/#organization"},"potentialAction":[{"@type":"SearchAction","target":{"@type":"EntryPoint","urlTemplate":"https:\/\/www.masmialou.com\/de\/?s={search_term_string}"},"query-input":"required name=search_term_string"}],"inLanguage":"de"},{"@type":"Organization","@id":"https:\/\/www.masmialou.com\/de\/#organization","name":"Mas Mialou","url":"https:\/\/www.masmialou.com\/de\/","logo":{"@type":"ImageObject","inLanguage":"de","@id":"https:\/\/www.masmialou.com\/de\/#\/schema\/logo\/image\/","url":"https:\/\/www.masmialou.com\/wp-content\/uploads\/2021\/03\/Logo-Mas-Mialou-2019-1.png","contentUrl":"https:\/\/www.masmialou.com\/wp-content\/uploads\/2021\/03\/Logo-Mas-Mialou-2019-1.png","width":800,"height":323,"caption":"Mas Mialou"},"image":{"@id":"https:\/\/www.masmialou.com\/de\/#\/schema\/logo\/image\/"},"sameAs":["https:\/\/www.facebook.com\/masmialou\/","https:\/\/twitter.com\/masmialou","https:\/\/www.instagram.com\/masmialou\/","https:\/\/www.linkedin.com\/company\/mas-mialou\/about\/","https:\/\/nl.pinterest.com\/masmialou\/"]}]}},"_links":{"self":[{"href":"https:\/\/www.masmialou.com\/de\/wp-json\/wp\/v2\/pages\/25289"}],"collection":[{"href":"https:\/\/www.masmialou.com\/de\/wp-json\/wp\/v2\/pages"}],"about":[{"href":"https:\/\/www.masmialou.com\/de\/wp-json\/wp\/v2\/types\/page"}],"author":[{"embeddable":true,"href":"https:\/\/www.masmialou.com\/de\/wp-json\/wp\/v2\/users\/2"}],"replies":[{"embeddable":true,"href":"https:\/\/www.masmialou.com\/de\/wp-json\/wp\/v2\/comments?post=25289"}],"version-history":[{"count":11,"href":"https:\/\/www.masmialou.com\/de\/wp-json\/wp\/v2\/pages\/25289\/revisions"}],"predecessor-version":[{"id":28473,"href":"https:\/\/www.masmialou.com\/de\/wp-json\/wp\/v2\/pages\/25289\/revisions\/28473"}],"wp:featuredmedia":[{"embeddable":true,"href":"https:\/\/www.masmialou.com\/de\/wp-json\/wp\/v2\/media\/25285"}],"wp:attachment":[{"href":"https:\/\/www.masmialou.com\/de\/wp-json\/wp\/v2\/media?parent=25289"}],"curies":[{"name":"wp","href":"https:\/\/api.w.org\/{rel}","templated":true}]}}