{"id":25342,"date":"2020-01-26T23:22:13","date_gmt":"2020-01-26T22:22:13","guid":{"rendered":"https:\/\/www.masmialou.com\/?page_id=25342"},"modified":"2025-01-25T18:23:07","modified_gmt":"2025-01-25T17:23:07","slug":"appartementen","status":"publish","type":"page","link":"https:\/\/www.masmialou.com\/de\/appartementen","title":{"rendered":"Wohnungen"},"content":{"rendered":"<div class=\"vgblk-rw-wrapper limit-wrapper\">\n<h2>\n\t\t\t<a href=\"https:\/\/www.masmialou.com\/de\/latelier\" title=\"L'Atelier\" target=\"_self\" rel=\"noopener\">\n\tL&#8217;Atelier\n\t\t\t<\/a>\n\t<\/h2>\n\t<p>l&#8217;Atelier ist das Juwel von Mas Mialou. Authentisch und modern. Naturgetreu und bequem. Die Unterkunft ist als Loft eingerichtet. Mit einem gem\u00fctlichen Schlafbereich, einem modernen Badezimmer und einer Retro-K\u00fcche. Die Holzbalken, die alten Steinmauern und die robusten T\u00fcren fallen ins Auge. Die Natur betritt den Sitzbereich fast buchst\u00e4blich durch die gro\u00dfen Fenster.<\/p>\n<p>Im Sommer kannst Du auf Deiner eigenen Terrasse im l&#8217;Atelier entspannen. F\u00fcr die k\u00fchleren Momente im Fr\u00fchling und Herbst kann die Wohnung zus\u00e4tzlich mit einem gem\u00fctlichen Holzofen beheizt werden.<\/p>\n\n\n<h2>\n\t\t\t<a href=\"https:\/\/www.masmialou.com\/de\/lappartement\" title=\"L'Appartement\" target=\"_self\" rel=\"noopener\">\n\tL&#8217;Appartement\n\t\t\t<\/a>\n\t<\/h2>\n\t<p>Gem\u00fctlich und komfortabel, ger\u00e4umig und hell, das ist die Wohnung! Und dann d\u00fcrfen wir die sch\u00f6ne Aussicht vom Hauptschlafzimmer nicht vergessen. Bei ge\u00f6ffneten Fensterl\u00e4den kannst Du morgens vom Bett aus durch die B\u00e4ume auf die andere Talseite schauen.<\/p>\n<p>Die beiden Schlafzimmer, das Bad und die K\u00fcche des Ferienhauses wurden k\u00fcrzlich komplett renoviert und modernisiert. Auf der neu gestalteten Terrasse vor dem Ferienhaus kannst Du die auf- und untergehende Sonne genie\u00dfen. Du siehst die Berggipfel und den Beginn der Cevennen.<\/p>\n<\/div><!-- .vgblk-rw-wrapper -->","protected":false},"excerpt":{"rendered":"<p>L&#8217;Atelier l&#8217;Atelier ist das Juwel von Mas Mialou. Authentisch und modern. Naturgetreu und bequem. Die Unterkunft ist als Loft eingerichtet. Mit einem gem\u00fctlichen Schlafbereich, einem modernen Badezimmer und einer Retro-K\u00fcche&#8230;.<\/p>\n","protected":false},"author":2,"featured_media":0,"parent":0,"menu_order":3,"comment_status":"closed","ping_status":"closed","template":"","meta":{"om_disable_all_campaigns":false,"_monsterinsights_skip_tracking":false,"_monsterinsights_sitenote_active":false,"_monsterinsights_sitenote_note":"","_monsterinsights_sitenote_category":0},"aioseo_notices":[],"yoast_head":"<!-- This site is optimized with the Yoast SEO plugin v21.1 - https:\/\/yoast.com\/wordpress\/plugins\/seo\/ -->\n<title>Wohnungen | Mas Mialou<\/title>\n<meta name=\"robots\" content=\"index, follow, max-snippet:-1, max-image-preview:large, max-video-preview:-1\" \/>\n<link rel=\"canonical\" href=\"https:\/\/www.masmialou.com\/de\/appartementen\" \/>\n<meta property=\"og:locale\" content=\"de_DE\" \/>\n<meta property=\"og:type\" content=\"article\" \/>\n<meta property=\"og:title\" content=\"Wohnungen | Mas Mialou\" \/>\n<meta property=\"og:description\" content=\"L&#8217;Atelier l&#8217;Atelier ist das Juwel von Mas Mialou. Authentisch und modern. Naturgetreu und bequem. Die Unterkunft ist als Loft eingerichtet. Mit einem gem\u00fctlichen Schlafbereich, einem modernen Badezimmer und einer Retro-K\u00fcche....\" \/>\n<meta property=\"og:url\" content=\"https:\/\/www.masmialou.com\/de\/appartementen\" \/>\n<meta property=\"og:site_name\" content=\"Mas Mialou\" \/>\n<meta property=\"article:publisher\" content=\"https:\/\/www.facebook.com\/masmialou\/\" \/>\n<meta property=\"article:modified_time\" content=\"2025-01-25T17:23:07+00:00\" \/>\n<meta name=\"twitter:card\" content=\"summary_large_image\" \/>\n<meta name=\"twitter:site\" content=\"@masmialou\" \/>\n<meta name=\"twitter:label1\" content=\"Gesch\u00e4tzte Lesezeit\" \/>\n\t<meta name=\"twitter:data1\" content=\"1\u00a0Minute\" \/>\n<script type=\"application\/ld+json\" class=\"yoast-schema-graph\">{\"@context\":\"https:\/\/schema.org\",\"@graph\":[{\"@type\":\"WebPage\",\"@id\":\"https:\/\/www.masmialou.com\/de\/appartementen\",\"url\":\"https:\/\/www.masmialou.com\/de\/appartementen\",\"name\":\"Wohnungen | Mas Mialou\",\"isPartOf\":{\"@id\":\"https:\/\/www.masmialou.com\/de\/#website\"},\"datePublished\":\"2020-01-26T22:22:13+00:00\",\"dateModified\":\"2025-01-25T17:23:07+00:00\",\"breadcrumb\":{\"@id\":\"https:\/\/www.masmialou.com\/de\/appartementen#breadcrumb\"},\"inLanguage\":\"de\",\"potentialAction\":[{\"@type\":\"ReadAction\",\"target\":[\"https:\/\/www.masmialou.com\/de\/appartementen\"]}]},{\"@type\":\"BreadcrumbList\",\"@id\":\"https:\/\/www.masmialou.com\/de\/appartementen#breadcrumb\",\"itemListElement\":[{\"@type\":\"ListItem\",\"position\":1,\"name\":\"Home\",\"item\":\"https:\/\/www.masmialou.com\/de\"},{\"@type\":\"ListItem\",\"position\":2,\"name\":\"Wohnungen\"}]},{\"@type\":\"WebSite\",\"@id\":\"https:\/\/www.masmialou.com\/de\/#website\",\"url\":\"https:\/\/www.masmialou.com\/de\/\",\"name\":\"Mas Mialou\",\"description\":\"G\u00eetes \/ Appartements\",\"publisher\":{\"@id\":\"https:\/\/www.masmialou.com\/de\/#organization\"},\"potentialAction\":[{\"@type\":\"SearchAction\",\"target\":{\"@type\":\"EntryPoint\",\"urlTemplate\":\"https:\/\/www.masmialou.com\/de\/?s={search_term_string}\"},\"query-input\":\"required name=search_term_string\"}],\"inLanguage\":\"de\"},{\"@type\":\"Organization\",\"@id\":\"https:\/\/www.masmialou.com\/de\/#organization\",\"name\":\"Mas Mialou\",\"url\":\"https:\/\/www.masmialou.com\/de\/\",\"logo\":{\"@type\":\"ImageObject\",\"inLanguage\":\"de\",\"@id\":\"https:\/\/www.masmialou.com\/de\/#\/schema\/logo\/image\/\",\"url\":\"https:\/\/www.masmialou.com\/wp-content\/uploads\/2021\/03\/Logo-Mas-Mialou-2019-1.png\",\"contentUrl\":\"https:\/\/www.masmialou.com\/wp-content\/uploads\/2021\/03\/Logo-Mas-Mialou-2019-1.png\",\"width\":800,\"height\":323,\"caption\":\"Mas Mialou\"},\"image\":{\"@id\":\"https:\/\/www.masmialou.com\/de\/#\/schema\/logo\/image\/\"},\"sameAs\":[\"https:\/\/www.facebook.com\/masmialou\/\",\"https:\/\/twitter.com\/masmialou\",\"https:\/\/www.instagram.com\/masmialou\/\",\"https:\/\/www.linkedin.com\/company\/mas-mialou\/about\/\",\"https:\/\/nl.pinterest.com\/masmialou\/\"]}]}<\/script>\n<!-- \/ Yoast SEO plugin. -->","yoast_head_json":{"title":"Wohnungen | Mas Mialou","robots":{"index":"index","follow":"follow","max-snippet":"max-snippet:-1","max-image-preview":"max-image-preview:large","max-video-preview":"max-video-preview:-1"},"canonical":"https:\/\/www.masmialou.com\/de\/appartementen","og_locale":"de_DE","og_type":"article","og_title":"Wohnungen | Mas Mialou","og_description":"L&#8217;Atelier l&#8217;Atelier ist das Juwel von Mas Mialou. Authentisch und modern. Naturgetreu und bequem. Die Unterkunft ist als Loft eingerichtet. Mit einem gem\u00fctlichen Schlafbereich, einem modernen Badezimmer und einer Retro-K\u00fcche....","og_url":"https:\/\/www.masmialou.com\/de\/appartementen","og_site_name":"Mas Mialou","article_publisher":"https:\/\/www.facebook.com\/masmialou\/","article_modified_time":"2025-01-25T17:23:07+00:00","twitter_card":"summary_large_image","twitter_site":"@masmialou","twitter_misc":{"Gesch\u00e4tzte Lesezeit":"1\u00a0Minute"},"schema":{"@context":"https:\/\/schema.org","@graph":[{"@type":"WebPage","@id":"https:\/\/www.masmialou.com\/de\/appartementen","url":"https:\/\/www.masmialou.com\/de\/appartementen","name":"Wohnungen | Mas Mialou","isPartOf":{"@id":"https:\/\/www.masmialou.com\/de\/#website"},"datePublished":"2020-01-26T22:22:13+00:00","dateModified":"2025-01-25T17:23:07+00:00","breadcrumb":{"@id":"https:\/\/www.masmialou.com\/de\/appartementen#breadcrumb"},"inLanguage":"de","potentialAction":[{"@type":"ReadAction","target":["https:\/\/www.masmialou.com\/de\/appartementen"]}]},{"@type":"BreadcrumbList","@id":"https:\/\/www.masmialou.com\/de\/appartementen#breadcrumb","itemListElement":[{"@type":"ListItem","position":1,"name":"Home","item":"https:\/\/www.masmialou.com\/de"},{"@type":"ListItem","position":2,"name":"Wohnungen"}]},{"@type":"WebSite","@id":"https:\/\/www.masmialou.com\/de\/#website","url":"https:\/\/www.masmialou.com\/de\/","name":"Mas Mialou","description":"G\u00eetes \/ Appartements","publisher":{"@id":"https:\/\/www.masmialou.com\/de\/#organization"},"potentialAction":[{"@type":"SearchAction","target":{"@type":"EntryPoint","urlTemplate":"https:\/\/www.masmialou.com\/de\/?s={search_term_string}"},"query-input":"required name=search_term_string"}],"inLanguage":"de"},{"@type":"Organization","@id":"https:\/\/www.masmialou.com\/de\/#organization","name":"Mas Mialou","url":"https:\/\/www.masmialou.com\/de\/","logo":{"@type":"ImageObject","inLanguage":"de","@id":"https:\/\/www.masmialou.com\/de\/#\/schema\/logo\/image\/","url":"https:\/\/www.masmialou.com\/wp-content\/uploads\/2021\/03\/Logo-Mas-Mialou-2019-1.png","contentUrl":"https:\/\/www.masmialou.com\/wp-content\/uploads\/2021\/03\/Logo-Mas-Mialou-2019-1.png","width":800,"height":323,"caption":"Mas Mialou"},"image":{"@id":"https:\/\/www.masmialou.com\/de\/#\/schema\/logo\/image\/"},"sameAs":["https:\/\/www.facebook.com\/masmialou\/","https:\/\/twitter.com\/masmialou","https:\/\/www.instagram.com\/masmialou\/","https:\/\/www.linkedin.com\/company\/mas-mialou\/about\/","https:\/\/nl.pinterest.com\/masmialou\/"]}]}},"_links":{"self":[{"href":"https:\/\/www.masmialou.com\/de\/wp-json\/wp\/v2\/pages\/25342"}],"collection":[{"href":"https:\/\/www.masmialou.com\/de\/wp-json\/wp\/v2\/pages"}],"about":[{"href":"https:\/\/www.masmialou.com\/de\/wp-json\/wp\/v2\/types\/page"}],"author":[{"embeddable":true,"href":"https:\/\/www.masmialou.com\/de\/wp-json\/wp\/v2\/users\/2"}],"replies":[{"embeddable":true,"href":"https:\/\/www.masmialou.com\/de\/wp-json\/wp\/v2\/comments?post=25342"}],"version-history":[{"count":7,"href":"https:\/\/www.masmialou.com\/de\/wp-json\/wp\/v2\/pages\/25342\/revisions"}],"predecessor-version":[{"id":28471,"href":"https:\/\/www.masmialou.com\/de\/wp-json\/wp\/v2\/pages\/25342\/revisions\/28471"}],"wp:attachment":[{"href":"https:\/\/www.masmialou.com\/de\/wp-json\/wp\/v2\/media?parent=25342"}],"curies":[{"name":"wp","href":"https:\/\/api.w.org\/{rel}","templated":true}]}}