{"id":25398,"date":"2016-05-25T16:51:21","date_gmt":"2016-05-25T15:51:21","guid":{"rendered":"https:\/\/www.masmialou.com\/lappartement"},"modified":"2026-05-04T22:10:34","modified_gmt":"2026-05-04T21:10:34","slug":"lappartement","status":"publish","type":"page","link":"https:\/\/www.masmialou.com\/de\/lappartement","title":{"rendered":"L&#8217;Appartement &#8211; DE"},"content":{"rendered":"<div class=\"vgblk-rw-wrapper limit-wrapper\">\n<h2>\n\tL&#8217;Appartement\n\t<\/h2>\n\t<h5>Gem\u00fctlich und komfortabel, ger\u00e4umig und hell, das ist die Wohnung!<br \/>\nDie beiden Schlafzimmer, das Bad und die K\u00fcche des Ferienhauses wurden k\u00fcrzlich komplett renoviert und modernisiert. <\/h5>\n<h3>\n\tDie Schlafzimmer\n\t<\/h3>\n\tDen Schlafzimmern von l&#8217;Appartement haben wir viel Aufmerksamkeit geschenkt. Sie sind geschmackvoll eingerichtet, ger\u00e4umig und hell. Im blauen Raum befindet sich das gr\u00f6\u00dfte Bett in ganz Mas Mialou.<br \/>\nDie Betten werden bei der Ankunft gemacht. Es ist m\u00f6glich, ein Kinderbett hinzuzuf\u00fcgen.\n\t<strong>Blaues Zimmer<br \/>\n<\/strong>&#8211; Kommode mit Schubladen und Spiegel<br \/>\n&#8211; Kleiderst\u00e4nder<br \/>\n&#8211; 1 gro\u00dfes Bett mit Topper oder 2 Einzelbetten\n\t<strong>Gelbes Zimmer<\/strong><br \/>\n&#8211; Kommode mit Schubladen und Spiegel<br \/>\n&#8211; 1 gro\u00dfes Bett mit Topper oder 2 Einzelbetten<br \/>\n\n<h3>\n\tDie K\u00fcche\n\t<\/h3>\n\tDie K\u00fcche wurde k\u00fcrzlich komplett renoviert. Wir haben versucht, sie so vollst\u00e4ndig wie m\u00f6glich einzurichten, damit Du wie gewohnt zu Hause kochen kannst.<br \/>\nBei der Ankunft stehen immer einige Grundversorgungen zur Verf\u00fcgung (Kaffee, Tee, Zucker, Kaffeefilter, Nudeln, Reis, Waschmittel, Seife, Geschirrsp\u00fclw\u00fcrfel).<br \/>\n\n&#8211; Geschirrsp\u00fcler<br \/>\n&#8211; Mikrowelle<br \/>\n&#8211; Backofen<br \/>\n&#8211; K\u00fchlschrank<br \/>\n&#8211; Kaffeemaschinen (Filter und Nespresso)<br \/>\n&#8211; Toaster<br \/>\n&#8211; K\u00fcchenw\u00e4sche<br \/>\n&#8211; Bluetooth-Lautsprecher\n<h3>\n\tDas Badezimmer\n\t<\/h3>\n\t<p>Das Badezimmer ist funktionell. F\u00fcr jeden Gast gibt es einen Satz Frotteet\u00fccher (1 gro\u00dfes, 1 kleines und 1 Waschlappen). Ein Haartrockner ist ebenfalls vorhanden. Bei der Ankunft erh\u00e4ltst Du Shampoo, Duschgel, Seife und Toilettenpapier.<\/p>\n\t<a href=\"https:\/\/www.masmialou.com\/de\/preise\" target=\"_self\" role=\"button\" rel=\"noopener\">\n\t\t\t\t\tKlicke hier f\u00fcr Preise\n\t<\/a>\n\n<\/div><!-- .vgblk-rw-wrapper -->","protected":false},"excerpt":{"rendered":"<p>L&#8217;Appartement Gem\u00fctlich und komfortabel, ger\u00e4umig und hell, das ist die Wohnung! Die beiden Schlafzimmer, das Bad und die K\u00fcche des Ferienhauses wurden k\u00fcrzlich komplett renoviert und modernisiert. Die Schlafzimmer Den&#8230;<\/p>\n","protected":false},"author":2,"featured_media":0,"parent":0,"menu_order":5,"comment_status":"closed","ping_status":"closed","template":"","meta":{"om_disable_all_campaigns":false,"_monsterinsights_skip_tracking":false,"_monsterinsights_sitenote_active":false,"_monsterinsights_sitenote_note":"","_monsterinsights_sitenote_category":0},"yoast_head":"<!-- This site is optimized with the Yoast SEO plugin v21.1 - https:\/\/yoast.com\/wordpress\/plugins\/seo\/ -->\n<title>L&#039;Appartement - DE | Mas Mialou<\/title>\n<meta name=\"robots\" content=\"index, follow, max-snippet:-1, max-image-preview:large, max-video-preview:-1\" \/>\n<link rel=\"canonical\" href=\"https:\/\/www.masmialou.com\/de\/lappartement\" \/>\n<meta property=\"og:locale\" content=\"de_DE\" \/>\n<meta property=\"og:type\" content=\"article\" \/>\n<meta property=\"og:title\" content=\"L&#039;Appartement - DE | Mas Mialou\" \/>\n<meta property=\"og:description\" content=\"L&#8217;Appartement Gem\u00fctlich und komfortabel, ger\u00e4umig und hell, das ist die Wohnung! Die beiden Schlafzimmer, das Bad und die K\u00fcche des Ferienhauses wurden k\u00fcrzlich komplett renoviert und modernisiert. Die Schlafzimmer Den...\" \/>\n<meta property=\"og:url\" content=\"https:\/\/www.masmialou.com\/de\/lappartement\" \/>\n<meta property=\"og:site_name\" content=\"Mas Mialou\" \/>\n<meta property=\"article:publisher\" content=\"https:\/\/www.facebook.com\/masmialou\/\" \/>\n<meta property=\"article:modified_time\" content=\"2026-05-04T21:10:34+00:00\" \/>\n<meta name=\"twitter:card\" content=\"summary_large_image\" \/>\n<meta name=\"twitter:site\" content=\"@masmialou\" \/>\n<meta name=\"twitter:label1\" content=\"Gesch\u00e4tzte Lesezeit\" \/>\n\t<meta name=\"twitter:data1\" content=\"1\u00a0Minute\" \/>\n<script type=\"application\/ld+json\" class=\"yoast-schema-graph\">{\"@context\":\"https:\/\/schema.org\",\"@graph\":[{\"@type\":\"WebPage\",\"@id\":\"https:\/\/www.masmialou.com\/de\/lappartement\",\"url\":\"https:\/\/www.masmialou.com\/de\/lappartement\",\"name\":\"L'Appartement - DE | Mas Mialou\",\"isPartOf\":{\"@id\":\"https:\/\/www.masmialou.com\/de\/#website\"},\"datePublished\":\"2016-05-25T15:51:21+00:00\",\"dateModified\":\"2026-05-04T21:10:34+00:00\",\"breadcrumb\":{\"@id\":\"https:\/\/www.masmialou.com\/de\/lappartement#breadcrumb\"},\"inLanguage\":\"de\",\"potentialAction\":[{\"@type\":\"ReadAction\",\"target\":[\"https:\/\/www.masmialou.com\/de\/lappartement\"]}]},{\"@type\":\"BreadcrumbList\",\"@id\":\"https:\/\/www.masmialou.com\/de\/lappartement#breadcrumb\",\"itemListElement\":[{\"@type\":\"ListItem\",\"position\":1,\"name\":\"Home\",\"item\":\"https:\/\/www.masmialou.com\/de\"},{\"@type\":\"ListItem\",\"position\":2,\"name\":\"L&#8217;Appartement &#8211; DE\"}]},{\"@type\":\"WebSite\",\"@id\":\"https:\/\/www.masmialou.com\/de\/#website\",\"url\":\"https:\/\/www.masmialou.com\/de\/\",\"name\":\"Mas Mialou\",\"description\":\"G\u00eetes \/ Appartements\",\"publisher\":{\"@id\":\"https:\/\/www.masmialou.com\/de\/#organization\"},\"potentialAction\":[{\"@type\":\"SearchAction\",\"target\":{\"@type\":\"EntryPoint\",\"urlTemplate\":\"https:\/\/www.masmialou.com\/de\/?s={search_term_string}\"},\"query-input\":\"required name=search_term_string\"}],\"inLanguage\":\"de\"},{\"@type\":\"Organization\",\"@id\":\"https:\/\/www.masmialou.com\/de\/#organization\",\"name\":\"Mas Mialou\",\"url\":\"https:\/\/www.masmialou.com\/de\/\",\"logo\":{\"@type\":\"ImageObject\",\"inLanguage\":\"de\",\"@id\":\"https:\/\/www.masmialou.com\/de\/#\/schema\/logo\/image\/\",\"url\":\"https:\/\/www.masmialou.com\/wp-content\/uploads\/2021\/03\/Logo-Mas-Mialou-2019-1.png\",\"contentUrl\":\"https:\/\/www.masmialou.com\/wp-content\/uploads\/2021\/03\/Logo-Mas-Mialou-2019-1.png\",\"width\":800,\"height\":323,\"caption\":\"Mas Mialou\"},\"image\":{\"@id\":\"https:\/\/www.masmialou.com\/de\/#\/schema\/logo\/image\/\"},\"sameAs\":[\"https:\/\/www.facebook.com\/masmialou\/\",\"https:\/\/twitter.com\/masmialou\",\"https:\/\/www.instagram.com\/masmialou\/\",\"https:\/\/www.linkedin.com\/company\/mas-mialou\/about\/\",\"https:\/\/nl.pinterest.com\/masmialou\/\"]}]}<\/script>\n<!-- \/ Yoast SEO plugin. -->","yoast_head_json":{"title":"L'Appartement - DE | Mas Mialou","robots":{"index":"index","follow":"follow","max-snippet":"max-snippet:-1","max-image-preview":"max-image-preview:large","max-video-preview":"max-video-preview:-1"},"canonical":"https:\/\/www.masmialou.com\/de\/lappartement","og_locale":"de_DE","og_type":"article","og_title":"L'Appartement - DE | Mas Mialou","og_description":"L&#8217;Appartement Gem\u00fctlich und komfortabel, ger\u00e4umig und hell, das ist die Wohnung! Die beiden Schlafzimmer, das Bad und die K\u00fcche des Ferienhauses wurden k\u00fcrzlich komplett renoviert und modernisiert. Die Schlafzimmer Den...","og_url":"https:\/\/www.masmialou.com\/de\/lappartement","og_site_name":"Mas Mialou","article_publisher":"https:\/\/www.facebook.com\/masmialou\/","article_modified_time":"2026-05-04T21:10:34+00:00","twitter_card":"summary_large_image","twitter_site":"@masmialou","twitter_misc":{"Gesch\u00e4tzte Lesezeit":"1\u00a0Minute"},"schema":{"@context":"https:\/\/schema.org","@graph":[{"@type":"WebPage","@id":"https:\/\/www.masmialou.com\/de\/lappartement","url":"https:\/\/www.masmialou.com\/de\/lappartement","name":"L'Appartement - DE | Mas Mialou","isPartOf":{"@id":"https:\/\/www.masmialou.com\/de\/#website"},"datePublished":"2016-05-25T15:51:21+00:00","dateModified":"2026-05-04T21:10:34+00:00","breadcrumb":{"@id":"https:\/\/www.masmialou.com\/de\/lappartement#breadcrumb"},"inLanguage":"de","potentialAction":[{"@type":"ReadAction","target":["https:\/\/www.masmialou.com\/de\/lappartement"]}]},{"@type":"BreadcrumbList","@id":"https:\/\/www.masmialou.com\/de\/lappartement#breadcrumb","itemListElement":[{"@type":"ListItem","position":1,"name":"Home","item":"https:\/\/www.masmialou.com\/de"},{"@type":"ListItem","position":2,"name":"L&#8217;Appartement &#8211; DE"}]},{"@type":"WebSite","@id":"https:\/\/www.masmialou.com\/de\/#website","url":"https:\/\/www.masmialou.com\/de\/","name":"Mas Mialou","description":"G\u00eetes \/ Appartements","publisher":{"@id":"https:\/\/www.masmialou.com\/de\/#organization"},"potentialAction":[{"@type":"SearchAction","target":{"@type":"EntryPoint","urlTemplate":"https:\/\/www.masmialou.com\/de\/?s={search_term_string}"},"query-input":"required name=search_term_string"}],"inLanguage":"de"},{"@type":"Organization","@id":"https:\/\/www.masmialou.com\/de\/#organization","name":"Mas Mialou","url":"https:\/\/www.masmialou.com\/de\/","logo":{"@type":"ImageObject","inLanguage":"de","@id":"https:\/\/www.masmialou.com\/de\/#\/schema\/logo\/image\/","url":"https:\/\/www.masmialou.com\/wp-content\/uploads\/2021\/03\/Logo-Mas-Mialou-2019-1.png","contentUrl":"https:\/\/www.masmialou.com\/wp-content\/uploads\/2021\/03\/Logo-Mas-Mialou-2019-1.png","width":800,"height":323,"caption":"Mas Mialou"},"image":{"@id":"https:\/\/www.masmialou.com\/de\/#\/schema\/logo\/image\/"},"sameAs":["https:\/\/www.facebook.com\/masmialou\/","https:\/\/twitter.com\/masmialou","https:\/\/www.instagram.com\/masmialou\/","https:\/\/www.linkedin.com\/company\/mas-mialou\/about\/","https:\/\/nl.pinterest.com\/masmialou\/"]}]}},"_links":{"self":[{"href":"https:\/\/www.masmialou.com\/de\/wp-json\/wp\/v2\/pages\/25398"}],"collection":[{"href":"https:\/\/www.masmialou.com\/de\/wp-json\/wp\/v2\/pages"}],"about":[{"href":"https:\/\/www.masmialou.com\/de\/wp-json\/wp\/v2\/types\/page"}],"author":[{"embeddable":true,"href":"https:\/\/www.masmialou.com\/de\/wp-json\/wp\/v2\/users\/2"}],"replies":[{"embeddable":true,"href":"https:\/\/www.masmialou.com\/de\/wp-json\/wp\/v2\/comments?post=25398"}],"version-history":[{"count":6,"href":"https:\/\/www.masmialou.com\/de\/wp-json\/wp\/v2\/pages\/25398\/revisions"}],"predecessor-version":[{"id":28789,"href":"https:\/\/www.masmialou.com\/de\/wp-json\/wp\/v2\/pages\/25398\/revisions\/28789"}],"wp:attachment":[{"href":"https:\/\/www.masmialou.com\/de\/wp-json\/wp\/v2\/media?parent=25398"}],"curies":[{"name":"wp","href":"https:\/\/api.w.org\/{rel}","templated":true}]}}