{"id":25425,"date":"2016-05-28T20:34:20","date_gmt":"2016-05-28T19:34:20","guid":{"rendered":"https:\/\/www.masmialou.com\/faciliteiten"},"modified":"2023-11-29T11:07:18","modified_gmt":"2023-11-29T10:07:18","slug":"einrichtungen-und-anlagen","status":"publish","type":"page","link":"https:\/\/www.masmialou.com\/de\/einrichtungen-und-anlagen","title":{"rendered":"Einrichtungen und anlagen"},"content":{"rendered":"<div class=\"vgblk-rw-wrapper limit-wrapper\">\n<h2>\n\tSchwimmen\n\t<\/h2>\n\t<p>Ein sch\u00f6ner, gro\u00dfer Pool mit azurblauem Wasser. Das war unser Traum, und dieser Traum ist jetzt verwirklicht! Seit dem Sommer 2023 k\u00f6nnen die G\u00e4ste von Mas Mialou in unserem eigenen echten Salzwasserpool schwimmen und springen!<\/p>\n<p>Es gibt auch ein gro\u00dfes st\u00e4dtisches Schwimmbad. Du findest es nur 2 Minuten zu Fu\u00df entfernt. F\u00fcr etwa 2 Euro kannst du dort den ganzen Tag in drei Becken verbringen.<\/p>\n<p>Nat\u00fcrlich kann man auch in den nahegelegenen Fl\u00fcssen mit kristallklarem Wasser schwimmen. Und das Meer bei Montpellier mit seinen sch\u00f6nen Sandstr\u00e4nden ist nur 1 Stunde und 15 Minuten Autofahrt entfernt.<\/p>\n\t\t\t\t\t\t\t<img decoding=\"async\" loading=\"lazy\" src=\"https:\/\/www.masmialou.com\/wp-content\/uploads\/2020\/05\/trampoline5-scaled.jpg\" alt=\"trampoline5\" itemprop=\"image\" height=\"1696\" width=\"2560\" title=\"trampoline5\" onerror=\"this.style.display='none'\"  sizes=\"(max-width: 760px) 100vw, 100vw\" srcset=\"https:\/\/www.masmialou.com\/wp-content\/uploads\/2020\/05\/trampoline5-scaled.jpg 2560w, https:\/\/www.masmialou.com\/wp-content\/uploads\/2020\/05\/trampoline5-300x199.jpg 300w, https:\/\/www.masmialou.com\/wp-content\/uploads\/2020\/05\/trampoline5-1024x678.jpg 1024w, https:\/\/www.masmialou.com\/wp-content\/uploads\/2020\/05\/trampoline5-768x509.jpg 768w, https:\/\/www.masmialou.com\/wp-content\/uploads\/2020\/05\/trampoline5-1536x1017.jpg 1536w, https:\/\/www.masmialou.com\/wp-content\/uploads\/2020\/05\/trampoline5-2048x1356.jpg 2048w, https:\/\/www.masmialou.com\/wp-content\/uploads\/2020\/05\/trampoline5-1260x835.jpg 1260w, https:\/\/www.masmialou.com\/wp-content\/uploads\/2020\/05\/trampoline5-630x417.jpg 630w, https:\/\/www.masmialou.com\/wp-content\/uploads\/2020\/05\/trampoline5-420x278.jpg 420w, https:\/\/www.masmialou.com\/wp-content\/uploads\/2020\/05\/trampoline5-840x556.jpg 840w, https:\/\/www.masmialou.com\/wp-content\/uploads\/2020\/05\/trampoline5-315x209.jpg 315w\" \/>\t\t\t\t\t\t\t\n\t\t\t\t\t\t\t<img decoding=\"async\" loading=\"lazy\" src=\"https:\/\/www.masmialou.com\/wp-content\/uploads\/2020\/05\/Faciliteiten-Speelkamer-2.jpg\" alt=\"Speelkamer\" itemprop=\"image\" height=\"1080\" width=\"1631\" title=\"Faciliteiten Speelkamer 2\" onerror=\"this.style.display='none'\"  sizes=\"(max-width: 760px) 100vw, 100vw\" srcset=\"https:\/\/www.masmialou.com\/wp-content\/uploads\/2020\/05\/Faciliteiten-Speelkamer-2.jpg 1631w, https:\/\/www.masmialou.com\/wp-content\/uploads\/2020\/05\/Faciliteiten-Speelkamer-2-300x199.jpg 300w, https:\/\/www.masmialou.com\/wp-content\/uploads\/2020\/05\/Faciliteiten-Speelkamer-2-1024x678.jpg 1024w, https:\/\/www.masmialou.com\/wp-content\/uploads\/2020\/05\/Faciliteiten-Speelkamer-2-768x509.jpg 768w, https:\/\/www.masmialou.com\/wp-content\/uploads\/2020\/05\/Faciliteiten-Speelkamer-2-1536x1017.jpg 1536w, https:\/\/www.masmialou.com\/wp-content\/uploads\/2020\/05\/Faciliteiten-Speelkamer-2-1260x834.jpg 1260w, https:\/\/www.masmialou.com\/wp-content\/uploads\/2020\/05\/Faciliteiten-Speelkamer-2-630x417.jpg 630w, https:\/\/www.masmialou.com\/wp-content\/uploads\/2020\/05\/Faciliteiten-Speelkamer-2-420x278.jpg 420w, https:\/\/www.masmialou.com\/wp-content\/uploads\/2020\/05\/Faciliteiten-Speelkamer-2-840x556.jpg 840w, https:\/\/www.masmialou.com\/wp-content\/uploads\/2020\/05\/Faciliteiten-Speelkamer-2-315x209.jpg 315w\" \/>\t\t\t\t\t\t\t\n<h2>\n\tSport und Spiel\n\t<\/h2>\n\t<p>Die alte Magnanerie (der Dachboden, auf dem Seidenraupen gez\u00fcchtet wurden) wurde in ein gro\u00dfes Spielzimmer f\u00fcr Jung und Alt verwandelt. Es hat ein Tischtennistisch und einen Billardtisch. Es gibt auch B\u00fccher und Zeitschriften, Puzzles, Brettspiele und einige Spielsachen f\u00fcr die Kleinen.<\/p>\n<p>Im Garten gibt es ein gro\u00dfes Trampolin und ein Spielhaus mit Schaukel und Rutsche. Ein Petanque-Bahn ist geplant, befindet sich aber momentan nur im Dorf.<\/p>\n<p>200-300 m von Mas Mialou entfernt gibt es auch einen Spielplatz, ein Fu\u00dfballfeld und drei st\u00e4dtische Tennispl\u00e4tze.<\/p>\n\t&#8211; Brettspiele<br \/>\n&#8211; Pooltisch<br \/>\n&#8211; Tischfu\u00dfball<br \/>\n&#8211; Tischtennistisch<br \/>\n&#8211; Darts<br \/>\n&#8211; Shuffleboard\n\t&#8211; Trampolin<br \/>\n&#8211; Schaukel<br \/>\n&#8211; Spielhaus<br \/>\n&#8211; Rutsche<br \/>\n&#8211; Fu\u00dfballplatz (200 m entfernt)<br \/>\n&#8211; Tennisplatz (200 m entfernt)<br \/>\n&#8211; \u00d6ffentlicher Spielplatz (300 m entfernt)\n<h2>\n\tKinder &amp; Babys\n\t<\/h2>\n\t<p>Wir haben Mas Mialou so kinderfreundlich wie m\u00f6glich gestaltet. F\u00fcr Kinder und Babys ist alles vorhanden, was ben\u00f6tigt wird:<\/p>\n&#8211; Babybett<br \/>\n&#8211; Kleinkinderbett<br \/>\n&#8211; Hochstuhl<br \/>\n&#8211; Spielzeug f\u00fcr alle Altersgruppen\n<h2>\n\tAndere Einrichtungen\n\t<\/h2>\n\t<p>In einem Keller des Geb\u00e4udes wurde ein gemeinsamer Waschraum eingerichtet. Eine Waschmaschine und ein Trockner sind gegen Geb\u00fchr verf\u00fcgbar. Es gibt auch ein B\u00fcgelbrett mit B\u00fcgeleisen.<\/p>\n<p>Das Spielzimmer hat auch einen gro\u00dfen K\u00fchl- und Gefrierschrank. Du kannst dies kostenlos nutzen, um beispielsweise K\u00fchlboxelemente einzufrieren und einige zus\u00e4tzliche Getr\u00e4nke zu k\u00fchlen.<\/p>\n<p>In allen Appartements von Mas Mialou gibt es WiFi, das Sie kostenlos nutzen k\u00f6nnen.<\/p>\n<p>Haustiere in Absprache.<\/p>\n\n<\/div><!-- .vgblk-rw-wrapper -->","protected":false},"excerpt":{"rendered":"<p>Schwimmen Ein sch\u00f6ner, gro\u00dfer Pool mit azurblauem Wasser. Das war unser Traum, und dieser Traum ist jetzt verwirklicht! Seit dem Sommer 2023 k\u00f6nnen die G\u00e4ste von Mas Mialou in unserem&#8230;<\/p>\n","protected":false},"author":2,"featured_media":25426,"parent":0,"menu_order":7,"comment_status":"closed","ping_status":"closed","template":"","meta":{"om_disable_all_campaigns":false,"_monsterinsights_skip_tracking":false,"_monsterinsights_sitenote_active":false,"_monsterinsights_sitenote_note":"","_monsterinsights_sitenote_category":0},"aioseo_notices":[],"yoast_head":"<!-- This site is optimized with the Yoast SEO plugin v21.1 - https:\/\/yoast.com\/wordpress\/plugins\/seo\/ -->\n<title>Einrichtungen und anlagen | Mas Mialou<\/title>\n<meta name=\"robots\" content=\"index, follow, max-snippet:-1, max-image-preview:large, max-video-preview:-1\" \/>\n<link rel=\"canonical\" href=\"https:\/\/www.masmialou.com\/de\/einrichtungen-und-anlagen\" \/>\n<meta property=\"og:locale\" content=\"de_DE\" \/>\n<meta property=\"og:type\" content=\"article\" \/>\n<meta property=\"og:title\" content=\"Einrichtungen und anlagen | Mas Mialou\" \/>\n<meta property=\"og:description\" content=\"Schwimmen Ein sch\u00f6ner, gro\u00dfer Pool mit azurblauem Wasser. Das war unser Traum, und dieser Traum ist jetzt verwirklicht! Seit dem Sommer 2023 k\u00f6nnen die G\u00e4ste von Mas Mialou in unserem...\" \/>\n<meta property=\"og:url\" content=\"https:\/\/www.masmialou.com\/de\/einrichtungen-und-anlagen\" \/>\n<meta property=\"og:site_name\" content=\"Mas Mialou\" \/>\n<meta property=\"article:publisher\" content=\"https:\/\/www.facebook.com\/masmialou\/\" \/>\n<meta property=\"article:modified_time\" content=\"2023-11-29T10:07:18+00:00\" \/>\n<meta property=\"og:image\" content=\"https:\/\/www.masmialou.com\/wp-content\/uploads\/2018\/03\/Uitzicht-tuin-vanaf-balkon-1.jpg\" \/>\n\t<meta property=\"og:image:width\" content=\"1600\" \/>\n\t<meta property=\"og:image:height\" content=\"300\" \/>\n\t<meta property=\"og:image:type\" content=\"image\/jpeg\" \/>\n<meta name=\"twitter:card\" content=\"summary_large_image\" \/>\n<meta name=\"twitter:site\" content=\"@masmialou\" \/>\n<meta name=\"twitter:label1\" content=\"Gesch\u00e4tzte Lesezeit\" \/>\n\t<meta name=\"twitter:data1\" content=\"2\u00a0Minuten\" \/>\n<script type=\"application\/ld+json\" class=\"yoast-schema-graph\">{\"@context\":\"https:\/\/schema.org\",\"@graph\":[{\"@type\":\"WebPage\",\"@id\":\"https:\/\/www.masmialou.com\/de\/einrichtungen-und-anlagen\",\"url\":\"https:\/\/www.masmialou.com\/de\/einrichtungen-und-anlagen\",\"name\":\"Einrichtungen und anlagen | Mas Mialou\",\"isPartOf\":{\"@id\":\"https:\/\/www.masmialou.com\/de\/#website\"},\"datePublished\":\"2016-05-28T19:34:20+00:00\",\"dateModified\":\"2023-11-29T10:07:18+00:00\",\"breadcrumb\":{\"@id\":\"https:\/\/www.masmialou.com\/de\/einrichtungen-und-anlagen#breadcrumb\"},\"inLanguage\":\"de\",\"potentialAction\":[{\"@type\":\"ReadAction\",\"target\":[\"https:\/\/www.masmialou.com\/de\/einrichtungen-und-anlagen\"]}]},{\"@type\":\"BreadcrumbList\",\"@id\":\"https:\/\/www.masmialou.com\/de\/einrichtungen-und-anlagen#breadcrumb\",\"itemListElement\":[{\"@type\":\"ListItem\",\"position\":1,\"name\":\"Home\",\"item\":\"https:\/\/www.masmialou.com\/de\"},{\"@type\":\"ListItem\",\"position\":2,\"name\":\"Einrichtungen und anlagen\"}]},{\"@type\":\"WebSite\",\"@id\":\"https:\/\/www.masmialou.com\/de\/#website\",\"url\":\"https:\/\/www.masmialou.com\/de\/\",\"name\":\"Mas Mialou\",\"description\":\"G\u00eetes \/ Appartements\",\"publisher\":{\"@id\":\"https:\/\/www.masmialou.com\/de\/#organization\"},\"potentialAction\":[{\"@type\":\"SearchAction\",\"target\":{\"@type\":\"EntryPoint\",\"urlTemplate\":\"https:\/\/www.masmialou.com\/de\/?s={search_term_string}\"},\"query-input\":\"required name=search_term_string\"}],\"inLanguage\":\"de\"},{\"@type\":\"Organization\",\"@id\":\"https:\/\/www.masmialou.com\/de\/#organization\",\"name\":\"Mas Mialou\",\"url\":\"https:\/\/www.masmialou.com\/de\/\",\"logo\":{\"@type\":\"ImageObject\",\"inLanguage\":\"de\",\"@id\":\"https:\/\/www.masmialou.com\/de\/#\/schema\/logo\/image\/\",\"url\":\"https:\/\/www.masmialou.com\/wp-content\/uploads\/2021\/03\/Logo-Mas-Mialou-2019-1.png\",\"contentUrl\":\"https:\/\/www.masmialou.com\/wp-content\/uploads\/2021\/03\/Logo-Mas-Mialou-2019-1.png\",\"width\":800,\"height\":323,\"caption\":\"Mas Mialou\"},\"image\":{\"@id\":\"https:\/\/www.masmialou.com\/de\/#\/schema\/logo\/image\/\"},\"sameAs\":[\"https:\/\/www.facebook.com\/masmialou\/\",\"https:\/\/twitter.com\/masmialou\",\"https:\/\/www.instagram.com\/masmialou\/\",\"https:\/\/www.linkedin.com\/company\/mas-mialou\/about\/\",\"https:\/\/nl.pinterest.com\/masmialou\/\"]}]}<\/script>\n<!-- \/ Yoast SEO plugin. -->","yoast_head_json":{"title":"Einrichtungen und anlagen | Mas Mialou","robots":{"index":"index","follow":"follow","max-snippet":"max-snippet:-1","max-image-preview":"max-image-preview:large","max-video-preview":"max-video-preview:-1"},"canonical":"https:\/\/www.masmialou.com\/de\/einrichtungen-und-anlagen","og_locale":"de_DE","og_type":"article","og_title":"Einrichtungen und anlagen | Mas Mialou","og_description":"Schwimmen Ein sch\u00f6ner, gro\u00dfer Pool mit azurblauem Wasser. Das war unser Traum, und dieser Traum ist jetzt verwirklicht! Seit dem Sommer 2023 k\u00f6nnen die G\u00e4ste von Mas Mialou in unserem...","og_url":"https:\/\/www.masmialou.com\/de\/einrichtungen-und-anlagen","og_site_name":"Mas Mialou","article_publisher":"https:\/\/www.facebook.com\/masmialou\/","article_modified_time":"2023-11-29T10:07:18+00:00","og_image":[{"width":1600,"height":300,"url":"https:\/\/www.masmialou.com\/wp-content\/uploads\/2018\/03\/Uitzicht-tuin-vanaf-balkon-1.jpg","type":"image\/jpeg"}],"twitter_card":"summary_large_image","twitter_site":"@masmialou","twitter_misc":{"Gesch\u00e4tzte Lesezeit":"2\u00a0Minuten"},"schema":{"@context":"https:\/\/schema.org","@graph":[{"@type":"WebPage","@id":"https:\/\/www.masmialou.com\/de\/einrichtungen-und-anlagen","url":"https:\/\/www.masmialou.com\/de\/einrichtungen-und-anlagen","name":"Einrichtungen und anlagen | Mas Mialou","isPartOf":{"@id":"https:\/\/www.masmialou.com\/de\/#website"},"datePublished":"2016-05-28T19:34:20+00:00","dateModified":"2023-11-29T10:07:18+00:00","breadcrumb":{"@id":"https:\/\/www.masmialou.com\/de\/einrichtungen-und-anlagen#breadcrumb"},"inLanguage":"de","potentialAction":[{"@type":"ReadAction","target":["https:\/\/www.masmialou.com\/de\/einrichtungen-und-anlagen"]}]},{"@type":"BreadcrumbList","@id":"https:\/\/www.masmialou.com\/de\/einrichtungen-und-anlagen#breadcrumb","itemListElement":[{"@type":"ListItem","position":1,"name":"Home","item":"https:\/\/www.masmialou.com\/de"},{"@type":"ListItem","position":2,"name":"Einrichtungen und anlagen"}]},{"@type":"WebSite","@id":"https:\/\/www.masmialou.com\/de\/#website","url":"https:\/\/www.masmialou.com\/de\/","name":"Mas Mialou","description":"G\u00eetes \/ Appartements","publisher":{"@id":"https:\/\/www.masmialou.com\/de\/#organization"},"potentialAction":[{"@type":"SearchAction","target":{"@type":"EntryPoint","urlTemplate":"https:\/\/www.masmialou.com\/de\/?s={search_term_string}"},"query-input":"required name=search_term_string"}],"inLanguage":"de"},{"@type":"Organization","@id":"https:\/\/www.masmialou.com\/de\/#organization","name":"Mas Mialou","url":"https:\/\/www.masmialou.com\/de\/","logo":{"@type":"ImageObject","inLanguage":"de","@id":"https:\/\/www.masmialou.com\/de\/#\/schema\/logo\/image\/","url":"https:\/\/www.masmialou.com\/wp-content\/uploads\/2021\/03\/Logo-Mas-Mialou-2019-1.png","contentUrl":"https:\/\/www.masmialou.com\/wp-content\/uploads\/2021\/03\/Logo-Mas-Mialou-2019-1.png","width":800,"height":323,"caption":"Mas Mialou"},"image":{"@id":"https:\/\/www.masmialou.com\/de\/#\/schema\/logo\/image\/"},"sameAs":["https:\/\/www.facebook.com\/masmialou\/","https:\/\/twitter.com\/masmialou","https:\/\/www.instagram.com\/masmialou\/","https:\/\/www.linkedin.com\/company\/mas-mialou\/about\/","https:\/\/nl.pinterest.com\/masmialou\/"]}]}},"_links":{"self":[{"href":"https:\/\/www.masmialou.com\/de\/wp-json\/wp\/v2\/pages\/25425"}],"collection":[{"href":"https:\/\/www.masmialou.com\/de\/wp-json\/wp\/v2\/pages"}],"about":[{"href":"https:\/\/www.masmialou.com\/de\/wp-json\/wp\/v2\/types\/page"}],"author":[{"embeddable":true,"href":"https:\/\/www.masmialou.com\/de\/wp-json\/wp\/v2\/users\/2"}],"replies":[{"embeddable":true,"href":"https:\/\/www.masmialou.com\/de\/wp-json\/wp\/v2\/comments?post=25425"}],"version-history":[{"count":5,"href":"https:\/\/www.masmialou.com\/de\/wp-json\/wp\/v2\/pages\/25425\/revisions"}],"predecessor-version":[{"id":28225,"href":"https:\/\/www.masmialou.com\/de\/wp-json\/wp\/v2\/pages\/25425\/revisions\/28225"}],"wp:featuredmedia":[{"embeddable":true,"href":"https:\/\/www.masmialou.com\/de\/wp-json\/wp\/v2\/media\/25426"}],"wp:attachment":[{"href":"https:\/\/www.masmialou.com\/de\/wp-json\/wp\/v2\/media?parent=25425"}],"curies":[{"name":"wp","href":"https:\/\/api.w.org\/{rel}","templated":true}]}}