{"id":25459,"date":"2018-10-20T00:28:50","date_gmt":"2018-10-19T23:28:50","guid":{"rendered":"https:\/\/www.masmialou.com\/omgeving"},"modified":"2021-01-20T22:36:51","modified_gmt":"2021-01-20T21:36:51","slug":"umgebung","status":"publish","type":"page","link":"https:\/\/www.masmialou.com\/de\/umgebung","title":{"rendered":"Umgebung"},"content":{"rendered":"<div class=\"vgblk-rw-wrapper limit-wrapper\">\n<h2>\n\tNatur\n\t<\/h2>\n\tWild, makellos und atemberaubend. <br \/>\nDer Cevennen-Nationalpark ist einer der gr\u00f6\u00dften in Frankreich und gleichzeitig sehr d\u00fcnn besiedelt. Die Cevennen geh\u00f6ren seit 2011 zum UNESCO-Weltkulturerbe.<br \/>\nBerge und T\u00e4ler wechseln sich mit Hochebenen ab. Greifv\u00f6gel kreisen hoch am Himmel. Neben W\u00e4ldern k\u00f6nnen Sie auch die Terrassen sehen, auf denen Kleinbauern ihre Pflanzen anbauen.<br \/>\nDie Berge, malerischen D\u00f6rfer und gewundenen Fl\u00fcsse bieten die perfekte Kulisse f\u00fcr einen erholsamen oder aktiven Aufenthalt.\n<strong>G\u00fctesiegel Sternenhimmel<\/strong><br \/>\nIn den Cevennen kann man sehr gut Sterne beobachten. Es gibt kaum Luftverschmutzung und der Himmel ist oft klar. Der Nationalpark hat daher seit 2018 das exklusive internationale Label &#8218;Dark Sky Preserve&#8216;. Nur 12 andere Parks weltweit haben ein solches Label.<br \/>\n<a href=\"https:\/\/www.darksky.org\/cevennes-idsr-announcement\/\">Die Cevennen sind das gr\u00f6\u00dfte Gebiet Europas mit diesem Qualit\u00e4tszeichen.<\/a>\n<h2>\n\tAktiv\n\t<\/h2>\n\t<p>Rund um Saint-Jean-du-Gard kannst Du deine Energie auf verschiedene Art und Weise loswerden oder Abenteuer erleben! Die Umgebung ist ideal zum Rad fahren, Mountainbiken, Wandern, Kajakfahren und Schwimmen. Du kannst stundenlang wandern, ohne auf ein entgegenkommendes Auto zu sto\u00dfen. Und Du kommst zu den sch\u00f6nsten Orten mit atemberaubender Aussicht.<\/p>\n<p>Wandere beispielsweise mit einem Esel einen Abschnitt der Stevenson Route. Oder besteige den Mont Aigoual mit dem Rennrad.<\/p>\n<p>Es gibt auch mehrere Adventure-Parks in der Umgebung. Einer ist sogar nur wenige Gehminuten von Mas Mialou entfernt, in einem wundersch\u00f6nen St\u00fcck Natur, wo Du \u00fcber den gewundenen Fluss durch die B\u00e4ume kletterst und rutscht. Ein aufregendes und aktives Abenteuer f\u00fcr Jung und Alt.<\/p>\n<p>F\u00fcr die Wasserratten unter Euch bietet der Gardon die idyllischsten und unber\u00fchrtesten Badepl\u00e4tze.<\/p>\n<p>Wir beraten Dich gerne!<\/p>\n<h2>\n\tKultur\n\t<\/h2>\n\t<p>Auch kulturbegeisterte G\u00e4ste k\u00f6nnen sich hier verw\u00f6hnen lassen. Du kannst die (manchmal harte) Geschichte der Cevennen \u00fcberall sehen und f\u00fchlen. Es gibt viele sch\u00f6ne alte D\u00f6rfer und St\u00e4dte, Museen, H\u00f6hlen, Dorffeste, M\u00e4rkte und vieles mehr.<\/p>\n<p>Erlebe die Geschichte der Cevennen, zum Beispiel in La Maison Rouge, der letzten Textilfabrik in unserem Dorf, die jetzt in ein wundersch\u00f6nes Museum umgewandelt wurde. Trete in den Dschungel der Bambouseraie ein oder fahre mit dem touristischen Dampfzug.<\/p>\nKees hat eine Podcast-Serie zu diesen Themen erstellt. Gerne erz\u00e4hlt er Ihnen mehr dar\u00fcber.\n<h2>\n\tKulinarisches\n\t<\/h2>\n\t<p>Alle Zutaten f\u00fcr einen kulinarischen Aufenthalt sind vorhanden. Egal, ob Du gerne im Restaurant f\u00fcr Dich kochen l\u00e4sst,oder eigene Mahlzeiten mit frischen und lokalen Produkten vom Markt kochst. Trinke eine Tasse Kaffee auf der Terrasse oder mache eine Weinprobe auf einem Weingut.<\/p>\n<p>In Frankreich wird mindestens die H\u00e4lfte der Zeit \u00fcber Essen gesprochen, also ist dies der richtige Ort! Und wir m\u00f6chten Dich auch zu einem Drink einladen.<\/p>\n\n<\/div><!-- .vgblk-rw-wrapper -->","protected":false},"excerpt":{"rendered":"<p>Natur Wild, makellos und atemberaubend. Der Cevennen-Nationalpark ist einer der gr\u00f6\u00dften in Frankreich und gleichzeitig sehr d\u00fcnn besiedelt. Die Cevennen geh\u00f6ren seit 2011 zum UNESCO-Weltkulturerbe. Berge und T\u00e4ler wechseln sich&#8230;<\/p>\n","protected":false},"author":2,"featured_media":0,"parent":0,"menu_order":8,"comment_status":"closed","ping_status":"closed","template":"","meta":{"om_disable_all_campaigns":false,"_monsterinsights_skip_tracking":false,"_monsterinsights_sitenote_active":false,"_monsterinsights_sitenote_note":"","_monsterinsights_sitenote_category":0},"aioseo_notices":[],"yoast_head":"<!-- This site is optimized with the Yoast SEO plugin v21.1 - https:\/\/yoast.com\/wordpress\/plugins\/seo\/ -->\n<title>Umgebung | Mas Mialou<\/title>\n<meta name=\"robots\" content=\"index, follow, max-snippet:-1, max-image-preview:large, max-video-preview:-1\" \/>\n<link rel=\"canonical\" href=\"https:\/\/www.masmialou.com\/de\/umgebung\" \/>\n<meta property=\"og:locale\" content=\"de_DE\" \/>\n<meta property=\"og:type\" content=\"article\" \/>\n<meta property=\"og:title\" content=\"Umgebung | Mas Mialou\" \/>\n<meta property=\"og:description\" content=\"Natur Wild, makellos und atemberaubend. Der Cevennen-Nationalpark ist einer der gr\u00f6\u00dften in Frankreich und gleichzeitig sehr d\u00fcnn besiedelt. Die Cevennen geh\u00f6ren seit 2011 zum UNESCO-Weltkulturerbe. Berge und T\u00e4ler wechseln sich...\" \/>\n<meta property=\"og:url\" content=\"https:\/\/www.masmialou.com\/de\/umgebung\" \/>\n<meta property=\"og:site_name\" content=\"Mas Mialou\" \/>\n<meta property=\"article:publisher\" content=\"https:\/\/www.facebook.com\/masmialou\/\" \/>\n<meta property=\"article:modified_time\" content=\"2021-01-20T21:36:51+00:00\" \/>\n<meta name=\"twitter:card\" content=\"summary_large_image\" \/>\n<meta name=\"twitter:site\" content=\"@masmialou\" \/>\n<meta name=\"twitter:label1\" content=\"Gesch\u00e4tzte Lesezeit\" \/>\n\t<meta name=\"twitter:data1\" content=\"2\u00a0Minuten\" \/>\n<script type=\"application\/ld+json\" class=\"yoast-schema-graph\">{\"@context\":\"https:\/\/schema.org\",\"@graph\":[{\"@type\":\"WebPage\",\"@id\":\"https:\/\/www.masmialou.com\/de\/umgebung\",\"url\":\"https:\/\/www.masmialou.com\/de\/umgebung\",\"name\":\"Umgebung | Mas Mialou\",\"isPartOf\":{\"@id\":\"https:\/\/www.masmialou.com\/de\/#website\"},\"datePublished\":\"2018-10-19T23:28:50+00:00\",\"dateModified\":\"2021-01-20T21:36:51+00:00\",\"breadcrumb\":{\"@id\":\"https:\/\/www.masmialou.com\/de\/umgebung#breadcrumb\"},\"inLanguage\":\"de\",\"potentialAction\":[{\"@type\":\"ReadAction\",\"target\":[\"https:\/\/www.masmialou.com\/de\/umgebung\"]}]},{\"@type\":\"BreadcrumbList\",\"@id\":\"https:\/\/www.masmialou.com\/de\/umgebung#breadcrumb\",\"itemListElement\":[{\"@type\":\"ListItem\",\"position\":1,\"name\":\"Home\",\"item\":\"https:\/\/www.masmialou.com\/de\"},{\"@type\":\"ListItem\",\"position\":2,\"name\":\"Umgebung\"}]},{\"@type\":\"WebSite\",\"@id\":\"https:\/\/www.masmialou.com\/de\/#website\",\"url\":\"https:\/\/www.masmialou.com\/de\/\",\"name\":\"Mas Mialou\",\"description\":\"G\u00eetes \/ Appartements\",\"publisher\":{\"@id\":\"https:\/\/www.masmialou.com\/de\/#organization\"},\"potentialAction\":[{\"@type\":\"SearchAction\",\"target\":{\"@type\":\"EntryPoint\",\"urlTemplate\":\"https:\/\/www.masmialou.com\/de\/?s={search_term_string}\"},\"query-input\":\"required name=search_term_string\"}],\"inLanguage\":\"de\"},{\"@type\":\"Organization\",\"@id\":\"https:\/\/www.masmialou.com\/de\/#organization\",\"name\":\"Mas Mialou\",\"url\":\"https:\/\/www.masmialou.com\/de\/\",\"logo\":{\"@type\":\"ImageObject\",\"inLanguage\":\"de\",\"@id\":\"https:\/\/www.masmialou.com\/de\/#\/schema\/logo\/image\/\",\"url\":\"https:\/\/www.masmialou.com\/wp-content\/uploads\/2021\/03\/Logo-Mas-Mialou-2019-1.png\",\"contentUrl\":\"https:\/\/www.masmialou.com\/wp-content\/uploads\/2021\/03\/Logo-Mas-Mialou-2019-1.png\",\"width\":800,\"height\":323,\"caption\":\"Mas Mialou\"},\"image\":{\"@id\":\"https:\/\/www.masmialou.com\/de\/#\/schema\/logo\/image\/\"},\"sameAs\":[\"https:\/\/www.facebook.com\/masmialou\/\",\"https:\/\/twitter.com\/masmialou\",\"https:\/\/www.instagram.com\/masmialou\/\",\"https:\/\/www.linkedin.com\/company\/mas-mialou\/about\/\",\"https:\/\/nl.pinterest.com\/masmialou\/\"]}]}<\/script>\n<!-- \/ Yoast SEO plugin. -->","yoast_head_json":{"title":"Umgebung | Mas Mialou","robots":{"index":"index","follow":"follow","max-snippet":"max-snippet:-1","max-image-preview":"max-image-preview:large","max-video-preview":"max-video-preview:-1"},"canonical":"https:\/\/www.masmialou.com\/de\/umgebung","og_locale":"de_DE","og_type":"article","og_title":"Umgebung | Mas Mialou","og_description":"Natur Wild, makellos und atemberaubend. Der Cevennen-Nationalpark ist einer der gr\u00f6\u00dften in Frankreich und gleichzeitig sehr d\u00fcnn besiedelt. Die Cevennen geh\u00f6ren seit 2011 zum UNESCO-Weltkulturerbe. Berge und T\u00e4ler wechseln sich...","og_url":"https:\/\/www.masmialou.com\/de\/umgebung","og_site_name":"Mas Mialou","article_publisher":"https:\/\/www.facebook.com\/masmialou\/","article_modified_time":"2021-01-20T21:36:51+00:00","twitter_card":"summary_large_image","twitter_site":"@masmialou","twitter_misc":{"Gesch\u00e4tzte Lesezeit":"2\u00a0Minuten"},"schema":{"@context":"https:\/\/schema.org","@graph":[{"@type":"WebPage","@id":"https:\/\/www.masmialou.com\/de\/umgebung","url":"https:\/\/www.masmialou.com\/de\/umgebung","name":"Umgebung | Mas Mialou","isPartOf":{"@id":"https:\/\/www.masmialou.com\/de\/#website"},"datePublished":"2018-10-19T23:28:50+00:00","dateModified":"2021-01-20T21:36:51+00:00","breadcrumb":{"@id":"https:\/\/www.masmialou.com\/de\/umgebung#breadcrumb"},"inLanguage":"de","potentialAction":[{"@type":"ReadAction","target":["https:\/\/www.masmialou.com\/de\/umgebung"]}]},{"@type":"BreadcrumbList","@id":"https:\/\/www.masmialou.com\/de\/umgebung#breadcrumb","itemListElement":[{"@type":"ListItem","position":1,"name":"Home","item":"https:\/\/www.masmialou.com\/de"},{"@type":"ListItem","position":2,"name":"Umgebung"}]},{"@type":"WebSite","@id":"https:\/\/www.masmialou.com\/de\/#website","url":"https:\/\/www.masmialou.com\/de\/","name":"Mas Mialou","description":"G\u00eetes \/ Appartements","publisher":{"@id":"https:\/\/www.masmialou.com\/de\/#organization"},"potentialAction":[{"@type":"SearchAction","target":{"@type":"EntryPoint","urlTemplate":"https:\/\/www.masmialou.com\/de\/?s={search_term_string}"},"query-input":"required name=search_term_string"}],"inLanguage":"de"},{"@type":"Organization","@id":"https:\/\/www.masmialou.com\/de\/#organization","name":"Mas Mialou","url":"https:\/\/www.masmialou.com\/de\/","logo":{"@type":"ImageObject","inLanguage":"de","@id":"https:\/\/www.masmialou.com\/de\/#\/schema\/logo\/image\/","url":"https:\/\/www.masmialou.com\/wp-content\/uploads\/2021\/03\/Logo-Mas-Mialou-2019-1.png","contentUrl":"https:\/\/www.masmialou.com\/wp-content\/uploads\/2021\/03\/Logo-Mas-Mialou-2019-1.png","width":800,"height":323,"caption":"Mas Mialou"},"image":{"@id":"https:\/\/www.masmialou.com\/de\/#\/schema\/logo\/image\/"},"sameAs":["https:\/\/www.facebook.com\/masmialou\/","https:\/\/twitter.com\/masmialou","https:\/\/www.instagram.com\/masmialou\/","https:\/\/www.linkedin.com\/company\/mas-mialou\/about\/","https:\/\/nl.pinterest.com\/masmialou\/"]}]}},"_links":{"self":[{"href":"https:\/\/www.masmialou.com\/de\/wp-json\/wp\/v2\/pages\/25459"}],"collection":[{"href":"https:\/\/www.masmialou.com\/de\/wp-json\/wp\/v2\/pages"}],"about":[{"href":"https:\/\/www.masmialou.com\/de\/wp-json\/wp\/v2\/types\/page"}],"author":[{"embeddable":true,"href":"https:\/\/www.masmialou.com\/de\/wp-json\/wp\/v2\/users\/2"}],"replies":[{"embeddable":true,"href":"https:\/\/www.masmialou.com\/de\/wp-json\/wp\/v2\/comments?post=25459"}],"version-history":[{"count":3,"href":"https:\/\/www.masmialou.com\/de\/wp-json\/wp\/v2\/pages\/25459\/revisions"}],"predecessor-version":[{"id":25464,"href":"https:\/\/www.masmialou.com\/de\/wp-json\/wp\/v2\/pages\/25459\/revisions\/25464"}],"wp:attachment":[{"href":"https:\/\/www.masmialou.com\/de\/wp-json\/wp\/v2\/media?parent=25459"}],"curies":[{"name":"wp","href":"https:\/\/api.w.org\/{rel}","templated":true}]}}