{"id":25515,"date":"2021-01-04T15:15:54","date_gmt":"2021-01-04T14:15:54","guid":{"rendered":"https:\/\/www.masmialou.com\/prijzen"},"modified":"2023-09-03T21:32:34","modified_gmt":"2023-09-03T20:32:34","slug":"preise","status":"publish","type":"page","link":"https:\/\/www.masmialou.com\/de\/preise","title":{"rendered":"Preise"},"content":{"rendered":"<div class=\"vgblk-rw-wrapper limit-wrapper\">\n<h3>\n\tPreise \n\t<\/h3>\n\t<h5>Alle Preise ist <strong>alles inklusive<\/strong>* und gelten f\u00fcr <strong>2 Personen<\/strong>. F\u00fcr jede zus\u00e4tzliche Person berechnen wir einen Zuschlag**<\/h5>\n<h3>\n\tPreise Atelier\n\t<\/h3>\n\t\t\t\t\t<h2>Nebensaison<\/h2>\n\t\t\t\t\t\t105 \u20ac\n\t\t\t\t\t\t\t\t\t\t\t\t\tpro Nacht\n\t\t\t\t\t<ul>\n\t\t\t\t\t\t\t\t\t\t\t\t\n\t\t\t\t\t\t\t\t\t\t\t<\/ul>\n\t<a href=\"\" target=\"_self\" role=\"button\" rel=\"noopener\">\n\t\t\t\t\t1 November &#8211; 31 M\u00e4rz\n\t<\/a>\n\t\t\t\t\t<h2>Zwischensaison<\/h2>\n\t\t\t\t\t\t120 \u20ac\n\t\t\t\t\t\t\t\t\t\t\t\t\tpro Nacht\n\t\t\t\t\t<ul>\n\t\t\t\t\t\t\t\t\t\t\t\t\n\t\t\t\t\t\t\t\t\t\t\t<\/ul>\n\t<a href=\"\" target=\"_self\" role=\"button\" rel=\"noopener\">\n\t\t\t\t\t1 April &#8211; 30 Juni &#038; 1 Sept &#8211; 31 Okt\n\t<\/a>\n\t\t\t\t\t<h2>Hochsaison<\/h2>\n\t\t\t\t\t\t150 \u20ac\n\t\t\t\t\t\t\t\t\t\t\t\t\tpro Nacht*\n\t\t\t\t\t<ul>\n\t\t\t\t\t\t\t\t\t\t\t\t\n\t\t\t\t\t\t\t\t\t\t\t<\/ul>\n\t<a href=\"\" target=\"_self\" role=\"button\" rel=\"noopener\">\n\t\t\t\t\t1 Juli &#8211; 31 August\n\t<\/a>\n<h3>\n\tPreise Appartement\n\t<\/h3>\n\t\t\t\t\t<h2>Nebensaison<\/h2>\n\t\t\t\t\t\t110 \u20ac\n\t\t\t\t\t\t\t\t\t\t\t\t\tpro Nacht*\n\t\t\t\t\t<ul>\n\t\t\t\t\t\t\t\t\t\t\t\t\n\t\t\t\t\t\t\t\t\t\t\t<\/ul>\n\t<a href=\"\" target=\"_self\" role=\"button\" rel=\"noopener\">\n\t\t\t\t\t1 November &#8211; 31 M\u00e4rz\n\t<\/a>\n\t\t\t\t\t<h2>Zwischensaison<\/h2>\n\t\t\t\t\t\t125 \u20ac\n\t\t\t\t\t\t\t\t\t\t\t\t\tpro Nacht*\n\t\t\t\t\t<ul>\n\t\t\t\t\t\t\t\t\t\t\t\t\n\t\t\t\t\t\t\t\t\t\t\t<\/ul>\n\t<a href=\"\" target=\"_self\" role=\"button\" rel=\"noopener\">\n\t\t\t\t\t1 April &#8211; 30 Juni &#038; 1 Sept &#8211; 31 Okt\n\t<\/a>\n\t\t\t\t\t<h2>Hochsaison<\/h2>\n\t\t\t\t\t\t155 \u20ac\n\t\t\t\t\t\t\t\t\t\t\t\t\tpro Nacht*\n\t\t\t\t\t<ul>\n\t\t\t\t\t\t\t\t\t\t\t\t\n\t\t\t\t\t\t\t\t\t\t\t<\/ul>\n\t<a href=\"\" target=\"_self\" role=\"button\" rel=\"noopener\">\n\t\t\t\t\t1 Juli &#8211; 31 August\n\t<\/a>\n\t<strong>* Zusatzinformation Preise<\/strong><br \/>\n&#8211; Die Betten sind beim Eintreffen gemacht.\u00a0<br \/>\n&#8211; Bettw\u00e4sche, K\u00fcchent\u00fccher und Handt\u00fccher sind inklusive (nach 7 Tagen gibt es neue W\u00e4sche)<br \/>\n&#8211; Kinder bis zu 2 Jahren sind gratis. Ein Kinderbett steht bei Bedarf gratis zur Verf\u00fcgung.<br \/>\n&#8211; Die Endreinigung ist inklusive. Die Wohnungen m\u00fcssen besenrein geliefert werden.<br \/>\n&#8211; Die Kurtaxe ist inbegriffen.<br \/>\n&#8211; Die Apartments k\u00f6nnen f\u00fcr<strong> mindestens 2 N\u00e4chte <\/strong>gebucht werden<br \/>\n&#8211; F\u00fcr Perioden der Schulferien in der Nebensaison gelten die Preise der Zwischensaison.<br \/>\n\n<p>** F\u00fcr die Wohnung l&#8217;Appartement berechnen wir f\u00fcr <strong>jede weitere Person<\/strong> einen <strong>Zuschlag von 12,50 \u20ac pro Nacht.<\/strong><\/p>\n<p><\/p>\n<h3>\n\t\u00dcbrige Preise\n\t<\/h3>\n\t&#8211; <strong>Haustiere<\/strong> nach Absprache. Wir verrechnen <strong>pro Nacht\/pro Tier Euro 7.50.<\/strong><br \/>\n&#8211; <strong>Waschmaschine<\/strong> &#8211; <strong>pro Waschgang Euro 5.00<\/strong> inkl. Waschmittel.<br \/>\n&#8211; <strong>Trockner<\/strong> &#8211; <strong>pro Trockengang Euro 4.00<\/strong>. B\u00fcgelbrett und B\u00fcgeleisen stehen gratis zur Verf\u00fcgung\n\tDie Apartments k\u00f6nnen auch \u00fcber die bekannten Buchungsseiten gebucht werden.<br \/>\n&#8211; L&#8217;Atelier: <a href=\"https:\/\/www.booking.com\/hotel\/fr\/mas-mialou-saint-jean-du-gard1.nl.html?aid=318615;label=Dutch_France_NL_FR_29562120145-xrneU3uyvrHGemTQeRhgYAS217290659644%3Apl%3Ata%3Ap1%3Ap2%3Aac%3Aap%3Aneg%3Afi70408677585%3Atidsa-325353250274%3Alp9055206%3Ali%3Adec%3Adm;sid=b9a1c89720a6a03a264e92d3739fd205;dest_id=-1466219;dest_type=city;dist=0;group_adults=2;group_children=0;hapos=2;hpos=2;no_rooms=1;room1=A%2CA;sb_price_type=total;sr_order=popularity;srepoch=1611611236;srpvid=2422993140730219;type=total;ucfs=1&amp;#hotelTmpl\">Booking.com<\/a> <a href=\"https:\/\/www.airbnb.nl\/rooms\/35543982?s=67&amp;unique_share_id=db1c5234-aabe-44cc-8e80-fae35fec246a\">Airbnb<\/a><br \/>\n&#8211; L&#8217;Appartement: <a href=\"https:\/\/www.booking.com\/hotel\/fr\/mas-mialou.nl.html?aid=318615;label=Dutch_France_NL_FR_29562120145-xrneU3uyvrHGemTQeRhgYAS217290659644%3Apl%3Ata%3Ap1%3Ap2%3Aac%3Aap%3Aneg%3Afi70408677585%3Atidsa-325353250274%3Alp9055206%3Ali%3Adec%3Adm;sid=b9a1c89720a6a03a264e92d3739fd205;dest_id=-1466219;dest_type=city;dist=0;group_adults=2;group_children=0;hapos=1;hpos=1;no_rooms=1;room1=A%2CA;sb_price_type=total;sr_order=popularity;srepoch=1611611236;srpvid=2422993140730219;type=total;ucfs=1&amp;#hotelTmpl\">Booking.com<\/a> <a href=\"https:\/\/www.airbnb.nl\/rooms\/26543632?s=67&amp;unique_share_id=32f2210b-f40b-489e-bfde-f89fc7df2512\">Airbnb<\/a>\n\n<\/div><!-- .vgblk-rw-wrapper -->","protected":false},"excerpt":{"rendered":"<p>Preise Alle Preise ist alles inklusive* und gelten f\u00fcr 2 Personen. F\u00fcr jede zus\u00e4tzliche Person berechnen wir einen Zuschlag** Preise Atelier Nebensaison 105 \u20ac pro Nacht 1 November &#8211; 31&#8230;<\/p>\n","protected":false},"author":2,"featured_media":0,"parent":0,"menu_order":9,"comment_status":"closed","ping_status":"closed","template":"","meta":{"om_disable_all_campaigns":false,"_monsterinsights_skip_tracking":false,"_monsterinsights_sitenote_active":false,"_monsterinsights_sitenote_note":"","_monsterinsights_sitenote_category":0},"aioseo_notices":[],"yoast_head":"<!-- This site is optimized with the Yoast SEO plugin v21.1 - https:\/\/yoast.com\/wordpress\/plugins\/seo\/ -->\n<title>Preise | Mas Mialou<\/title>\n<meta name=\"robots\" content=\"index, follow, max-snippet:-1, max-image-preview:large, max-video-preview:-1\" \/>\n<link rel=\"canonical\" href=\"https:\/\/www.masmialou.com\/de\/preise\" \/>\n<meta property=\"og:locale\" content=\"de_DE\" \/>\n<meta property=\"og:type\" content=\"article\" \/>\n<meta property=\"og:title\" content=\"Preise | Mas Mialou\" \/>\n<meta property=\"og:description\" content=\"Preise Alle Preise ist alles inklusive* und gelten f\u00fcr 2 Personen. F\u00fcr jede zus\u00e4tzliche Person berechnen wir einen Zuschlag** Preise Atelier Nebensaison 105 \u20ac pro Nacht 1 November &#8211; 31...\" \/>\n<meta property=\"og:url\" content=\"https:\/\/www.masmialou.com\/de\/preise\" \/>\n<meta property=\"og:site_name\" content=\"Mas Mialou\" \/>\n<meta property=\"article:publisher\" content=\"https:\/\/www.facebook.com\/masmialou\/\" \/>\n<meta property=\"article:modified_time\" content=\"2023-09-03T20:32:34+00:00\" \/>\n<meta name=\"twitter:card\" content=\"summary_large_image\" \/>\n<meta name=\"twitter:site\" content=\"@masmialou\" \/>\n<meta name=\"twitter:label1\" content=\"Gesch\u00e4tzte Lesezeit\" \/>\n\t<meta name=\"twitter:data1\" content=\"1\u00a0Minute\" \/>\n<script type=\"application\/ld+json\" class=\"yoast-schema-graph\">{\"@context\":\"https:\/\/schema.org\",\"@graph\":[{\"@type\":\"WebPage\",\"@id\":\"https:\/\/www.masmialou.com\/de\/preise\",\"url\":\"https:\/\/www.masmialou.com\/de\/preise\",\"name\":\"Preise | Mas Mialou\",\"isPartOf\":{\"@id\":\"https:\/\/www.masmialou.com\/de\/#website\"},\"datePublished\":\"2021-01-04T14:15:54+00:00\",\"dateModified\":\"2023-09-03T20:32:34+00:00\",\"breadcrumb\":{\"@id\":\"https:\/\/www.masmialou.com\/de\/preise#breadcrumb\"},\"inLanguage\":\"de\",\"potentialAction\":[{\"@type\":\"ReadAction\",\"target\":[\"https:\/\/www.masmialou.com\/de\/preise\"]}]},{\"@type\":\"BreadcrumbList\",\"@id\":\"https:\/\/www.masmialou.com\/de\/preise#breadcrumb\",\"itemListElement\":[{\"@type\":\"ListItem\",\"position\":1,\"name\":\"Home\",\"item\":\"https:\/\/www.masmialou.com\/de\"},{\"@type\":\"ListItem\",\"position\":2,\"name\":\"Preise\"}]},{\"@type\":\"WebSite\",\"@id\":\"https:\/\/www.masmialou.com\/de\/#website\",\"url\":\"https:\/\/www.masmialou.com\/de\/\",\"name\":\"Mas Mialou\",\"description\":\"G\u00eetes \/ Appartements\",\"publisher\":{\"@id\":\"https:\/\/www.masmialou.com\/de\/#organization\"},\"potentialAction\":[{\"@type\":\"SearchAction\",\"target\":{\"@type\":\"EntryPoint\",\"urlTemplate\":\"https:\/\/www.masmialou.com\/de\/?s={search_term_string}\"},\"query-input\":\"required name=search_term_string\"}],\"inLanguage\":\"de\"},{\"@type\":\"Organization\",\"@id\":\"https:\/\/www.masmialou.com\/de\/#organization\",\"name\":\"Mas Mialou\",\"url\":\"https:\/\/www.masmialou.com\/de\/\",\"logo\":{\"@type\":\"ImageObject\",\"inLanguage\":\"de\",\"@id\":\"https:\/\/www.masmialou.com\/de\/#\/schema\/logo\/image\/\",\"url\":\"https:\/\/www.masmialou.com\/wp-content\/uploads\/2021\/03\/Logo-Mas-Mialou-2019-1.png\",\"contentUrl\":\"https:\/\/www.masmialou.com\/wp-content\/uploads\/2021\/03\/Logo-Mas-Mialou-2019-1.png\",\"width\":800,\"height\":323,\"caption\":\"Mas Mialou\"},\"image\":{\"@id\":\"https:\/\/www.masmialou.com\/de\/#\/schema\/logo\/image\/\"},\"sameAs\":[\"https:\/\/www.facebook.com\/masmialou\/\",\"https:\/\/twitter.com\/masmialou\",\"https:\/\/www.instagram.com\/masmialou\/\",\"https:\/\/www.linkedin.com\/company\/mas-mialou\/about\/\",\"https:\/\/nl.pinterest.com\/masmialou\/\"]}]}<\/script>\n<!-- \/ Yoast SEO plugin. -->","yoast_head_json":{"title":"Preise | Mas Mialou","robots":{"index":"index","follow":"follow","max-snippet":"max-snippet:-1","max-image-preview":"max-image-preview:large","max-video-preview":"max-video-preview:-1"},"canonical":"https:\/\/www.masmialou.com\/de\/preise","og_locale":"de_DE","og_type":"article","og_title":"Preise | Mas Mialou","og_description":"Preise Alle Preise ist alles inklusive* und gelten f\u00fcr 2 Personen. F\u00fcr jede zus\u00e4tzliche Person berechnen wir einen Zuschlag** Preise Atelier Nebensaison 105 \u20ac pro Nacht 1 November &#8211; 31...","og_url":"https:\/\/www.masmialou.com\/de\/preise","og_site_name":"Mas Mialou","article_publisher":"https:\/\/www.facebook.com\/masmialou\/","article_modified_time":"2023-09-03T20:32:34+00:00","twitter_card":"summary_large_image","twitter_site":"@masmialou","twitter_misc":{"Gesch\u00e4tzte Lesezeit":"1\u00a0Minute"},"schema":{"@context":"https:\/\/schema.org","@graph":[{"@type":"WebPage","@id":"https:\/\/www.masmialou.com\/de\/preise","url":"https:\/\/www.masmialou.com\/de\/preise","name":"Preise | Mas Mialou","isPartOf":{"@id":"https:\/\/www.masmialou.com\/de\/#website"},"datePublished":"2021-01-04T14:15:54+00:00","dateModified":"2023-09-03T20:32:34+00:00","breadcrumb":{"@id":"https:\/\/www.masmialou.com\/de\/preise#breadcrumb"},"inLanguage":"de","potentialAction":[{"@type":"ReadAction","target":["https:\/\/www.masmialou.com\/de\/preise"]}]},{"@type":"BreadcrumbList","@id":"https:\/\/www.masmialou.com\/de\/preise#breadcrumb","itemListElement":[{"@type":"ListItem","position":1,"name":"Home","item":"https:\/\/www.masmialou.com\/de"},{"@type":"ListItem","position":2,"name":"Preise"}]},{"@type":"WebSite","@id":"https:\/\/www.masmialou.com\/de\/#website","url":"https:\/\/www.masmialou.com\/de\/","name":"Mas Mialou","description":"G\u00eetes \/ Appartements","publisher":{"@id":"https:\/\/www.masmialou.com\/de\/#organization"},"potentialAction":[{"@type":"SearchAction","target":{"@type":"EntryPoint","urlTemplate":"https:\/\/www.masmialou.com\/de\/?s={search_term_string}"},"query-input":"required name=search_term_string"}],"inLanguage":"de"},{"@type":"Organization","@id":"https:\/\/www.masmialou.com\/de\/#organization","name":"Mas Mialou","url":"https:\/\/www.masmialou.com\/de\/","logo":{"@type":"ImageObject","inLanguage":"de","@id":"https:\/\/www.masmialou.com\/de\/#\/schema\/logo\/image\/","url":"https:\/\/www.masmialou.com\/wp-content\/uploads\/2021\/03\/Logo-Mas-Mialou-2019-1.png","contentUrl":"https:\/\/www.masmialou.com\/wp-content\/uploads\/2021\/03\/Logo-Mas-Mialou-2019-1.png","width":800,"height":323,"caption":"Mas Mialou"},"image":{"@id":"https:\/\/www.masmialou.com\/de\/#\/schema\/logo\/image\/"},"sameAs":["https:\/\/www.facebook.com\/masmialou\/","https:\/\/twitter.com\/masmialou","https:\/\/www.instagram.com\/masmialou\/","https:\/\/www.linkedin.com\/company\/mas-mialou\/about\/","https:\/\/nl.pinterest.com\/masmialou\/"]}]}},"_links":{"self":[{"href":"https:\/\/www.masmialou.com\/de\/wp-json\/wp\/v2\/pages\/25515"}],"collection":[{"href":"https:\/\/www.masmialou.com\/de\/wp-json\/wp\/v2\/pages"}],"about":[{"href":"https:\/\/www.masmialou.com\/de\/wp-json\/wp\/v2\/types\/page"}],"author":[{"embeddable":true,"href":"https:\/\/www.masmialou.com\/de\/wp-json\/wp\/v2\/users\/2"}],"replies":[{"embeddable":true,"href":"https:\/\/www.masmialou.com\/de\/wp-json\/wp\/v2\/comments?post=25515"}],"version-history":[{"count":7,"href":"https:\/\/www.masmialou.com\/de\/wp-json\/wp\/v2\/pages\/25515\/revisions"}],"predecessor-version":[{"id":28154,"href":"https:\/\/www.masmialou.com\/de\/wp-json\/wp\/v2\/pages\/25515\/revisions\/28154"}],"wp:attachment":[{"href":"https:\/\/www.masmialou.com\/de\/wp-json\/wp\/v2\/media?parent=25515"}],"curies":[{"name":"wp","href":"https:\/\/api.w.org\/{rel}","templated":true}]}}