{"id":25560,"date":"2018-03-26T21:17:47","date_gmt":"2018-03-26T20:17:47","guid":{"rendered":"https:\/\/www.masmialou.com\/access"},"modified":"2021-02-11T23:44:33","modified_gmt":"2021-02-11T22:44:33","slug":"anreise","status":"publish","type":"page","link":"https:\/\/www.masmialou.com\/de\/anreise","title":{"rendered":"Anreise"},"content":{"rendered":"<div class=\"vgblk-rw-wrapper limit-wrapper\">\n<h3>\n\tAnfahrt\n\t<\/h3>\n\t<h5>Mas Mialou ist mit dem Auto oder Flugzeug leicht zu erreichen. Wenn Du nicht den ganzen Weg fahren m\u00f6chtest, kannst Du das Flugzeug<br \/>\nnehmen und in wenigen Stunden am Ziel sein.<br \/>\n<\/h5>\n<h5>Nachfolgend findest Du eine \u00dcbersicht der verschiedenen Fl\u00fcge. Wir empfehlen Dir ein Auto zu mieten, damit Du<br \/>\ndie sch\u00f6ne Umgebungentdecken kannst.\u00a0<\/h5>\n<h3>\n\tMit dem Auto\n\t<\/h3>\n\tEs gibt verschiedene Routen, die Du nach Mas Mialou nehmen kannst. Einige Beispiele;<br \/>\n1. Lyon, Bagnols-s\u00fbr-C\u00e8ze, Al\u00e8s, Saint-Jean-du-Gard<br \/>\n2. Lyon, N\u00eemes, Saint-Jean-du-Gard<br \/>\n3. Via Paris, Orleans, Clermont-Ferrand, Florac, Saint-Jean-du -Gard<br \/>\n4. Paris, Nevers, Clermont-Ferrand, Florac, Saint-Jean-du-Gard\n<p>Auch wenn die Fahrt etwas l\u00e4nger ist, bevorzugen wir immer die Route 4. Der Grund? Billiger, weil Du weniger Maut bezahlst. Eine sehr ruhige Stra\u00dfe, weil dies keine bekannte Route ist. Und in den letzten anderthalb Stunden f\u00e4hrst Du durch die Cevennen, welche Dir sofort ein gutes Bild von der Umgebung geben.<\/p>\n<p>Die schnellste Route findest Du \u00fcber\u00a0<a href=\"https:\/\/www.google.fr\/maps\/place\/Mas+Mialou\/@44.1014053,3.8829242,16z\/data=!4m5!3m4!1s0x12b4721884a21d39:0xae65c786671172d3!8m2!3d44.09951!4d3.886234\" target=\"_blank\" rel=\"noopener noreferrer\">Google maps<\/a> oder <a href=\"https:\/\/www.waze.com\/\">Waze<\/a>.<\/p>\n<p>Wenn Du im Dorf Saint-Jean-du-Gard ankommst, f\u00e4hrst Du direkt durch das Dorfzentrum und \u00fcber die Br\u00fccke. Wenn Du am Bahnhof ankommst, biegst Du links ab in Richtung Sportpl\u00e4tze. Hier f\u00e4hrst Du geradeaus bis zum Kreisverkehr, dann biegst Du an der steilen Strasse rechts ab. \u00dcberquere die Eisenbahnlinie und biege rechts in die Privatstra\u00dfe nach das kleine Haus mit den roten Fensterl\u00e4den. Gleich an der Ecke dieser Stra\u00dfe siehst Du Mas Mialou. Herzlich willkommen!<\/p>\n<strong>Elektroauto<\/strong><br \/>\nM\u00f6chten Sie mit einem Elektroauto in den Urlaub fahren? Kein Problem. 600 m von Mas Mialou entfernt finden Sie elektrische Ladestationen von R\u00e9v\u00e9o.\n<p>Adresse: Rue Beaux de Maguielle, Saint-Jean-du-Gard<\/p>\n\t\t<iframe src=\"https:\/\/maps.google.com\/maps?q=mas+Mialou&#038;iwloc=near&#038;output=embed\" height=\"250\" frameborder=\"0\"><\/iframe>\n<h3>\n\tBy Plane\n\t<\/h3>\n\t<p>You have several possibilities to reach us by plane. Please find below the airports the most nearby.<\/p>\n<b>Distance from airport to Saint-Jean-du-Gard<br \/>\n<\/b>&#8211; N\u00eemes: 1h, 70 km<br \/>\n&#8211; Montpellier: 1h15 min, 82 km<br \/>\n&#8211; Marseille: 1h50 min, 160 km<br \/>\n&#8211; B\u00e9zier: 1h50 min, 145 km<br \/>\n&#8211; Perpignan: 2h35 min, 230 km<br \/>\n&#8211; Carcassone: 2h38 min, 236 km\n<b>Some airline links<\/b><a href=\"https:\/\/www.lowcostairlines.nl\/frankrijk\/\"><br \/>\n<\/a><a href=\"http:\/\/www.easyjet.com\/\">www.easyjet.com\/<br \/>\n<\/a><a href=\"https:\/\/www.ryanair.com\/\">www.ryanair.com\/<\/a><br \/>\n<a href=\"https:\/\/www.brusselsairlines.com\/\">www.brusselsairlines.com\/<br \/>\n<\/a><a href=\"https:\/\/www.transavia.com\/\">www.transavia.com\/<br \/>\n<\/a><a href=\"http:\/\/www.klm.com\/\">www.klm.com\/<\/a><br \/>\n<a href=\"http:\/\/www.airfrance.com\/\">www.airfrance.com\/<\/a><br \/>\n<a href=\"http:\/\/www.aeroport-carcassonne.com\/\" target=\"_blank\" rel=\"noopener\">www.aeroport-carcassonne.com<\/a><br \/>\n<a href=\"http:\/\/www.montpellier.aeroport.fr\/\" target=\"_blank\" rel=\"noopener\">www.montpellier.aeroport.fr<\/a><br \/>\n<a href=\"http:\/\/www.beziers.aeroport.fr\/\" target=\"_blank\" rel=\"noopener\">www.beziers.aeroport.fr<\/a><br \/>\n<a href=\"https:\/\/www.nimes.aeroport.fr\/\">www.nimes.aeroport.fr\/<\/a>\n<h3>\n\tBy Train\n\t<\/h3>\n\tDo you prefer to travel by train? This is also possible. You will find the nearest train station in Al\u00e8s.<br \/>\nFrom the Al\u00e8s train station you can take bus 72 to Saint-Jean-du-gard.\n\n<p>The timetable for the bus could be found here: <a href=\"https:\/\/www.ntecc.fr\/se-deplacer\/les-fiches-horaires\/rechercher-une-fiche-horaires\/?no_cache=1\">www.ntecc.fr<\/a>.<\/p>\n<p>&nbsp;<\/p>\n\t\t\t\t\t\t\t<img decoding=\"async\" loading=\"lazy\" src=\"https:\/\/www.masmialou.com\/wp-content\/uploads\/2021\/02\/Contact-Trein.jpg\" alt=\"Contact Trein\" itemprop=\"image\" height=\"928\" width=\"1280\" title=\"Contact Trein\" onerror=\"this.style.display='none'\"  sizes=\"(max-width: 760px) 100vw, 100vw\" srcset=\"data:image\/svg+xml;utf8,&lt;svg%20xmlns=&quot;http:\/\/www.w3.org\/2000\/svg&quot;%20viewBox=&quot;0%200%201280%20928&quot;%20height=&quot;928px&quot;%20width=&quot;1280px&quot;\/&gt;\" data-srcset=\"https:\/\/www.masmialou.com\/wp-content\/uploads\/2021\/02\/Contact-Trein.jpg 1280w, https:\/\/www.masmialou.com\/wp-content\/uploads\/2021\/02\/Contact-Trein-300x218.jpg 300w, https:\/\/www.masmialou.com\/wp-content\/uploads\/2021\/02\/Contact-Trein-1024x742.jpg 1024w, https:\/\/www.masmialou.com\/wp-content\/uploads\/2021\/02\/Contact-Trein-768x557.jpg 768w, https:\/\/www.masmialou.com\/wp-content\/uploads\/2021\/02\/Contact-Trein-1260x914.jpg 1260w, https:\/\/www.masmialou.com\/wp-content\/uploads\/2021\/02\/Contact-Trein-630x457.jpg 630w, https:\/\/www.masmialou.com\/wp-content\/uploads\/2021\/02\/Contact-Trein-420x305.jpg 420w, https:\/\/www.masmialou.com\/wp-content\/uploads\/2021\/02\/Contact-Trein-840x609.jpg 840w, https:\/\/www.masmialou.com\/wp-content\/uploads\/2021\/02\/Contact-Trein-315x228.jpg 315w\" \/>\t\t\t\t\t\t\t\n\n<\/div><!-- .vgblk-rw-wrapper -->","protected":false},"excerpt":{"rendered":"<p>Anfahrt Mas Mialou ist mit dem Auto oder Flugzeug leicht zu erreichen. Wenn Du nicht den ganzen Weg fahren m\u00f6chtest, kannst Du das Flugzeug nehmen und in wenigen Stunden am&#8230;<\/p>\n","protected":false},"author":2,"featured_media":25562,"parent":0,"menu_order":13,"comment_status":"closed","ping_status":"closed","template":"","meta":{"om_disable_all_campaigns":false,"_monsterinsights_skip_tracking":false,"_monsterinsights_sitenote_active":false,"_monsterinsights_sitenote_note":"","_monsterinsights_sitenote_category":0},"aioseo_notices":[],"yoast_head":"<!-- This site is optimized with the Yoast SEO plugin v21.1 - https:\/\/yoast.com\/wordpress\/plugins\/seo\/ -->\n<title>Anreise | Mas Mialou<\/title>\n<meta name=\"robots\" content=\"index, follow, max-snippet:-1, max-image-preview:large, max-video-preview:-1\" \/>\n<link rel=\"canonical\" href=\"https:\/\/www.masmialou.com\/de\/anreise\" \/>\n<meta property=\"og:locale\" content=\"de_DE\" \/>\n<meta property=\"og:type\" content=\"article\" \/>\n<meta property=\"og:title\" content=\"Anreise | Mas Mialou\" \/>\n<meta property=\"og:description\" content=\"Anfahrt Mas Mialou ist mit dem Auto oder Flugzeug leicht zu erreichen. Wenn Du nicht den ganzen Weg fahren m\u00f6chtest, kannst Du das Flugzeug nehmen und in wenigen Stunden am...\" \/>\n<meta property=\"og:url\" content=\"https:\/\/www.masmialou.com\/de\/anreise\" \/>\n<meta property=\"og:site_name\" content=\"Mas Mialou\" \/>\n<meta property=\"article:publisher\" content=\"https:\/\/www.facebook.com\/masmialou\/\" \/>\n<meta property=\"article:modified_time\" content=\"2021-02-11T22:44:33+00:00\" \/>\n<meta property=\"og:image\" content=\"https:\/\/www.masmialou.com\/wp-content\/uploads\/2018\/03\/Google-Maps.jpg\" \/>\n\t<meta property=\"og:image:width\" content=\"1600\" \/>\n\t<meta property=\"og:image:height\" content=\"300\" \/>\n\t<meta property=\"og:image:type\" content=\"image\/jpeg\" \/>\n<meta name=\"twitter:card\" content=\"summary_large_image\" \/>\n<meta name=\"twitter:site\" content=\"@masmialou\" \/>\n<meta name=\"twitter:label1\" content=\"Gesch\u00e4tzte Lesezeit\" \/>\n\t<meta name=\"twitter:data1\" content=\"2\u00a0Minuten\" \/>\n<script type=\"application\/ld+json\" class=\"yoast-schema-graph\">{\"@context\":\"https:\/\/schema.org\",\"@graph\":[{\"@type\":\"WebPage\",\"@id\":\"https:\/\/www.masmialou.com\/de\/anreise\",\"url\":\"https:\/\/www.masmialou.com\/de\/anreise\",\"name\":\"Anreise | Mas Mialou\",\"isPartOf\":{\"@id\":\"https:\/\/www.masmialou.com\/de\/#website\"},\"datePublished\":\"2018-03-26T20:17:47+00:00\",\"dateModified\":\"2021-02-11T22:44:33+00:00\",\"breadcrumb\":{\"@id\":\"https:\/\/www.masmialou.com\/de\/anreise#breadcrumb\"},\"inLanguage\":\"de\",\"potentialAction\":[{\"@type\":\"ReadAction\",\"target\":[\"https:\/\/www.masmialou.com\/de\/anreise\"]}]},{\"@type\":\"BreadcrumbList\",\"@id\":\"https:\/\/www.masmialou.com\/de\/anreise#breadcrumb\",\"itemListElement\":[{\"@type\":\"ListItem\",\"position\":1,\"name\":\"Home\",\"item\":\"https:\/\/www.masmialou.com\/de\"},{\"@type\":\"ListItem\",\"position\":2,\"name\":\"Anreise\"}]},{\"@type\":\"WebSite\",\"@id\":\"https:\/\/www.masmialou.com\/de\/#website\",\"url\":\"https:\/\/www.masmialou.com\/de\/\",\"name\":\"Mas Mialou\",\"description\":\"G\u00eetes \/ Appartements\",\"publisher\":{\"@id\":\"https:\/\/www.masmialou.com\/de\/#organization\"},\"potentialAction\":[{\"@type\":\"SearchAction\",\"target\":{\"@type\":\"EntryPoint\",\"urlTemplate\":\"https:\/\/www.masmialou.com\/de\/?s={search_term_string}\"},\"query-input\":\"required name=search_term_string\"}],\"inLanguage\":\"de\"},{\"@type\":\"Organization\",\"@id\":\"https:\/\/www.masmialou.com\/de\/#organization\",\"name\":\"Mas Mialou\",\"url\":\"https:\/\/www.masmialou.com\/de\/\",\"logo\":{\"@type\":\"ImageObject\",\"inLanguage\":\"de\",\"@id\":\"https:\/\/www.masmialou.com\/de\/#\/schema\/logo\/image\/\",\"url\":\"https:\/\/www.masmialou.com\/wp-content\/uploads\/2021\/03\/Logo-Mas-Mialou-2019-1.png\",\"contentUrl\":\"https:\/\/www.masmialou.com\/wp-content\/uploads\/2021\/03\/Logo-Mas-Mialou-2019-1.png\",\"width\":800,\"height\":323,\"caption\":\"Mas Mialou\"},\"image\":{\"@id\":\"https:\/\/www.masmialou.com\/de\/#\/schema\/logo\/image\/\"},\"sameAs\":[\"https:\/\/www.facebook.com\/masmialou\/\",\"https:\/\/twitter.com\/masmialou\",\"https:\/\/www.instagram.com\/masmialou\/\",\"https:\/\/www.linkedin.com\/company\/mas-mialou\/about\/\",\"https:\/\/nl.pinterest.com\/masmialou\/\"]}]}<\/script>\n<!-- \/ Yoast SEO plugin. -->","yoast_head_json":{"title":"Anreise | Mas Mialou","robots":{"index":"index","follow":"follow","max-snippet":"max-snippet:-1","max-image-preview":"max-image-preview:large","max-video-preview":"max-video-preview:-1"},"canonical":"https:\/\/www.masmialou.com\/de\/anreise","og_locale":"de_DE","og_type":"article","og_title":"Anreise | Mas Mialou","og_description":"Anfahrt Mas Mialou ist mit dem Auto oder Flugzeug leicht zu erreichen. Wenn Du nicht den ganzen Weg fahren m\u00f6chtest, kannst Du das Flugzeug nehmen und in wenigen Stunden am...","og_url":"https:\/\/www.masmialou.com\/de\/anreise","og_site_name":"Mas Mialou","article_publisher":"https:\/\/www.facebook.com\/masmialou\/","article_modified_time":"2021-02-11T22:44:33+00:00","og_image":[{"width":1600,"height":300,"url":"https:\/\/www.masmialou.com\/wp-content\/uploads\/2018\/03\/Google-Maps.jpg","type":"image\/jpeg"}],"twitter_card":"summary_large_image","twitter_site":"@masmialou","twitter_misc":{"Gesch\u00e4tzte Lesezeit":"2\u00a0Minuten"},"schema":{"@context":"https:\/\/schema.org","@graph":[{"@type":"WebPage","@id":"https:\/\/www.masmialou.com\/de\/anreise","url":"https:\/\/www.masmialou.com\/de\/anreise","name":"Anreise | Mas Mialou","isPartOf":{"@id":"https:\/\/www.masmialou.com\/de\/#website"},"datePublished":"2018-03-26T20:17:47+00:00","dateModified":"2021-02-11T22:44:33+00:00","breadcrumb":{"@id":"https:\/\/www.masmialou.com\/de\/anreise#breadcrumb"},"inLanguage":"de","potentialAction":[{"@type":"ReadAction","target":["https:\/\/www.masmialou.com\/de\/anreise"]}]},{"@type":"BreadcrumbList","@id":"https:\/\/www.masmialou.com\/de\/anreise#breadcrumb","itemListElement":[{"@type":"ListItem","position":1,"name":"Home","item":"https:\/\/www.masmialou.com\/de"},{"@type":"ListItem","position":2,"name":"Anreise"}]},{"@type":"WebSite","@id":"https:\/\/www.masmialou.com\/de\/#website","url":"https:\/\/www.masmialou.com\/de\/","name":"Mas Mialou","description":"G\u00eetes \/ Appartements","publisher":{"@id":"https:\/\/www.masmialou.com\/de\/#organization"},"potentialAction":[{"@type":"SearchAction","target":{"@type":"EntryPoint","urlTemplate":"https:\/\/www.masmialou.com\/de\/?s={search_term_string}"},"query-input":"required name=search_term_string"}],"inLanguage":"de"},{"@type":"Organization","@id":"https:\/\/www.masmialou.com\/de\/#organization","name":"Mas Mialou","url":"https:\/\/www.masmialou.com\/de\/","logo":{"@type":"ImageObject","inLanguage":"de","@id":"https:\/\/www.masmialou.com\/de\/#\/schema\/logo\/image\/","url":"https:\/\/www.masmialou.com\/wp-content\/uploads\/2021\/03\/Logo-Mas-Mialou-2019-1.png","contentUrl":"https:\/\/www.masmialou.com\/wp-content\/uploads\/2021\/03\/Logo-Mas-Mialou-2019-1.png","width":800,"height":323,"caption":"Mas Mialou"},"image":{"@id":"https:\/\/www.masmialou.com\/de\/#\/schema\/logo\/image\/"},"sameAs":["https:\/\/www.facebook.com\/masmialou\/","https:\/\/twitter.com\/masmialou","https:\/\/www.instagram.com\/masmialou\/","https:\/\/www.linkedin.com\/company\/mas-mialou\/about\/","https:\/\/nl.pinterest.com\/masmialou\/"]}]}},"_links":{"self":[{"href":"https:\/\/www.masmialou.com\/de\/wp-json\/wp\/v2\/pages\/25560"}],"collection":[{"href":"https:\/\/www.masmialou.com\/de\/wp-json\/wp\/v2\/pages"}],"about":[{"href":"https:\/\/www.masmialou.com\/de\/wp-json\/wp\/v2\/types\/page"}],"author":[{"embeddable":true,"href":"https:\/\/www.masmialou.com\/de\/wp-json\/wp\/v2\/users\/2"}],"replies":[{"embeddable":true,"href":"https:\/\/www.masmialou.com\/de\/wp-json\/wp\/v2\/comments?post=25560"}],"version-history":[{"count":6,"href":"https:\/\/www.masmialou.com\/de\/wp-json\/wp\/v2\/pages\/25560\/revisions"}],"predecessor-version":[{"id":25695,"href":"https:\/\/www.masmialou.com\/de\/wp-json\/wp\/v2\/pages\/25560\/revisions\/25695"}],"wp:featuredmedia":[{"embeddable":true,"href":"https:\/\/www.masmialou.com\/de\/wp-json\/wp\/v2\/media\/25562"}],"wp:attachment":[{"href":"https:\/\/www.masmialou.com\/de\/wp-json\/wp\/v2\/media?parent=25560"}],"curies":[{"name":"wp","href":"https:\/\/api.w.org\/{rel}","templated":true}]}}