{"id":28750,"date":"2024-11-18T20:50:46","date_gmt":"2024-11-18T19:50:46","guid":{"rendered":"https:\/\/www.masmialou.com\/?page_id=28750"},"modified":"2026-05-04T22:38:39","modified_gmt":"2026-05-04T21:38:39","slug":"legarage","status":"publish","type":"page","link":"https:\/\/www.masmialou.com\/de\/legarage","title":{"rendered":"Le Garage"},"content":{"rendered":"<div class=\"vgblk-rw-wrapper limit-wrapper\">\n<h2>\n\tLe Garage\n\t<\/h2>\n\t<p>Die neueste und luxuri\u00f6seste Wohnung von Mas Mialou. Die Garage sowie der Schweine- und Eselstall wurden in ein wundersch\u00f6nes G\u00eete verwandelt. Mit zwei Schlafzimmern, einem gro\u00dfen Wohnzimmer, einer gut ausgestatteten K\u00fcche, einem luxuri\u00f6sen Badezimmer und einer gro\u00dfz\u00fcgigen Terrasse ist Le Garage mit allem ausgestattet.<\/p>\n<h3>\n\tDie Schlafzimmer\n\t<\/h3>\n\t<p>In Le Garage schlafen Sie im alten Schweinestall oder Eselstall. Beide Schlafzimmer sind geschmackvoll und mit Liebe zum Detail eingerichtet. Im Schweinestall f\u00e4llt die sch\u00f6n renovierte, ziegelsteinene Decke auf, ebenso wie die verschiedenen Nischen in den steinernen W\u00e4nden. Im alten Eselstall h\u00e4ngt immer noch die Futterkrippe, aus der die Tiere das Heu a\u00dfen. Holzbalken schm\u00fccken die hohe Decke.<\/p>\n<p>Beide Schlafzimmer haben eine eigene Klimaanlage, die im Sommer k\u00fchlen und im Winter w\u00e4rmen kann.<\/p>\n<p>Die Betten sind bei Ihrer Ankunft bereits bezogen. Es ist m\u00f6glich, ein Kinderbett aufzustellen.<\/p>\n\t<strong>Zimmer 1: Schweinestall<\/strong><br>\n&#8211; Schrank mit Regalb\u00f6den<br>\n&#8211; Kleiderst\u00e4nder<br>\n&#8211; 1 gro\u00dfes Bett mit Topper\n\t<strong>Zimmer 2: Eselstall<\/strong><br>\n&#8211; Regal mit B\u00f6den<br>\n&#8211; 1 gro\u00dfes Bett mit Topper oder 2 Einzelbetten\n<h3>\n\tDie K\u00fcche\n\t<\/h3>\n\tDie K\u00fcche ist mit allen notwendigen Ger\u00e4ten ausgestattet. Bei Ihrer Ankunft finden Sie immer einige Grundvorr\u00e4te vor (Kaffee, Tee, Zucker, Kaffeefilter, Pasta, Reis, Sp\u00fclmittel, Seife, Geschirrsp\u00fcltabs).\n&#8211; Geschirrsp\u00fcler<br>\n&#8211; Mikrowelle<br>\n&#8211; Backofen<br>\n&#8211; KInduktionskochfeld<br>\n&#8211; Gro\u00dfes K\u00fchlschrank<br>\n&#8211; Kaffeemaschinen (Filter und Nespresso)<br>\n&#8211; Toaster<br>\n&#8211; K\u00fcchentextilien<br>\n&#8211; Bluetooth-Lautsprecher\n<h3>\n\tWohnzimmer\n\t<\/h3>\n\t<p>Die alte Garage wurde in ein ger\u00e4umiges Wohnzimmer und eine gro\u00dfe K\u00fcche verwandelt. Vom Sofa aus blickt man durch gro\u00dfe, aufschwingbare T\u00fcren in den gr\u00fcnen Garten. Am runden Esstisch l\u00e4sst es sich gem\u00fctlich speisen und in der K\u00fcche l\u00e4sst sich gut kochen.<\/p>\n<p>M\u00f6glichkeit, einen Kinderstuhl hinzuzuf\u00fcgen.<\/p>\n<h3>\n\tDas Badezimmer\n\t<\/h3>\n\t<p>Das moderne Badezimmer ist brandneu, sauber und funktional. F\u00fcr jeden Gast ist ein Set Handt\u00fccher vorhanden (1 gro\u00dfes, 1 kleines und 1 Waschlappen). Bei Ihrer Ankunft sorgen wir f\u00fcr Shampoo, Duschgel, Seife und Toilettenpapier.<\/p>\n<p>Ein Haartrockner steht ebenfalls zur Verf\u00fcgung.<\/p>\n<p>&nbsp;<\/p>\n\t<a href=\"https:\/\/www.masmialou.com\/de\/preise\" target=\"_self\" role=\"button\" rel=\"noopener\">\n\t\t\t\t\tKlicke hier f\u00fcr Preise\n\t<\/a>\n<\/div><!-- .vgblk-rw-wrapper -->","protected":false},"excerpt":{"rendered":"<p>Le Garage Die neueste und luxuri\u00f6seste Wohnung von Mas Mialou. Die Garage sowie der Schweine- und Eselstall wurden in ein wundersch\u00f6nes G\u00eete verwandelt. Mit zwei Schlafzimmern, einem gro\u00dfen Wohnzimmer, einer&#8230;<\/p>\n","protected":false},"author":2,"featured_media":0,"parent":0,"menu_order":5,"comment_status":"closed","ping_status":"closed","template":"","meta":{"om_disable_all_campaigns":false,"_monsterinsights_skip_tracking":false,"_monsterinsights_sitenote_active":false,"_monsterinsights_sitenote_note":"","_monsterinsights_sitenote_category":0},"aioseo_notices":[],"yoast_head":"<!-- This site is optimized with the Yoast SEO plugin v21.1 - https:\/\/yoast.com\/wordpress\/plugins\/seo\/ -->\n<title>Le Garage | Mas Mialou<\/title>\n<meta name=\"robots\" content=\"index, follow, max-snippet:-1, max-image-preview:large, max-video-preview:-1\" \/>\n<link rel=\"canonical\" href=\"https:\/\/www.masmialou.com\/de\/legarage\" \/>\n<meta property=\"og:locale\" content=\"de_DE\" \/>\n<meta property=\"og:type\" content=\"article\" \/>\n<meta property=\"og:title\" content=\"Le Garage | Mas Mialou\" \/>\n<meta property=\"og:description\" content=\"Le Garage Die neueste und luxuri\u00f6seste Wohnung von Mas Mialou. Die Garage sowie der Schweine- und Eselstall wurden in ein wundersch\u00f6nes G\u00eete verwandelt. Mit zwei Schlafzimmern, einem gro\u00dfen Wohnzimmer, einer...\" \/>\n<meta property=\"og:url\" content=\"https:\/\/www.masmialou.com\/de\/legarage\" \/>\n<meta property=\"og:site_name\" content=\"Mas Mialou\" \/>\n<meta property=\"article:publisher\" content=\"https:\/\/www.facebook.com\/masmialou\/\" \/>\n<meta property=\"article:modified_time\" content=\"2026-05-04T21:38:39+00:00\" \/>\n<meta name=\"twitter:card\" content=\"summary_large_image\" \/>\n<meta name=\"twitter:site\" content=\"@masmialou\" \/>\n<meta name=\"twitter:label1\" content=\"Gesch\u00e4tzte Lesezeit\" \/>\n\t<meta name=\"twitter:data1\" content=\"2\u00a0Minuten\" \/>\n<script type=\"application\/ld+json\" class=\"yoast-schema-graph\">{\"@context\":\"https:\/\/schema.org\",\"@graph\":[{\"@type\":\"WebPage\",\"@id\":\"https:\/\/www.masmialou.com\/de\/legarage\",\"url\":\"https:\/\/www.masmialou.com\/de\/legarage\",\"name\":\"Le Garage | Mas Mialou\",\"isPartOf\":{\"@id\":\"https:\/\/www.masmialou.com\/de\/#website\"},\"datePublished\":\"2024-11-18T19:50:46+00:00\",\"dateModified\":\"2026-05-04T21:38:39+00:00\",\"breadcrumb\":{\"@id\":\"https:\/\/www.masmialou.com\/de\/legarage#breadcrumb\"},\"inLanguage\":\"de\",\"potentialAction\":[{\"@type\":\"ReadAction\",\"target\":[\"https:\/\/www.masmialou.com\/de\/legarage\"]}]},{\"@type\":\"BreadcrumbList\",\"@id\":\"https:\/\/www.masmialou.com\/de\/legarage#breadcrumb\",\"itemListElement\":[{\"@type\":\"ListItem\",\"position\":1,\"name\":\"Home\",\"item\":\"https:\/\/www.masmialou.com\/de\"},{\"@type\":\"ListItem\",\"position\":2,\"name\":\"Le Garage\"}]},{\"@type\":\"WebSite\",\"@id\":\"https:\/\/www.masmialou.com\/de\/#website\",\"url\":\"https:\/\/www.masmialou.com\/de\/\",\"name\":\"Mas Mialou\",\"description\":\"G\u00eetes \/ Appartements\",\"publisher\":{\"@id\":\"https:\/\/www.masmialou.com\/de\/#organization\"},\"potentialAction\":[{\"@type\":\"SearchAction\",\"target\":{\"@type\":\"EntryPoint\",\"urlTemplate\":\"https:\/\/www.masmialou.com\/de\/?s={search_term_string}\"},\"query-input\":\"required name=search_term_string\"}],\"inLanguage\":\"de\"},{\"@type\":\"Organization\",\"@id\":\"https:\/\/www.masmialou.com\/de\/#organization\",\"name\":\"Mas Mialou\",\"url\":\"https:\/\/www.masmialou.com\/de\/\",\"logo\":{\"@type\":\"ImageObject\",\"inLanguage\":\"de\",\"@id\":\"https:\/\/www.masmialou.com\/de\/#\/schema\/logo\/image\/\",\"url\":\"https:\/\/www.masmialou.com\/wp-content\/uploads\/2021\/03\/Logo-Mas-Mialou-2019-1.png\",\"contentUrl\":\"https:\/\/www.masmialou.com\/wp-content\/uploads\/2021\/03\/Logo-Mas-Mialou-2019-1.png\",\"width\":800,\"height\":323,\"caption\":\"Mas Mialou\"},\"image\":{\"@id\":\"https:\/\/www.masmialou.com\/de\/#\/schema\/logo\/image\/\"},\"sameAs\":[\"https:\/\/www.facebook.com\/masmialou\/\",\"https:\/\/twitter.com\/masmialou\",\"https:\/\/www.instagram.com\/masmialou\/\",\"https:\/\/www.linkedin.com\/company\/mas-mialou\/about\/\",\"https:\/\/nl.pinterest.com\/masmialou\/\"]}]}<\/script>\n<!-- \/ Yoast SEO plugin. -->","yoast_head_json":{"title":"Le Garage | Mas Mialou","robots":{"index":"index","follow":"follow","max-snippet":"max-snippet:-1","max-image-preview":"max-image-preview:large","max-video-preview":"max-video-preview:-1"},"canonical":"https:\/\/www.masmialou.com\/de\/legarage","og_locale":"de_DE","og_type":"article","og_title":"Le Garage | Mas Mialou","og_description":"Le Garage Die neueste und luxuri\u00f6seste Wohnung von Mas Mialou. Die Garage sowie der Schweine- und Eselstall wurden in ein wundersch\u00f6nes G\u00eete verwandelt. Mit zwei Schlafzimmern, einem gro\u00dfen Wohnzimmer, einer...","og_url":"https:\/\/www.masmialou.com\/de\/legarage","og_site_name":"Mas Mialou","article_publisher":"https:\/\/www.facebook.com\/masmialou\/","article_modified_time":"2026-05-04T21:38:39+00:00","twitter_card":"summary_large_image","twitter_site":"@masmialou","twitter_misc":{"Gesch\u00e4tzte Lesezeit":"2\u00a0Minuten"},"schema":{"@context":"https:\/\/schema.org","@graph":[{"@type":"WebPage","@id":"https:\/\/www.masmialou.com\/de\/legarage","url":"https:\/\/www.masmialou.com\/de\/legarage","name":"Le Garage | Mas Mialou","isPartOf":{"@id":"https:\/\/www.masmialou.com\/de\/#website"},"datePublished":"2024-11-18T19:50:46+00:00","dateModified":"2026-05-04T21:38:39+00:00","breadcrumb":{"@id":"https:\/\/www.masmialou.com\/de\/legarage#breadcrumb"},"inLanguage":"de","potentialAction":[{"@type":"ReadAction","target":["https:\/\/www.masmialou.com\/de\/legarage"]}]},{"@type":"BreadcrumbList","@id":"https:\/\/www.masmialou.com\/de\/legarage#breadcrumb","itemListElement":[{"@type":"ListItem","position":1,"name":"Home","item":"https:\/\/www.masmialou.com\/de"},{"@type":"ListItem","position":2,"name":"Le Garage"}]},{"@type":"WebSite","@id":"https:\/\/www.masmialou.com\/de\/#website","url":"https:\/\/www.masmialou.com\/de\/","name":"Mas Mialou","description":"G\u00eetes \/ Appartements","publisher":{"@id":"https:\/\/www.masmialou.com\/de\/#organization"},"potentialAction":[{"@type":"SearchAction","target":{"@type":"EntryPoint","urlTemplate":"https:\/\/www.masmialou.com\/de\/?s={search_term_string}"},"query-input":"required name=search_term_string"}],"inLanguage":"de"},{"@type":"Organization","@id":"https:\/\/www.masmialou.com\/de\/#organization","name":"Mas Mialou","url":"https:\/\/www.masmialou.com\/de\/","logo":{"@type":"ImageObject","inLanguage":"de","@id":"https:\/\/www.masmialou.com\/de\/#\/schema\/logo\/image\/","url":"https:\/\/www.masmialou.com\/wp-content\/uploads\/2021\/03\/Logo-Mas-Mialou-2019-1.png","contentUrl":"https:\/\/www.masmialou.com\/wp-content\/uploads\/2021\/03\/Logo-Mas-Mialou-2019-1.png","width":800,"height":323,"caption":"Mas Mialou"},"image":{"@id":"https:\/\/www.masmialou.com\/de\/#\/schema\/logo\/image\/"},"sameAs":["https:\/\/www.facebook.com\/masmialou\/","https:\/\/twitter.com\/masmialou","https:\/\/www.instagram.com\/masmialou\/","https:\/\/www.linkedin.com\/company\/mas-mialou\/about\/","https:\/\/nl.pinterest.com\/masmialou\/"]}]}},"_links":{"self":[{"href":"https:\/\/www.masmialou.com\/de\/wp-json\/wp\/v2\/pages\/28750"}],"collection":[{"href":"https:\/\/www.masmialou.com\/de\/wp-json\/wp\/v2\/pages"}],"about":[{"href":"https:\/\/www.masmialou.com\/de\/wp-json\/wp\/v2\/types\/page"}],"author":[{"embeddable":true,"href":"https:\/\/www.masmialou.com\/de\/wp-json\/wp\/v2\/users\/2"}],"replies":[{"embeddable":true,"href":"https:\/\/www.masmialou.com\/de\/wp-json\/wp\/v2\/comments?post=28750"}],"version-history":[{"count":9,"href":"https:\/\/www.masmialou.com\/de\/wp-json\/wp\/v2\/pages\/28750\/revisions"}],"predecessor-version":[{"id":28795,"href":"https:\/\/www.masmialou.com\/de\/wp-json\/wp\/v2\/pages\/28750\/revisions\/28795"}],"wp:attachment":[{"href":"https:\/\/www.masmialou.com\/de\/wp-json\/wp\/v2\/media?parent=28750"}],"curies":[{"name":"wp","href":"https:\/\/api.w.org\/{rel}","templated":true}]}}