{"id":25377,"date":"2018-03-26T21:17:47","date_gmt":"2018-03-26T20:17:47","guid":{"rendered":"https:\/\/www.masmialou.com\/route-beschrijving"},"modified":"2021-02-11T23:42:26","modified_gmt":"2021-02-11T22:42:26","slug":"access","status":"publish","type":"page","link":"https:\/\/www.masmialou.com\/en\/access","title":{"rendered":"Access"},"content":{"rendered":"<div class=\"vgblk-rw-wrapper limit-wrapper\">\n<h3>\n\tAccessibility\n\t<\/h3>\n\t<h5>Mas Mialou is easily accessible by car and plane. If you don&#8217;t feel like driving all the way, you can catch a plane and be at your destination in a few hours.<\/h5>\n<h5>Below you will find an overview of all the different flights. We recommend that you rent a car so that you can discover the beautiful surroundings.<br \/>\nBut we are also easy to reach by train and bus.<\/h5>\n<h3>\n\tBy Car\n\t<\/h3>\n\tThere are several routes you can take to Mas Mialou. A few examples;<br \/>\n1. Lyon, Bagnols-s\u00fbr-C\u00e8ze, Al\u00e8s, Saint-Jean-du-Gard<br \/>\n2. Lyon, N\u00eemes, Saint-Jean-du-Gard<br \/>\n3. Via Parijs, Orleans, Clermont-Ferrand, Florac, Saint-Jean-du-Gard<br \/>\n4. Parijs, Nevers, Clermont-Ferrand, Florac, Saint-Jean-du-Gard\n<p>We always prefer to take route 4, even if it takes a bit longer to drive. The reason? it is a very quiet road, because this is not such a well-known route. It is cheaper, because you pay less road tax. And the last hour and a half of your trip you will drive through the Cevennes, which will give you immediately a good idea of \u200b\u200bthe surroundings and evoke the necessary oh&#8217;s and ah&#8217;s!<\/p>\n<p>Through <a href=\"https:\/\/www.google.fr\/maps\/place\/Mas+Mialou\/@44.1014053,3.8829242,16z\/data=!4m5!3m4!1s0x12b4721884a21d39:0xae65c786671172d3!8m2!3d44.09951!4d3.886234\" target=\"_blank\" rel=\"noopener noreferrer\">Google maps<\/a> or <a href=\"https:\/\/www.waze.com\/\">Waze<\/a> you can find the fastest way .<\/p>\n<p>Arriving in the village of Saint-Jean-du-Gard, go straight through the center of the village and go over the bridge. When you arrive at the train station, turn left towards the sports fields. Here you drive straight on until the roundabout where you have to take the right turn. Cross the railway and immediately turn right into the private road, after the small house with the red shutters on your right. In the corner of this road you will see Mas Mialou. Welcome!<\/p>\n<b>Electric car<\/b><br \/>\nWould you like to go on holiday with an electric car? No problem. At 600m from Mas Mialou, you will find electric charging stations from R\u00e9v\u00e9o.\n<p>Address: Rue Beaux de Maguielle, Saint-Jean-du-Gard<\/p>\n\t\t<iframe src=\"https:\/\/maps.google.com\/maps?q=mas+Mialou&#038;iwloc=near&#038;output=embed\" height=\"250\" frameborder=\"0\"><\/iframe>\n<h3>\n\tBy Plane\n\t<\/h3>\n\t<p>You have several possibilities to reach us by plane. Please find below the airports the most nearby.<\/p>\n<b>Distance from airport to Saint-Jean-du-Gard<br \/>\n<\/b>&#8211; N\u00eemes: 1h, 70 km<br \/>\n&#8211; Montpellier: 1h15 min, 82 km<br \/>\n&#8211; Marseille: 1h50 min, 160 km<br \/>\n&#8211; B\u00e9zier: 1h50 min, 145 km<br \/>\n&#8211; Perpignan: 2h35 min, 230 km<br \/>\n&#8211; Carcassone: 2h38 min, 236 km\n<b>Some airline links<\/b><a href=\"https:\/\/www.lowcostairlines.nl\/frankrijk\/\"><br \/>\n<\/a><a href=\"http:\/\/www.easyjet.com\/\">www.easyjet.com\/<br \/>\n<\/a><a href=\"https:\/\/www.ryanair.com\/\">www.ryanair.com\/<\/a><br \/>\n<a href=\"https:\/\/www.brusselsairlines.com\/\">www.brusselsairlines.com\/<br \/>\n<\/a><a href=\"https:\/\/www.transavia.com\/\">www.transavia.com\/<br \/>\n<\/a><a href=\"http:\/\/www.klm.com\/\">www.klm.com\/<\/a><br \/>\n<a href=\"http:\/\/www.airfrance.com\/\">www.airfrance.com\/<\/a><br \/>\n<a href=\"http:\/\/www.aeroport-carcassonne.com\/\" target=\"_blank\" rel=\"noopener\">www.aeroport-carcassonne.com<\/a><br \/>\n<a href=\"http:\/\/www.montpellier.aeroport.fr\/\" target=\"_blank\" rel=\"noopener\">www.montpellier.aeroport.fr<\/a><br \/>\n<a href=\"http:\/\/www.beziers.aeroport.fr\/\" target=\"_blank\" rel=\"noopener\">www.beziers.aeroport.fr<\/a><br \/>\n<a href=\"https:\/\/www.nimes.aeroport.fr\/\">www.nimes.aeroport.fr\/<\/a>\n<h3>\n\tBy Train\n\t<\/h3>\n\tDo you prefer to travel by train? This is also possible. You will find the nearest train station in Al\u00e8s.<br \/>\nFrom the Al\u00e8s train station you can take bus 72 to Saint-Jean-du-gard.\n\n<p>The timetable for the bus could be found here: <a href=\"https:\/\/www.ntecc.fr\/se-deplacer\/les-fiches-horaires\/rechercher-une-fiche-horaires\/?no_cache=1\">www.ntecc.fr<\/a>.<\/p>\n<p>&nbsp;<\/p>\n\t\t\t\t\t\t\t<img decoding=\"async\" loading=\"lazy\" src=\"https:\/\/www.masmialou.com\/wp-content\/uploads\/2021\/02\/Contact-Trein.jpg\" alt=\"Contact Trein\" itemprop=\"image\" height=\"928\" width=\"1280\" title=\"Contact Trein\" onerror=\"this.style.display='none'\"  sizes=\"(max-width: 760px) 100vw, 100vw\" srcset=\"data:image\/svg+xml;utf8,&lt;svg%20xmlns=&quot;http:\/\/www.w3.org\/2000\/svg&quot;%20viewBox=&quot;0%200%201280%20928&quot;%20height=&quot;928px&quot;%20width=&quot;1280px&quot;\/&gt;\" data-srcset=\"https:\/\/www.masmialou.com\/wp-content\/uploads\/2021\/02\/Contact-Trein.jpg 1280w, https:\/\/www.masmialou.com\/wp-content\/uploads\/2021\/02\/Contact-Trein-300x218.jpg 300w, https:\/\/www.masmialou.com\/wp-content\/uploads\/2021\/02\/Contact-Trein-1024x742.jpg 1024w, https:\/\/www.masmialou.com\/wp-content\/uploads\/2021\/02\/Contact-Trein-768x557.jpg 768w, https:\/\/www.masmialou.com\/wp-content\/uploads\/2021\/02\/Contact-Trein-1260x914.jpg 1260w, https:\/\/www.masmialou.com\/wp-content\/uploads\/2021\/02\/Contact-Trein-630x457.jpg 630w, https:\/\/www.masmialou.com\/wp-content\/uploads\/2021\/02\/Contact-Trein-420x305.jpg 420w, https:\/\/www.masmialou.com\/wp-content\/uploads\/2021\/02\/Contact-Trein-840x609.jpg 840w, https:\/\/www.masmialou.com\/wp-content\/uploads\/2021\/02\/Contact-Trein-315x228.jpg 315w\" \/>\t\t\t\t\t\t\t\n\n<\/div><!-- .vgblk-rw-wrapper -->","protected":false},"excerpt":{"rendered":"<p>Accessibility Mas Mialou is easily accessible by car and plane. If you don&#8217;t feel like driving all the way, you can catch a plane and be at your destination in&#8230;<\/p>\n","protected":false},"author":2,"featured_media":2526,"parent":0,"menu_order":13,"comment_status":"closed","ping_status":"closed","template":"","meta":{"om_disable_all_campaigns":false,"_monsterinsights_skip_tracking":false,"_monsterinsights_sitenote_active":false,"_monsterinsights_sitenote_note":"","_monsterinsights_sitenote_category":0},"aioseo_notices":[],"yoast_head":"<!-- This site is optimized with the Yoast SEO plugin v21.1 - https:\/\/yoast.com\/wordpress\/plugins\/seo\/ -->\n<title>Access | Mas Mialou<\/title>\n<meta name=\"robots\" content=\"index, follow, max-snippet:-1, max-image-preview:large, max-video-preview:-1\" \/>\n<link rel=\"canonical\" href=\"https:\/\/www.masmialou.com\/en\/access\" \/>\n<meta property=\"og:locale\" content=\"en_US\" \/>\n<meta property=\"og:type\" content=\"article\" \/>\n<meta property=\"og:title\" content=\"Access | Mas Mialou\" \/>\n<meta property=\"og:description\" content=\"Accessibility Mas Mialou is easily accessible by car and plane. If you don&#8217;t feel like driving all the way, you can catch a plane and be at your destination in...\" \/>\n<meta property=\"og:url\" content=\"https:\/\/www.masmialou.com\/en\/access\" \/>\n<meta property=\"og:site_name\" content=\"Mas Mialou\" \/>\n<meta property=\"article:publisher\" content=\"https:\/\/www.facebook.com\/masmialou\/\" \/>\n<meta property=\"article:modified_time\" content=\"2021-02-11T22:42:26+00:00\" \/>\n<meta property=\"og:image\" content=\"https:\/\/www.masmialou.com\/wp-content\/uploads\/2018\/03\/Google-Maps.jpg\" \/>\n\t<meta property=\"og:image:width\" content=\"1600\" \/>\n\t<meta property=\"og:image:height\" content=\"300\" \/>\n\t<meta property=\"og:image:type\" content=\"image\/jpeg\" \/>\n<meta name=\"twitter:card\" content=\"summary_large_image\" \/>\n<meta name=\"twitter:site\" content=\"@masmialou\" \/>\n<meta name=\"twitter:label1\" content=\"Est. reading time\" \/>\n\t<meta name=\"twitter:data1\" content=\"2 minutes\" \/>\n<script type=\"application\/ld+json\" class=\"yoast-schema-graph\">{\"@context\":\"https:\/\/schema.org\",\"@graph\":[{\"@type\":\"WebPage\",\"@id\":\"https:\/\/www.masmialou.com\/en\/access\",\"url\":\"https:\/\/www.masmialou.com\/en\/access\",\"name\":\"Access | Mas Mialou\",\"isPartOf\":{\"@id\":\"https:\/\/www.masmialou.com\/en\/#website\"},\"datePublished\":\"2018-03-26T20:17:47+00:00\",\"dateModified\":\"2021-02-11T22:42:26+00:00\",\"breadcrumb\":{\"@id\":\"https:\/\/www.masmialou.com\/en\/access#breadcrumb\"},\"inLanguage\":\"en-US\",\"potentialAction\":[{\"@type\":\"ReadAction\",\"target\":[\"https:\/\/www.masmialou.com\/en\/access\"]}]},{\"@type\":\"BreadcrumbList\",\"@id\":\"https:\/\/www.masmialou.com\/en\/access#breadcrumb\",\"itemListElement\":[{\"@type\":\"ListItem\",\"position\":1,\"name\":\"Home\",\"item\":\"https:\/\/www.masmialou.com\/en\"},{\"@type\":\"ListItem\",\"position\":2,\"name\":\"Access\"}]},{\"@type\":\"WebSite\",\"@id\":\"https:\/\/www.masmialou.com\/en\/#website\",\"url\":\"https:\/\/www.masmialou.com\/en\/\",\"name\":\"Mas Mialou\",\"description\":\"G\u00eetes \/ Appartements\",\"publisher\":{\"@id\":\"https:\/\/www.masmialou.com\/en\/#organization\"},\"potentialAction\":[{\"@type\":\"SearchAction\",\"target\":{\"@type\":\"EntryPoint\",\"urlTemplate\":\"https:\/\/www.masmialou.com\/en\/?s={search_term_string}\"},\"query-input\":\"required name=search_term_string\"}],\"inLanguage\":\"en-US\"},{\"@type\":\"Organization\",\"@id\":\"https:\/\/www.masmialou.com\/en\/#organization\",\"name\":\"Mas Mialou\",\"url\":\"https:\/\/www.masmialou.com\/en\/\",\"logo\":{\"@type\":\"ImageObject\",\"inLanguage\":\"en-US\",\"@id\":\"https:\/\/www.masmialou.com\/en\/#\/schema\/logo\/image\/\",\"url\":\"https:\/\/www.masmialou.com\/wp-content\/uploads\/2021\/03\/Logo-Mas-Mialou-2019-1.png\",\"contentUrl\":\"https:\/\/www.masmialou.com\/wp-content\/uploads\/2021\/03\/Logo-Mas-Mialou-2019-1.png\",\"width\":800,\"height\":323,\"caption\":\"Mas Mialou\"},\"image\":{\"@id\":\"https:\/\/www.masmialou.com\/en\/#\/schema\/logo\/image\/\"},\"sameAs\":[\"https:\/\/www.facebook.com\/masmialou\/\",\"https:\/\/twitter.com\/masmialou\",\"https:\/\/www.instagram.com\/masmialou\/\",\"https:\/\/www.linkedin.com\/company\/mas-mialou\/about\/\",\"https:\/\/nl.pinterest.com\/masmialou\/\"]}]}<\/script>\n<!-- \/ Yoast SEO plugin. -->","yoast_head_json":{"title":"Access | Mas Mialou","robots":{"index":"index","follow":"follow","max-snippet":"max-snippet:-1","max-image-preview":"max-image-preview:large","max-video-preview":"max-video-preview:-1"},"canonical":"https:\/\/www.masmialou.com\/en\/access","og_locale":"en_US","og_type":"article","og_title":"Access | Mas Mialou","og_description":"Accessibility Mas Mialou is easily accessible by car and plane. If you don&#8217;t feel like driving all the way, you can catch a plane and be at your destination in...","og_url":"https:\/\/www.masmialou.com\/en\/access","og_site_name":"Mas Mialou","article_publisher":"https:\/\/www.facebook.com\/masmialou\/","article_modified_time":"2021-02-11T22:42:26+00:00","og_image":[{"width":1600,"height":300,"url":"https:\/\/www.masmialou.com\/wp-content\/uploads\/2018\/03\/Google-Maps.jpg","type":"image\/jpeg"}],"twitter_card":"summary_large_image","twitter_site":"@masmialou","twitter_misc":{"Est. reading time":"2 minutes"},"schema":{"@context":"https:\/\/schema.org","@graph":[{"@type":"WebPage","@id":"https:\/\/www.masmialou.com\/en\/access","url":"https:\/\/www.masmialou.com\/en\/access","name":"Access | Mas Mialou","isPartOf":{"@id":"https:\/\/www.masmialou.com\/en\/#website"},"datePublished":"2018-03-26T20:17:47+00:00","dateModified":"2021-02-11T22:42:26+00:00","breadcrumb":{"@id":"https:\/\/www.masmialou.com\/en\/access#breadcrumb"},"inLanguage":"en-US","potentialAction":[{"@type":"ReadAction","target":["https:\/\/www.masmialou.com\/en\/access"]}]},{"@type":"BreadcrumbList","@id":"https:\/\/www.masmialou.com\/en\/access#breadcrumb","itemListElement":[{"@type":"ListItem","position":1,"name":"Home","item":"https:\/\/www.masmialou.com\/en"},{"@type":"ListItem","position":2,"name":"Access"}]},{"@type":"WebSite","@id":"https:\/\/www.masmialou.com\/en\/#website","url":"https:\/\/www.masmialou.com\/en\/","name":"Mas Mialou","description":"G\u00eetes \/ Appartements","publisher":{"@id":"https:\/\/www.masmialou.com\/en\/#organization"},"potentialAction":[{"@type":"SearchAction","target":{"@type":"EntryPoint","urlTemplate":"https:\/\/www.masmialou.com\/en\/?s={search_term_string}"},"query-input":"required name=search_term_string"}],"inLanguage":"en-US"},{"@type":"Organization","@id":"https:\/\/www.masmialou.com\/en\/#organization","name":"Mas Mialou","url":"https:\/\/www.masmialou.com\/en\/","logo":{"@type":"ImageObject","inLanguage":"en-US","@id":"https:\/\/www.masmialou.com\/en\/#\/schema\/logo\/image\/","url":"https:\/\/www.masmialou.com\/wp-content\/uploads\/2021\/03\/Logo-Mas-Mialou-2019-1.png","contentUrl":"https:\/\/www.masmialou.com\/wp-content\/uploads\/2021\/03\/Logo-Mas-Mialou-2019-1.png","width":800,"height":323,"caption":"Mas Mialou"},"image":{"@id":"https:\/\/www.masmialou.com\/en\/#\/schema\/logo\/image\/"},"sameAs":["https:\/\/www.facebook.com\/masmialou\/","https:\/\/twitter.com\/masmialou","https:\/\/www.instagram.com\/masmialou\/","https:\/\/www.linkedin.com\/company\/mas-mialou\/about\/","https:\/\/nl.pinterest.com\/masmialou\/"]}]}},"_links":{"self":[{"href":"https:\/\/www.masmialou.com\/en\/wp-json\/wp\/v2\/pages\/25377"}],"collection":[{"href":"https:\/\/www.masmialou.com\/en\/wp-json\/wp\/v2\/pages"}],"about":[{"href":"https:\/\/www.masmialou.com\/en\/wp-json\/wp\/v2\/types\/page"}],"author":[{"embeddable":true,"href":"https:\/\/www.masmialou.com\/en\/wp-json\/wp\/v2\/users\/2"}],"replies":[{"embeddable":true,"href":"https:\/\/www.masmialou.com\/en\/wp-json\/wp\/v2\/comments?post=25377"}],"version-history":[{"count":6,"href":"https:\/\/www.masmialou.com\/en\/wp-json\/wp\/v2\/pages\/25377\/revisions"}],"predecessor-version":[{"id":25694,"href":"https:\/\/www.masmialou.com\/en\/wp-json\/wp\/v2\/pages\/25377\/revisions\/25694"}],"wp:featuredmedia":[{"embeddable":true,"href":"https:\/\/www.masmialou.com\/en\/wp-json\/wp\/v2\/media\/2526"}],"wp:attachment":[{"href":"https:\/\/www.masmialou.com\/en\/wp-json\/wp\/v2\/media?parent=25377"}],"curies":[{"name":"wp","href":"https:\/\/api.w.org\/{rel}","templated":true}]}}