{"id":25625,"date":"2021-01-04T15:15:54","date_gmt":"2021-01-04T14:15:54","guid":{"rendered":"https:\/\/www.masmialou.com\/prijzen"},"modified":"2025-01-26T23:09:29","modified_gmt":"2025-01-26T22:09:29","slug":"prix","status":"publish","type":"page","link":"https:\/\/www.masmialou.com\/fr\/prix","title":{"rendered":"Prix"},"content":{"rendered":"<div class=\"vgblk-rw-wrapper limit-wrapper\">\n<h3>\n\tPrix \n\t<\/h3>\n\t<h5>Tous les prix sont <strong>tout inclus<\/strong>* et bas\u00e9s sur <strong>2 personnes<\/strong>.<br \/>\n<br \/>\nNous facturons un suppl\u00e9ment de<strong> 12,50\u20ac\u00a0 par nuit pour chaque personne suppl\u00e9mentaire<\/strong>**\nA partir de <strong>2 nuits minimum<\/strong>!<\/h5>\n<h3>\n\tPrix Atelier\n\t<\/h3>\n\t\t\t\t\t<h2>Basse saison<\/h2>\n\t\t\t\t\t\t105 \u20ac\n\t\t\t\t\t\t\t\t\t\t\t\t\tpar nuit*\n\t\t\t\t\t<ul>\n\t\t\t\t\t\t\t\t\t\t\t\t\n\t\t\t\t\t\t\t\t\t\t\t<\/ul>\n\t<a href=\"\" target=\"_self\" role=\"button\" rel=\"noopener\">\n\t\t\t\t\t1 novembre- 31 mars\n\t<\/a>\n\t\t\t\t\t<h2>Moyenne saison<\/h2>\n\t\t\t\t\t\t120 \u20ac\n\t\t\t\t\t\t\t\t\t\t\t\t\tpar nuit*\n\t\t\t\t\t<ul>\n\t\t\t\t\t\t\t\t\t\t\t\t\n\t\t\t\t\t\t\t\t\t\t\t<\/ul>\n\t<a href=\"\" target=\"_self\" role=\"button\" rel=\"noopener\">\n\t\t\t\t\t1 avril &#8211; 30 juin &#038; 1 sept &#8211; 31 oct\n\t<\/a>\n\t\t\t\t\t<h2>Haute saison<\/h2>\n\t\t\t\t\t\t150 \u20ac\n\t\t\t\t\t\t\t\t\t\t\t\t\tpar nuit*\n\t\t\t\t\t<ul>\n\t\t\t\t\t\t\t\t\t\t\t\t\n\t\t\t\t\t\t\t\t\t\t\t<\/ul>\n\t<a href=\"\" target=\"_self\" role=\"button\" rel=\"noopener\">\n\t\t\t\t\t1 juillet- 31 a\u00f4ut\n\t<\/a>\n<h3>\n\tPrix Garage\n\t<\/h3>\n\t\t\t\t\t<h2>Basse saison<\/h2>\n\t\t\t\t\t\t130 \u20ac\n\t\t\t\t\t\t\t\t\t\t\t\t\tpar nuit*\n\t\t\t\t\t<ul>\n\t\t\t\t\t\t\t\t\t\t\t\t\n\t\t\t\t\t\t\t\t\t\t\t<\/ul>\n\t<a href=\"\" target=\"_self\" role=\"button\" rel=\"noopener\">\n\t\t\t\t\t1 novembre- 31 mars\n\t<\/a>\n\t\t\t\t\t<h2>Moyenne saison<\/h2>\n\t\t\t\t\t\t145 \u20ac\n\t\t\t\t\t\t\t\t\t\t\t\t\tpar nuit*\n\t\t\t\t\t<ul>\n\t\t\t\t\t\t\t\t\t\t\t\t\n\t\t\t\t\t\t\t\t\t\t\t<\/ul>\n\t<a href=\"\" target=\"_self\" role=\"button\" rel=\"noopener\">\n\t\t\t\t\t1 avril &#8211; 30 juin &#038; 1 sept &#8211; 31 oct\n\t<\/a>\n\t\t\t\t\t<h2>Haute saison<\/h2>\n\t\t\t\t\t\t175 \u20ac\n\t\t\t\t\t\t\t\t\t\t\t\t\tpar nuit*\n\t\t\t\t\t<ul>\n\t\t\t\t\t\t\t\t\t\t\t\t\n\t\t\t\t\t\t\t\t\t\t\t<\/ul>\n\t<a href=\"\" target=\"_self\" role=\"button\" rel=\"noopener\">\n\t\t\t\t\t1 juillet- 31 a\u00f4ut\n\t<\/a>\n<h3>\n\tPrix Appartement\n\t<\/h3>\n\t\t\t\t\t<h2>Basse saison<\/h2>\n\t\t\t\t\t\t110 \u20ac\n\t\t\t\t\t\t\t\t\t\t\t\t\tpar nuit*\n\t\t\t\t\t<ul>\n\t\t\t\t\t\t\t\t\t\t\t\t\n\t\t\t\t\t\t\t\t\t\t\t<\/ul>\n\t<a href=\"\" target=\"_self\" role=\"button\" rel=\"noopener\">\n\t\t\t\t\t1 novembre- 31 mars\n\t<\/a>\n\t\t\t\t\t<h2>Moyenne saison<\/h2>\n\t\t\t\t\t\t125 \u20ac\n\t\t\t\t\t\t\t\t\t\t\t\t\tpar nuit*\n\t\t\t\t\t<ul>\n\t\t\t\t\t\t\t\t\t\t\t\t\n\t\t\t\t\t\t\t\t\t\t\t<\/ul>\n\t<a href=\"\" target=\"_self\" role=\"button\" rel=\"noopener\">\n\t\t\t\t\t1 avril &#8211; 30 juin &#038; 1 sept &#8211; 31 oct\n\t<\/a>\n\t\t\t\t\t<h2>Haute saison<\/h2>\n\t\t\t\t\t\t155 \u20ac\n\t\t\t\t\t\t\t\t\t\t\t\t\tpar nuit*\n\t\t\t\t\t<ul>\n\t\t\t\t\t\t\t\t\t\t\t\t\n\t\t\t\t\t\t\t\t\t\t\t<\/ul>\n\t<a href=\"\" target=\"_self\" role=\"button\" rel=\"noopener\">\n\t\t\t\t\t1 juillet- 31 a\u00f4ut\n\t<\/a>\n\t<strong>* Informations suppl\u00e9mentaires prix<br \/>\n<\/strong>&#8211; Les lits sont faits \u00e0 votre arriv\u00e9e.<br \/>\n&#8211; Le linge de lit, les torchons et les serviettes sont inclus (ils sont chang\u00e9s tous les 7 jours)<br \/>\n&#8211; L&rsquo;h\u00e9bergement des enfants de moins de 2 ans est gratuit (seul dans un lit b\u00e9b\u00e9). Un lit b\u00e9b\u00e9 est disponible gratuitement.<br \/>\n&#8211; Le nettoyage final est inclus. Au moment du d\u00e9part, les appartements doivent \u00eatre en ordre.<br \/>\n&#8211; La taxe de s\u00e9jour est incluse.<br \/>\n&#8211; Les appartements peuvent \u00eatre r\u00e9serv\u00e9s pour un <strong>minimum de 2 nuits<\/strong>.<br \/>\n&#8211; Pour les p\u00e9riodes de vacances scolaires en basse saison, les tarifs de la moyenne saison s&rsquo;appliquent.\n<p>** prix pour 2 personnes. Pour <strong>chaque personne suppl\u00e9mentaire<\/strong>, nous facturons un suppl\u00e9ment de <strong>12,50\u00a0\u20ac par personne par nuit<\/strong>.<\/p>\n<h3>\n\tAutres tarifs \n\t<\/h3>\n\t&#8211; <strong>Animaux<\/strong> sur consultation. Nous facturons <strong>7<\/strong><strong>,50 EUR par nuit \/ par animal<\/strong><br \/>\n&#8211; <strong>Machine \u00e0 laver<\/strong> &#8211; <strong>par cycle de lavage <\/strong><strong>5,00 EUR<\/strong>\u00a0avec d\u00e9tergent<br \/>\n&#8211; <strong>S\u00e8che-linge<\/strong> &#8211; <strong>par cycle de s\u00e9chage 4,00 Euros<\/strong>. Une planche et un fer \u00e0 repasser sont disponibles gratuitement\nLes g\u00eetes peuvent \u00e9galement \u00eatre r\u00e9server par les sites:<br \/>\nL&rsquo;Atelier: <a href=\"https:\/\/www.booking.com\/hotel\/fr\/mas-mialou-saint-jean-du-gard1.nl.html?aid=318615;label=Dutch_France_NL_FR_29562120145-xrneU3uyvrHGemTQeRhgYAS217290659644%3Apl%3Ata%3Ap1%3Ap2%3Aac%3Aap%3Aneg%3Afi70408677585%3Atidsa-325353250274%3Alp9055206%3Ali%3Adec%3Adm;sid=b9a1c89720a6a03a264e92d3739fd205;dest_id=-1466219;dest_type=city;dist=0;group_adults=2;group_children=0;hapos=2;hpos=2;no_rooms=1;room1=A%2CA;sb_price_type=total;sr_order=popularity;srepoch=1611611236;srpvid=2422993140730219;type=total;ucfs=1&amp;#hotelTmpl\">Booking.com<\/a> <a href=\"https:\/\/airbnb.com\/h\/masmialouatelier\">Airbnb<\/a>\u00a0<br \/>\nLe Garage: <a href=\"https:\/\/www.booking.com\/hotel\/fr\/mas-mialou.nl.html?aid=356980&amp;label=gog235jc-1FCAsoTUIKbWFzLW1pYWxvdUgcWANoTYgBAZgBHLgBGMgBDNgBAegBAfgBAogCAagCBLgCtdravAbAAgHSAiQ3ODY5NzlkYS04MWIzLTRhNjgtODJiNi03MDAxZjc4NDkzZTXYAgXgAgE&amp;sid=91192a939476cad219641d2788e651c9&amp;age=11&amp;dest_id=-1466219&amp;dest_type=city&amp;dist=0&amp;group_adults=1&amp;group_children=1&amp;hapos=1&amp;hpos=1&amp;no_rooms=1&amp;req_adults=1&amp;req_age=11&amp;req_children=1&amp;room1=A%2C11&amp;sb_price_type=total&amp;sr_order=popularity&amp;srepoch=1737927994&amp;srpvid=4deb991b705f0037&amp;type=total&amp;ucfs=1&amp;#availability\">Booking.com<\/a> <a href=\"https:\/\/airbnb.com\/h\/masmialougarage\">Airbnb<\/a><br \/>\nL&rsquo;Appartement: <a href=\"https:\/\/www.booking.com\/hotel\/fr\/mas-mialou.nl.html?aid=356980&amp;label=gog235jc-1FCAsoTUIKbWFzLW1pYWxvdUgcWANoTYgBAZgBHLgBGMgBDNgBAegBAfgBAogCAagCBLgCtdravAbAAgHSAiQ3ODY5NzlkYS04MWIzLTRhNjgtODJiNi03MDAxZjc4NDkzZTXYAgXgAgE&amp;sid=91192a939476cad219641d2788e651c9&amp;age=11&amp;dest_id=-1466219&amp;dest_type=city&amp;dist=0&amp;group_adults=1&amp;group_children=1&amp;hapos=1&amp;hpos=1&amp;no_rooms=1&amp;req_adults=1&amp;req_age=11&amp;req_children=1&amp;room1=A%2C11&amp;sb_price_type=total&amp;sr_order=popularity&amp;srepoch=1737927994&amp;srpvid=4deb991b705f0037&amp;type=total&amp;ucfs=1&amp;#availability\">Booking.com<\/a> <a href=\"https:\/\/airbnb.com\/h\/masmialouappartement\">Airbnb<\/a>\n\n\n<\/div><!-- .vgblk-rw-wrapper -->","protected":false},"excerpt":{"rendered":"<p>Prix Tous les prix sont tout inclus* et bas\u00e9s sur 2 personnes. Nous facturons un suppl\u00e9ment de 12,50\u20ac\u00a0 par nuit pour chaque personne suppl\u00e9mentaire** A partir de 2 nuits minimum!&#8230;<\/p>\n","protected":false},"author":2,"featured_media":0,"parent":0,"menu_order":9,"comment_status":"closed","ping_status":"closed","template":"","meta":{"om_disable_all_campaigns":false,"_monsterinsights_skip_tracking":false,"_monsterinsights_sitenote_active":false,"_monsterinsights_sitenote_note":"","_monsterinsights_sitenote_category":0},"aioseo_notices":[],"yoast_head":"<!-- This site is optimized with the Yoast SEO plugin v21.1 - https:\/\/yoast.com\/wordpress\/plugins\/seo\/ -->\n<title>Prix | Mas Mialou<\/title>\n<meta name=\"robots\" content=\"index, follow, max-snippet:-1, max-image-preview:large, max-video-preview:-1\" \/>\n<link rel=\"canonical\" href=\"https:\/\/www.masmialou.com\/fr\/prix\" \/>\n<meta property=\"og:locale\" content=\"fr_FR\" \/>\n<meta property=\"og:type\" content=\"article\" \/>\n<meta property=\"og:title\" content=\"Prix | Mas Mialou\" \/>\n<meta property=\"og:description\" content=\"Prix Tous les prix sont tout inclus* et bas\u00e9s sur 2 personnes. Nous facturons un suppl\u00e9ment de 12,50\u20ac\u00a0 par nuit pour chaque personne suppl\u00e9mentaire** A partir de 2 nuits minimum!...\" \/>\n<meta property=\"og:url\" content=\"https:\/\/www.masmialou.com\/fr\/prix\" \/>\n<meta property=\"og:site_name\" content=\"Mas Mialou\" \/>\n<meta property=\"article:publisher\" content=\"https:\/\/www.facebook.com\/masmialou\/\" \/>\n<meta property=\"article:modified_time\" content=\"2025-01-26T22:09:29+00:00\" \/>\n<meta name=\"twitter:card\" content=\"summary_large_image\" \/>\n<meta name=\"twitter:site\" content=\"@masmialou\" \/>\n<meta name=\"twitter:label1\" content=\"Dur\u00e9e de lecture estim\u00e9e\" \/>\n\t<meta name=\"twitter:data1\" content=\"2 minutes\" \/>\n<script type=\"application\/ld+json\" class=\"yoast-schema-graph\">{\"@context\":\"https:\/\/schema.org\",\"@graph\":[{\"@type\":\"WebPage\",\"@id\":\"https:\/\/www.masmialou.com\/fr\/prix\",\"url\":\"https:\/\/www.masmialou.com\/fr\/prix\",\"name\":\"Prix | Mas Mialou\",\"isPartOf\":{\"@id\":\"https:\/\/www.masmialou.com\/fr\/#website\"},\"datePublished\":\"2021-01-04T14:15:54+00:00\",\"dateModified\":\"2025-01-26T22:09:29+00:00\",\"breadcrumb\":{\"@id\":\"https:\/\/www.masmialou.com\/fr\/prix#breadcrumb\"},\"inLanguage\":\"fr-FR\",\"potentialAction\":[{\"@type\":\"ReadAction\",\"target\":[\"https:\/\/www.masmialou.com\/fr\/prix\"]}]},{\"@type\":\"BreadcrumbList\",\"@id\":\"https:\/\/www.masmialou.com\/fr\/prix#breadcrumb\",\"itemListElement\":[{\"@type\":\"ListItem\",\"position\":1,\"name\":\"Home\",\"item\":\"https:\/\/www.masmialou.com\/fr\"},{\"@type\":\"ListItem\",\"position\":2,\"name\":\"Prix\"}]},{\"@type\":\"WebSite\",\"@id\":\"https:\/\/www.masmialou.com\/fr\/#website\",\"url\":\"https:\/\/www.masmialou.com\/fr\/\",\"name\":\"Mas Mialou\",\"description\":\"G\u00eetes \/ Appartements\",\"publisher\":{\"@id\":\"https:\/\/www.masmialou.com\/fr\/#organization\"},\"potentialAction\":[{\"@type\":\"SearchAction\",\"target\":{\"@type\":\"EntryPoint\",\"urlTemplate\":\"https:\/\/www.masmialou.com\/fr\/?s={search_term_string}\"},\"query-input\":\"required name=search_term_string\"}],\"inLanguage\":\"fr-FR\"},{\"@type\":\"Organization\",\"@id\":\"https:\/\/www.masmialou.com\/fr\/#organization\",\"name\":\"Mas Mialou\",\"url\":\"https:\/\/www.masmialou.com\/fr\/\",\"logo\":{\"@type\":\"ImageObject\",\"inLanguage\":\"fr-FR\",\"@id\":\"https:\/\/www.masmialou.com\/fr\/#\/schema\/logo\/image\/\",\"url\":\"https:\/\/www.masmialou.com\/wp-content\/uploads\/2021\/03\/Logo-Mas-Mialou-2019-1.png\",\"contentUrl\":\"https:\/\/www.masmialou.com\/wp-content\/uploads\/2021\/03\/Logo-Mas-Mialou-2019-1.png\",\"width\":800,\"height\":323,\"caption\":\"Mas Mialou\"},\"image\":{\"@id\":\"https:\/\/www.masmialou.com\/fr\/#\/schema\/logo\/image\/\"},\"sameAs\":[\"https:\/\/www.facebook.com\/masmialou\/\",\"https:\/\/twitter.com\/masmialou\",\"https:\/\/www.instagram.com\/masmialou\/\",\"https:\/\/www.linkedin.com\/company\/mas-mialou\/about\/\",\"https:\/\/nl.pinterest.com\/masmialou\/\"]}]}<\/script>\n<!-- \/ Yoast SEO plugin. -->","yoast_head_json":{"title":"Prix | Mas Mialou","robots":{"index":"index","follow":"follow","max-snippet":"max-snippet:-1","max-image-preview":"max-image-preview:large","max-video-preview":"max-video-preview:-1"},"canonical":"https:\/\/www.masmialou.com\/fr\/prix","og_locale":"fr_FR","og_type":"article","og_title":"Prix | Mas Mialou","og_description":"Prix Tous les prix sont tout inclus* et bas\u00e9s sur 2 personnes. Nous facturons un suppl\u00e9ment de 12,50\u20ac\u00a0 par nuit pour chaque personne suppl\u00e9mentaire** A partir de 2 nuits minimum!...","og_url":"https:\/\/www.masmialou.com\/fr\/prix","og_site_name":"Mas Mialou","article_publisher":"https:\/\/www.facebook.com\/masmialou\/","article_modified_time":"2025-01-26T22:09:29+00:00","twitter_card":"summary_large_image","twitter_site":"@masmialou","twitter_misc":{"Dur\u00e9e de lecture estim\u00e9e":"2 minutes"},"schema":{"@context":"https:\/\/schema.org","@graph":[{"@type":"WebPage","@id":"https:\/\/www.masmialou.com\/fr\/prix","url":"https:\/\/www.masmialou.com\/fr\/prix","name":"Prix | Mas Mialou","isPartOf":{"@id":"https:\/\/www.masmialou.com\/fr\/#website"},"datePublished":"2021-01-04T14:15:54+00:00","dateModified":"2025-01-26T22:09:29+00:00","breadcrumb":{"@id":"https:\/\/www.masmialou.com\/fr\/prix#breadcrumb"},"inLanguage":"fr-FR","potentialAction":[{"@type":"ReadAction","target":["https:\/\/www.masmialou.com\/fr\/prix"]}]},{"@type":"BreadcrumbList","@id":"https:\/\/www.masmialou.com\/fr\/prix#breadcrumb","itemListElement":[{"@type":"ListItem","position":1,"name":"Home","item":"https:\/\/www.masmialou.com\/fr"},{"@type":"ListItem","position":2,"name":"Prix"}]},{"@type":"WebSite","@id":"https:\/\/www.masmialou.com\/fr\/#website","url":"https:\/\/www.masmialou.com\/fr\/","name":"Mas Mialou","description":"G\u00eetes \/ Appartements","publisher":{"@id":"https:\/\/www.masmialou.com\/fr\/#organization"},"potentialAction":[{"@type":"SearchAction","target":{"@type":"EntryPoint","urlTemplate":"https:\/\/www.masmialou.com\/fr\/?s={search_term_string}"},"query-input":"required name=search_term_string"}],"inLanguage":"fr-FR"},{"@type":"Organization","@id":"https:\/\/www.masmialou.com\/fr\/#organization","name":"Mas Mialou","url":"https:\/\/www.masmialou.com\/fr\/","logo":{"@type":"ImageObject","inLanguage":"fr-FR","@id":"https:\/\/www.masmialou.com\/fr\/#\/schema\/logo\/image\/","url":"https:\/\/www.masmialou.com\/wp-content\/uploads\/2021\/03\/Logo-Mas-Mialou-2019-1.png","contentUrl":"https:\/\/www.masmialou.com\/wp-content\/uploads\/2021\/03\/Logo-Mas-Mialou-2019-1.png","width":800,"height":323,"caption":"Mas Mialou"},"image":{"@id":"https:\/\/www.masmialou.com\/fr\/#\/schema\/logo\/image\/"},"sameAs":["https:\/\/www.facebook.com\/masmialou\/","https:\/\/twitter.com\/masmialou","https:\/\/www.instagram.com\/masmialou\/","https:\/\/www.linkedin.com\/company\/mas-mialou\/about\/","https:\/\/nl.pinterest.com\/masmialou\/"]}]}},"_links":{"self":[{"href":"https:\/\/www.masmialou.com\/fr\/wp-json\/wp\/v2\/pages\/25625"}],"collection":[{"href":"https:\/\/www.masmialou.com\/fr\/wp-json\/wp\/v2\/pages"}],"about":[{"href":"https:\/\/www.masmialou.com\/fr\/wp-json\/wp\/v2\/types\/page"}],"author":[{"embeddable":true,"href":"https:\/\/www.masmialou.com\/fr\/wp-json\/wp\/v2\/users\/2"}],"replies":[{"embeddable":true,"href":"https:\/\/www.masmialou.com\/fr\/wp-json\/wp\/v2\/comments?post=25625"}],"version-history":[{"count":19,"href":"https:\/\/www.masmialou.com\/fr\/wp-json\/wp\/v2\/pages\/25625\/revisions"}],"predecessor-version":[{"id":28538,"href":"https:\/\/www.masmialou.com\/fr\/wp-json\/wp\/v2\/pages\/25625\/revisions\/28538"}],"wp:attachment":[{"href":"https:\/\/www.masmialou.com\/fr\/wp-json\/wp\/v2\/media?parent=25625"}],"curies":[{"name":"wp","href":"https:\/\/api.w.org\/{rel}","templated":true}]}}