{"id":25640,"date":"2020-01-26T23:22:13","date_gmt":"2020-01-26T22:22:13","guid":{"rendered":"https:\/\/www.masmialou.com\/appartementen"},"modified":"2026-02-14T16:25:33","modified_gmt":"2026-02-14T15:25:33","slug":"appartements","status":"publish","type":"page","link":"https:\/\/www.masmialou.com\/fr\/appartements","title":{"rendered":"Appartements"},"content":{"rendered":"<div class=\"vgblk-rw-wrapper limit-wrapper\">\n<h2>\n\t\t\t<a href=\"https:\/\/www.masmialou.com\/fr\/latelier\" title=\"L&#039;Atelier\" target=\"_self\" rel=\"noopener\">\n\tL&rsquo;Atelier\n\t\t\t<\/a>\n\t<\/h2>\n\t<p>L&rsquo;Atelier est le \u00ab\u00a0joyau\u00a0\u00bb du Mas Mialou. Authentique et moderne, fid\u00e8le \u00e0 sa nature d&rsquo;origine et confortable, cet espace est am\u00e9nag\u00e9 comme un loft. Vous y disposerez d&rsquo;un coin nuit confortable, d&rsquo;une salle de bain moderne et d&rsquo;une cuisine de style \u00ab\u00a0r\u00e9tro\u00a0\u00bb. Les poutres en bois, les vieux murs en pierre et les portes robustes attireront votre attention. La nature entre presque litt\u00e9ralement dans le coin salon par la grande verri\u00e8re.<\/p>\n<p>Aux beaux jours, vous pourrez vous d\u00e9tendre sur votre propre terrasse. Durant les p\u00e9riodes plus fraiches , vous profiterez de la chaleur confortable du po\u00eale \u00e0 bois.<\/p>\n<p><a href=\"https:\/\/www.masmialou.com\/fr\/latelier\"><strong>Cliquez ici pour plus d&rsquo;informations<\/strong><\/a><\/p>\n<p><strong><a href=\"https:\/\/www.masmialou.com\/fr\/prix\">Cliquez ici pour les prix<\/a><\/strong><\/p>\n<h2>\n\t\t\t<a href=\"\/legarage\/\" title=\"Le Garage\" target=\"_self\" rel=\"noopener\">\n\tLe Garage\n\t\t\t<\/a>\n\t<\/h2>\n\t<p>Dans notre dernier et plus luxueux g\u00eete, le Garage, vous pouvez d\u00e9couvrir au mieux l&rsquo;histoire de notre ferme. Vous dormirez dans l&rsquo;ancienne \u00e9table \u00e0 porcs, sous le beau plafond en briques fra\u00eechement r\u00e9nov\u00e9. Ou dans ce qui \u00e9tait autrefois l&rsquo;\u00e9table \u00e0 \u00e2nes. La mangeoire d&rsquo;o\u00f9 les animaux mangeaient du foin est toujours pr\u00e9sente. Dehors, sur la terrasse, vous \u00eates entour\u00e9 de figuiers, de bambous, d&rsquo;un ch\u00e2taignier et d&rsquo;un noyer.<\/p>\n<p>En juin 2024, la r\u00e9novation de cet appartement, le troisi\u00e8me de Mas Mialou, a \u00e9t\u00e9 achev\u00e9e et depuis, nous le louons avec la pleine satisfaction de nos clients. Le Garage est \u00e9quip\u00e9 de tout le confort moderne, avec climatisation, un grand salon, une bonne cuisine et une salle de bain luxueuse. Les murs en pierre et les d\u00e9tails authentiques ont \u00e9t\u00e9 pr\u00e9serv\u00e9s autant que possible.<\/p>\n<p><a href=\"https:\/\/www.masmialou.com\/fr\/legarage\"><strong>Cliquez ici pour plus d&rsquo;informations<\/strong><\/a><\/p>\n<p><a href=\"https:\/\/www.masmialou.com\/fr\/prix\"><strong>Cliquez ici pour les prix<\/strong><\/a><\/p>\n<h2>\n\t\t\t<a href=\"https:\/\/www.masmialou.com\/fr\/lappartement\" title=\"L&#039;Appartement\" target=\"_self\" rel=\"noopener\">\n\tL&rsquo;Appartement\n\t\t\t<\/a>\n\t<\/h2>\n\t<p>Cosy et confortable, spacieux et lumineux, c&rsquo;est l&rsquo;appartement! Sans oublier la belle vue depuis la chambre principale. Depuis votre lit le matin, les volets ouverts, vous pourrez admirer \u00e0 travers les arbres, l&rsquo;autre c\u00f4t\u00e9 de la vall\u00e9e.<\/p>\n<p>Les deux chambres, la salle de bain et la cuisine de l&rsquo;Appartement ont \u00e9t\u00e9 r\u00e9cemment enti\u00e8rement r\u00e9nov\u00e9es et modernis\u00e9es. Vous pourrez profiter du soleil levant et couchant sur la terrasse nouvellement con\u00e7ue. De l\u00e0, vous appercevrez les sommets des montagnes et le d\u00e9but des C\u00e9vennes.<\/p>\n<p><a href=\"\/lappartement\/https:\/\/www.masmialou.com\/fr\/lappartement\"><strong>Cliquez ici pour plus d&rsquo;informations<\/strong><\/a><\/p>\n<p><a href=\"https:\/\/www.masmialou.com\/fr\/prix\"><strong>Cliquez ici pour les prix<\/strong><\/a><\/p>\n\n<\/div><!-- .vgblk-rw-wrapper -->","protected":false},"excerpt":{"rendered":"<p>L&rsquo;Atelier L&rsquo;Atelier est le \u00ab\u00a0joyau\u00a0\u00bb du Mas Mialou. Authentique et moderne, fid\u00e8le \u00e0 sa nature d&rsquo;origine et confortable, cet espace est am\u00e9nag\u00e9 comme un loft. Vous y disposerez d&rsquo;un coin&#8230;<\/p>\n","protected":false},"author":2,"featured_media":0,"parent":0,"menu_order":3,"comment_status":"closed","ping_status":"closed","template":"","meta":{"om_disable_all_campaigns":false,"_monsterinsights_skip_tracking":false,"_monsterinsights_sitenote_active":false,"_monsterinsights_sitenote_note":"","_monsterinsights_sitenote_category":0},"aioseo_notices":[],"yoast_head":"<!-- This site is optimized with the Yoast SEO plugin v21.1 - https:\/\/yoast.com\/wordpress\/plugins\/seo\/ -->\n<title>Appartements | Mas Mialou<\/title>\n<meta name=\"robots\" content=\"index, follow, max-snippet:-1, max-image-preview:large, max-video-preview:-1\" \/>\n<link rel=\"canonical\" href=\"https:\/\/www.masmialou.com\/fr\/appartements\" \/>\n<meta property=\"og:locale\" content=\"fr_FR\" \/>\n<meta property=\"og:type\" content=\"article\" \/>\n<meta property=\"og:title\" content=\"Appartements | Mas Mialou\" \/>\n<meta property=\"og:description\" content=\"L&rsquo;Atelier L&rsquo;Atelier est le \u00ab\u00a0joyau\u00a0\u00bb du Mas Mialou. Authentique et moderne, fid\u00e8le \u00e0 sa nature d&rsquo;origine et confortable, cet espace est am\u00e9nag\u00e9 comme un loft. Vous y disposerez d&rsquo;un coin...\" \/>\n<meta property=\"og:url\" content=\"https:\/\/www.masmialou.com\/fr\/appartements\" \/>\n<meta property=\"og:site_name\" content=\"Mas Mialou\" \/>\n<meta property=\"article:publisher\" content=\"https:\/\/www.facebook.com\/masmialou\/\" \/>\n<meta property=\"article:modified_time\" content=\"2026-02-14T15:25:33+00:00\" \/>\n<meta name=\"twitter:card\" content=\"summary_large_image\" \/>\n<meta name=\"twitter:site\" content=\"@masmialou\" \/>\n<meta name=\"twitter:label1\" content=\"Dur\u00e9e de lecture estim\u00e9e\" \/>\n\t<meta name=\"twitter:data1\" content=\"2 minutes\" \/>\n<script type=\"application\/ld+json\" class=\"yoast-schema-graph\">{\"@context\":\"https:\/\/schema.org\",\"@graph\":[{\"@type\":\"WebPage\",\"@id\":\"https:\/\/www.masmialou.com\/fr\/appartements\",\"url\":\"https:\/\/www.masmialou.com\/fr\/appartements\",\"name\":\"Appartements | Mas Mialou\",\"isPartOf\":{\"@id\":\"https:\/\/www.masmialou.com\/fr\/#website\"},\"datePublished\":\"2020-01-26T22:22:13+00:00\",\"dateModified\":\"2026-02-14T15:25:33+00:00\",\"breadcrumb\":{\"@id\":\"https:\/\/www.masmialou.com\/fr\/appartements#breadcrumb\"},\"inLanguage\":\"fr-FR\",\"potentialAction\":[{\"@type\":\"ReadAction\",\"target\":[\"https:\/\/www.masmialou.com\/fr\/appartements\"]}]},{\"@type\":\"BreadcrumbList\",\"@id\":\"https:\/\/www.masmialou.com\/fr\/appartements#breadcrumb\",\"itemListElement\":[{\"@type\":\"ListItem\",\"position\":1,\"name\":\"Home\",\"item\":\"https:\/\/www.masmialou.com\/fr\"},{\"@type\":\"ListItem\",\"position\":2,\"name\":\"Appartements\"}]},{\"@type\":\"WebSite\",\"@id\":\"https:\/\/www.masmialou.com\/fr\/#website\",\"url\":\"https:\/\/www.masmialou.com\/fr\/\",\"name\":\"Mas Mialou\",\"description\":\"G\u00eetes \/ Appartements\",\"publisher\":{\"@id\":\"https:\/\/www.masmialou.com\/fr\/#organization\"},\"potentialAction\":[{\"@type\":\"SearchAction\",\"target\":{\"@type\":\"EntryPoint\",\"urlTemplate\":\"https:\/\/www.masmialou.com\/fr\/?s={search_term_string}\"},\"query-input\":\"required name=search_term_string\"}],\"inLanguage\":\"fr-FR\"},{\"@type\":\"Organization\",\"@id\":\"https:\/\/www.masmialou.com\/fr\/#organization\",\"name\":\"Mas Mialou\",\"url\":\"https:\/\/www.masmialou.com\/fr\/\",\"logo\":{\"@type\":\"ImageObject\",\"inLanguage\":\"fr-FR\",\"@id\":\"https:\/\/www.masmialou.com\/fr\/#\/schema\/logo\/image\/\",\"url\":\"https:\/\/www.masmialou.com\/wp-content\/uploads\/2021\/03\/Logo-Mas-Mialou-2019-1.png\",\"contentUrl\":\"https:\/\/www.masmialou.com\/wp-content\/uploads\/2021\/03\/Logo-Mas-Mialou-2019-1.png\",\"width\":800,\"height\":323,\"caption\":\"Mas Mialou\"},\"image\":{\"@id\":\"https:\/\/www.masmialou.com\/fr\/#\/schema\/logo\/image\/\"},\"sameAs\":[\"https:\/\/www.facebook.com\/masmialou\/\",\"https:\/\/twitter.com\/masmialou\",\"https:\/\/www.instagram.com\/masmialou\/\",\"https:\/\/www.linkedin.com\/company\/mas-mialou\/about\/\",\"https:\/\/nl.pinterest.com\/masmialou\/\"]}]}<\/script>\n<!-- \/ Yoast SEO plugin. -->","yoast_head_json":{"title":"Appartements | Mas Mialou","robots":{"index":"index","follow":"follow","max-snippet":"max-snippet:-1","max-image-preview":"max-image-preview:large","max-video-preview":"max-video-preview:-1"},"canonical":"https:\/\/www.masmialou.com\/fr\/appartements","og_locale":"fr_FR","og_type":"article","og_title":"Appartements | Mas Mialou","og_description":"L&rsquo;Atelier L&rsquo;Atelier est le \u00ab\u00a0joyau\u00a0\u00bb du Mas Mialou. Authentique et moderne, fid\u00e8le \u00e0 sa nature d&rsquo;origine et confortable, cet espace est am\u00e9nag\u00e9 comme un loft. Vous y disposerez d&rsquo;un coin...","og_url":"https:\/\/www.masmialou.com\/fr\/appartements","og_site_name":"Mas Mialou","article_publisher":"https:\/\/www.facebook.com\/masmialou\/","article_modified_time":"2026-02-14T15:25:33+00:00","twitter_card":"summary_large_image","twitter_site":"@masmialou","twitter_misc":{"Dur\u00e9e de lecture estim\u00e9e":"2 minutes"},"schema":{"@context":"https:\/\/schema.org","@graph":[{"@type":"WebPage","@id":"https:\/\/www.masmialou.com\/fr\/appartements","url":"https:\/\/www.masmialou.com\/fr\/appartements","name":"Appartements | Mas Mialou","isPartOf":{"@id":"https:\/\/www.masmialou.com\/fr\/#website"},"datePublished":"2020-01-26T22:22:13+00:00","dateModified":"2026-02-14T15:25:33+00:00","breadcrumb":{"@id":"https:\/\/www.masmialou.com\/fr\/appartements#breadcrumb"},"inLanguage":"fr-FR","potentialAction":[{"@type":"ReadAction","target":["https:\/\/www.masmialou.com\/fr\/appartements"]}]},{"@type":"BreadcrumbList","@id":"https:\/\/www.masmialou.com\/fr\/appartements#breadcrumb","itemListElement":[{"@type":"ListItem","position":1,"name":"Home","item":"https:\/\/www.masmialou.com\/fr"},{"@type":"ListItem","position":2,"name":"Appartements"}]},{"@type":"WebSite","@id":"https:\/\/www.masmialou.com\/fr\/#website","url":"https:\/\/www.masmialou.com\/fr\/","name":"Mas Mialou","description":"G\u00eetes \/ Appartements","publisher":{"@id":"https:\/\/www.masmialou.com\/fr\/#organization"},"potentialAction":[{"@type":"SearchAction","target":{"@type":"EntryPoint","urlTemplate":"https:\/\/www.masmialou.com\/fr\/?s={search_term_string}"},"query-input":"required name=search_term_string"}],"inLanguage":"fr-FR"},{"@type":"Organization","@id":"https:\/\/www.masmialou.com\/fr\/#organization","name":"Mas Mialou","url":"https:\/\/www.masmialou.com\/fr\/","logo":{"@type":"ImageObject","inLanguage":"fr-FR","@id":"https:\/\/www.masmialou.com\/fr\/#\/schema\/logo\/image\/","url":"https:\/\/www.masmialou.com\/wp-content\/uploads\/2021\/03\/Logo-Mas-Mialou-2019-1.png","contentUrl":"https:\/\/www.masmialou.com\/wp-content\/uploads\/2021\/03\/Logo-Mas-Mialou-2019-1.png","width":800,"height":323,"caption":"Mas Mialou"},"image":{"@id":"https:\/\/www.masmialou.com\/fr\/#\/schema\/logo\/image\/"},"sameAs":["https:\/\/www.facebook.com\/masmialou\/","https:\/\/twitter.com\/masmialou","https:\/\/www.instagram.com\/masmialou\/","https:\/\/www.linkedin.com\/company\/mas-mialou\/about\/","https:\/\/nl.pinterest.com\/masmialou\/"]}]}},"_links":{"self":[{"href":"https:\/\/www.masmialou.com\/fr\/wp-json\/wp\/v2\/pages\/25640"}],"collection":[{"href":"https:\/\/www.masmialou.com\/fr\/wp-json\/wp\/v2\/pages"}],"about":[{"href":"https:\/\/www.masmialou.com\/fr\/wp-json\/wp\/v2\/types\/page"}],"author":[{"embeddable":true,"href":"https:\/\/www.masmialou.com\/fr\/wp-json\/wp\/v2\/users\/2"}],"replies":[{"embeddable":true,"href":"https:\/\/www.masmialou.com\/fr\/wp-json\/wp\/v2\/comments?post=25640"}],"version-history":[{"count":11,"href":"https:\/\/www.masmialou.com\/fr\/wp-json\/wp\/v2\/pages\/25640\/revisions"}],"predecessor-version":[{"id":28553,"href":"https:\/\/www.masmialou.com\/fr\/wp-json\/wp\/v2\/pages\/25640\/revisions\/28553"}],"wp:attachment":[{"href":"https:\/\/www.masmialou.com\/fr\/wp-json\/wp\/v2\/media?parent=25640"}],"curies":[{"name":"wp","href":"https:\/\/api.w.org\/{rel}","templated":true}]}}