{"id":25646,"date":"2016-05-25T16:51:21","date_gmt":"2016-05-25T15:51:21","guid":{"rendered":"https:\/\/www.masmialou.com\/lappartement"},"modified":"2025-01-26T16:30:58","modified_gmt":"2025-01-26T15:30:58","slug":"lappartement","status":"publish","type":"page","link":"https:\/\/www.masmialou.com\/fr\/lappartement","title":{"rendered":"L&rsquo; Appartement"},"content":{"rendered":"<div class=\"vgblk-rw-wrapper limit-wrapper\">\n<h2>\n\tL&rsquo;Appartement\n\t<\/h2>\n\t<h5>Cosy et confortable, spacieux et lumineux, c&rsquo;est l&rsquo;appartement! <br \/>\nLes deux chambres, la salle de bain et la cuisine de la maison de vacances ont \u00e9t\u00e9 r\u00e9cemment enti\u00e8rement r\u00e9nov\u00e9es et modernis\u00e9es.<\/h5>\n<h3>\n\tLes chambres \u00e0 coucher\n\t<\/h3>\n\tNous avons accord\u00e9 beaucoup d&rsquo;attention aux chambres de l&rsquo;Appartement. Elles sont d\u00e9cor\u00e9es avec go\u00fbt, spacieuses et lumineuses. La chambre bleue poss\u00e8de le plus grand lit du Mas Mialou!<br \/>\nLes lits sont faits \u00e0 l&rsquo;arriv\u00e9e. Il est possible d&rsquo;ajouter un lit b\u00e9b\u00e9. \n\t<strong>Chambre bleue<\/strong><br \/>\n&#8211; Commode avec tiroirs et miroir<br \/>\n&#8211; Penderie<br \/>\n&#8211; 1 grand lit avec surmatelas ou 2 lits simples\n\t<strong>Chambre jaune<\/strong><br \/>\n&#8211; Commode avec tiroirs et miroir<br \/>\n&#8211; 1 grand lit avec surmatelas ou 2 lits simples\n<h3>\n\tLa cuisine\n\t<\/h3>\n\tLa cuisine a \u00e9t\u00e9 r\u00e9cemment enti\u00e8rement r\u00e9nov\u00e9e. Nous avons essay\u00e9 de l&rsquo;amm\u00e9nager, dans la mesure du possible, pour que vous puissiez cuisiner \u00ab\u00a0comme \u00e0 la maison\u00a0\u00bb .<br \/>\nCertaines denr\u00e9es de base sont \u00e0 votre disposition \u00e0 votre arriv\u00e9e (caf\u00e9, th\u00e9, sucre, filtres \u00e0 caf\u00e9, p\u00e2tes, riz, d\u00e9tergent, savon, cubes lave-vaisselle).<br \/>\n\n&#8211; Lave-vaisselle<br \/>\n&#8211; Four micro onde<br \/>\n&#8211; Four<br \/>\n&#8211; Frigo<br \/>\n&#8211; Machines \u00e0 caf\u00e9 (filtres et Nespresso)<br \/>\n&#8211; Grille-pain<br \/>\n&#8211; Linge de cuisine<br \/>\n&#8211; Haut-parleur bluetooth\n<h3>\n\tLa salle de bain\n\t<\/h3>\n\t<p>La salle de bain est fonctionnelle. Vous y trouverez un lot de serviettes pour chaque h\u00f4te (1 grande, 1 petite et 1 gant de toilette), ainsi qu&rsquo;un s\u00e8che-cheveux. Du shampoing, du gel douche, du savon et du papier toilette, sont mis \u00e0 votre disposition pour votre arriv\u00e9e.<\/p>\n\t<a href=\"https:\/\/www.masmialou.com\/fr\/prix\" target=\"_self\" role=\"button\" rel=\"noopener\">\n\t\t\t\t\tCliquez ici pour les prix\n\t<\/a>\n\n<\/div><!-- .vgblk-rw-wrapper -->","protected":false},"excerpt":{"rendered":"<p>L&rsquo;Appartement Cosy et confortable, spacieux et lumineux, c&rsquo;est l&rsquo;appartement! Les deux chambres, la salle de bain et la cuisine de la maison de vacances ont \u00e9t\u00e9 r\u00e9cemment enti\u00e8rement r\u00e9nov\u00e9es et&#8230;<\/p>\n","protected":false},"author":2,"featured_media":0,"parent":0,"menu_order":5,"comment_status":"closed","ping_status":"closed","template":"","meta":{"om_disable_all_campaigns":false,"_monsterinsights_skip_tracking":false,"_monsterinsights_sitenote_active":false,"_monsterinsights_sitenote_note":"","_monsterinsights_sitenote_category":0},"aioseo_notices":[],"yoast_head":"<!-- This site is optimized with the Yoast SEO plugin v21.1 - https:\/\/yoast.com\/wordpress\/plugins\/seo\/ -->\n<title>L&#039; Appartement | Mas Mialou<\/title>\n<meta name=\"robots\" content=\"index, follow, max-snippet:-1, max-image-preview:large, max-video-preview:-1\" \/>\n<link rel=\"canonical\" href=\"https:\/\/www.masmialou.com\/fr\/lappartement\" \/>\n<meta property=\"og:locale\" content=\"fr_FR\" \/>\n<meta property=\"og:type\" content=\"article\" \/>\n<meta property=\"og:title\" content=\"L&#039; Appartement | Mas Mialou\" \/>\n<meta property=\"og:description\" content=\"L&rsquo;Appartement Cosy et confortable, spacieux et lumineux, c&rsquo;est l&rsquo;appartement! Les deux chambres, la salle de bain et la cuisine de la maison de vacances ont \u00e9t\u00e9 r\u00e9cemment enti\u00e8rement r\u00e9nov\u00e9es et...\" \/>\n<meta property=\"og:url\" content=\"https:\/\/www.masmialou.com\/fr\/lappartement\" \/>\n<meta property=\"og:site_name\" content=\"Mas Mialou\" \/>\n<meta property=\"article:publisher\" content=\"https:\/\/www.facebook.com\/masmialou\/\" \/>\n<meta property=\"article:modified_time\" content=\"2025-01-26T15:30:58+00:00\" \/>\n<meta name=\"twitter:card\" content=\"summary_large_image\" \/>\n<meta name=\"twitter:site\" content=\"@masmialou\" \/>\n<meta name=\"twitter:label1\" content=\"Dur\u00e9e de lecture estim\u00e9e\" \/>\n\t<meta name=\"twitter:data1\" content=\"1 minute\" \/>\n<script type=\"application\/ld+json\" class=\"yoast-schema-graph\">{\"@context\":\"https:\/\/schema.org\",\"@graph\":[{\"@type\":\"WebPage\",\"@id\":\"https:\/\/www.masmialou.com\/fr\/lappartement\",\"url\":\"https:\/\/www.masmialou.com\/fr\/lappartement\",\"name\":\"L' Appartement | Mas Mialou\",\"isPartOf\":{\"@id\":\"https:\/\/www.masmialou.com\/fr\/#website\"},\"datePublished\":\"2016-05-25T15:51:21+00:00\",\"dateModified\":\"2025-01-26T15:30:58+00:00\",\"breadcrumb\":{\"@id\":\"https:\/\/www.masmialou.com\/fr\/lappartement#breadcrumb\"},\"inLanguage\":\"fr-FR\",\"potentialAction\":[{\"@type\":\"ReadAction\",\"target\":[\"https:\/\/www.masmialou.com\/fr\/lappartement\"]}]},{\"@type\":\"BreadcrumbList\",\"@id\":\"https:\/\/www.masmialou.com\/fr\/lappartement#breadcrumb\",\"itemListElement\":[{\"@type\":\"ListItem\",\"position\":1,\"name\":\"Home\",\"item\":\"https:\/\/www.masmialou.com\/fr\"},{\"@type\":\"ListItem\",\"position\":2,\"name\":\"L&rsquo; Appartement\"}]},{\"@type\":\"WebSite\",\"@id\":\"https:\/\/www.masmialou.com\/fr\/#website\",\"url\":\"https:\/\/www.masmialou.com\/fr\/\",\"name\":\"Mas Mialou\",\"description\":\"G\u00eetes \/ Appartements\",\"publisher\":{\"@id\":\"https:\/\/www.masmialou.com\/fr\/#organization\"},\"potentialAction\":[{\"@type\":\"SearchAction\",\"target\":{\"@type\":\"EntryPoint\",\"urlTemplate\":\"https:\/\/www.masmialou.com\/fr\/?s={search_term_string}\"},\"query-input\":\"required name=search_term_string\"}],\"inLanguage\":\"fr-FR\"},{\"@type\":\"Organization\",\"@id\":\"https:\/\/www.masmialou.com\/fr\/#organization\",\"name\":\"Mas Mialou\",\"url\":\"https:\/\/www.masmialou.com\/fr\/\",\"logo\":{\"@type\":\"ImageObject\",\"inLanguage\":\"fr-FR\",\"@id\":\"https:\/\/www.masmialou.com\/fr\/#\/schema\/logo\/image\/\",\"url\":\"https:\/\/www.masmialou.com\/wp-content\/uploads\/2021\/03\/Logo-Mas-Mialou-2019-1.png\",\"contentUrl\":\"https:\/\/www.masmialou.com\/wp-content\/uploads\/2021\/03\/Logo-Mas-Mialou-2019-1.png\",\"width\":800,\"height\":323,\"caption\":\"Mas Mialou\"},\"image\":{\"@id\":\"https:\/\/www.masmialou.com\/fr\/#\/schema\/logo\/image\/\"},\"sameAs\":[\"https:\/\/www.facebook.com\/masmialou\/\",\"https:\/\/twitter.com\/masmialou\",\"https:\/\/www.instagram.com\/masmialou\/\",\"https:\/\/www.linkedin.com\/company\/mas-mialou\/about\/\",\"https:\/\/nl.pinterest.com\/masmialou\/\"]}]}<\/script>\n<!-- \/ Yoast SEO plugin. -->","yoast_head_json":{"title":"L' Appartement | Mas Mialou","robots":{"index":"index","follow":"follow","max-snippet":"max-snippet:-1","max-image-preview":"max-image-preview:large","max-video-preview":"max-video-preview:-1"},"canonical":"https:\/\/www.masmialou.com\/fr\/lappartement","og_locale":"fr_FR","og_type":"article","og_title":"L' Appartement | Mas Mialou","og_description":"L&rsquo;Appartement Cosy et confortable, spacieux et lumineux, c&rsquo;est l&rsquo;appartement! Les deux chambres, la salle de bain et la cuisine de la maison de vacances ont \u00e9t\u00e9 r\u00e9cemment enti\u00e8rement r\u00e9nov\u00e9es et...","og_url":"https:\/\/www.masmialou.com\/fr\/lappartement","og_site_name":"Mas Mialou","article_publisher":"https:\/\/www.facebook.com\/masmialou\/","article_modified_time":"2025-01-26T15:30:58+00:00","twitter_card":"summary_large_image","twitter_site":"@masmialou","twitter_misc":{"Dur\u00e9e de lecture estim\u00e9e":"1 minute"},"schema":{"@context":"https:\/\/schema.org","@graph":[{"@type":"WebPage","@id":"https:\/\/www.masmialou.com\/fr\/lappartement","url":"https:\/\/www.masmialou.com\/fr\/lappartement","name":"L' Appartement | Mas Mialou","isPartOf":{"@id":"https:\/\/www.masmialou.com\/fr\/#website"},"datePublished":"2016-05-25T15:51:21+00:00","dateModified":"2025-01-26T15:30:58+00:00","breadcrumb":{"@id":"https:\/\/www.masmialou.com\/fr\/lappartement#breadcrumb"},"inLanguage":"fr-FR","potentialAction":[{"@type":"ReadAction","target":["https:\/\/www.masmialou.com\/fr\/lappartement"]}]},{"@type":"BreadcrumbList","@id":"https:\/\/www.masmialou.com\/fr\/lappartement#breadcrumb","itemListElement":[{"@type":"ListItem","position":1,"name":"Home","item":"https:\/\/www.masmialou.com\/fr"},{"@type":"ListItem","position":2,"name":"L&rsquo; Appartement"}]},{"@type":"WebSite","@id":"https:\/\/www.masmialou.com\/fr\/#website","url":"https:\/\/www.masmialou.com\/fr\/","name":"Mas Mialou","description":"G\u00eetes \/ Appartements","publisher":{"@id":"https:\/\/www.masmialou.com\/fr\/#organization"},"potentialAction":[{"@type":"SearchAction","target":{"@type":"EntryPoint","urlTemplate":"https:\/\/www.masmialou.com\/fr\/?s={search_term_string}"},"query-input":"required name=search_term_string"}],"inLanguage":"fr-FR"},{"@type":"Organization","@id":"https:\/\/www.masmialou.com\/fr\/#organization","name":"Mas Mialou","url":"https:\/\/www.masmialou.com\/fr\/","logo":{"@type":"ImageObject","inLanguage":"fr-FR","@id":"https:\/\/www.masmialou.com\/fr\/#\/schema\/logo\/image\/","url":"https:\/\/www.masmialou.com\/wp-content\/uploads\/2021\/03\/Logo-Mas-Mialou-2019-1.png","contentUrl":"https:\/\/www.masmialou.com\/wp-content\/uploads\/2021\/03\/Logo-Mas-Mialou-2019-1.png","width":800,"height":323,"caption":"Mas Mialou"},"image":{"@id":"https:\/\/www.masmialou.com\/fr\/#\/schema\/logo\/image\/"},"sameAs":["https:\/\/www.facebook.com\/masmialou\/","https:\/\/twitter.com\/masmialou","https:\/\/www.instagram.com\/masmialou\/","https:\/\/www.linkedin.com\/company\/mas-mialou\/about\/","https:\/\/nl.pinterest.com\/masmialou\/"]}]}},"_links":{"self":[{"href":"https:\/\/www.masmialou.com\/fr\/wp-json\/wp\/v2\/pages\/25646"}],"collection":[{"href":"https:\/\/www.masmialou.com\/fr\/wp-json\/wp\/v2\/pages"}],"about":[{"href":"https:\/\/www.masmialou.com\/fr\/wp-json\/wp\/v2\/types\/page"}],"author":[{"embeddable":true,"href":"https:\/\/www.masmialou.com\/fr\/wp-json\/wp\/v2\/users\/2"}],"replies":[{"embeddable":true,"href":"https:\/\/www.masmialou.com\/fr\/wp-json\/wp\/v2\/comments?post=25646"}],"version-history":[{"count":3,"href":"https:\/\/www.masmialou.com\/fr\/wp-json\/wp\/v2\/pages\/25646\/revisions"}],"predecessor-version":[{"id":28526,"href":"https:\/\/www.masmialou.com\/fr\/wp-json\/wp\/v2\/pages\/25646\/revisions\/28526"}],"wp:attachment":[{"href":"https:\/\/www.masmialou.com\/fr\/wp-json\/wp\/v2\/media?parent=25646"}],"curies":[{"name":"wp","href":"https:\/\/api.w.org\/{rel}","templated":true}]}}