{"id":25659,"date":"2010-11-30T18:26:05","date_gmt":"2010-11-30T17:26:05","guid":{"rendered":"https:\/\/www.masmialou.com\/contact"},"modified":"2021-08-10T15:06:02","modified_gmt":"2021-08-10T14:06:02","slug":"contact","status":"publish","type":"page","link":"https:\/\/www.masmialou.com\/fr\/contact","title":{"rendered":"Contact"},"content":{"rendered":"<div class=\"vgblk-rw-wrapper limit-wrapper\">\n\n\t<h3>Contact<\/h3>\n<h4>\n\tEnvoie-nous un message:\n\t<\/h4>\n\t<div class=\"wpforms-container \" id=\"wpforms-25609\"><form id=\"wpforms-form-25609\" class=\"wpforms-validate wpforms-form\" data-formid=\"25609\" method=\"post\" enctype=\"multipart\/form-data\" action=\"\/fr\/wp-json\/wp\/v2\/pages\/25659\" data-token=\"931eba827ef5afa4975fbcee6b74c320\" data-token-time=\"1776662286\"><noscript class=\"wpforms-error-noscript\">Veuillez activer JavaScript dans votre navigateur pour remplir ce formulaire.<\/noscript><div class=\"wpforms-field-container\"><div id=\"wpforms-25609-field_6-container\" class=\"wpforms-field wpforms-field-name\" data-field-id=\"6\"><input type=\"text\" id=\"wpforms-25609-field_6\" class=\"wpforms-field-large\" name=\"wpforms[fields][6]\" placeholder=\"Nom\" ><\/div><div id=\"wpforms-25609-field_7-container\" class=\"wpforms-field wpforms-field-email\" data-field-id=\"7\"><input type=\"email\" id=\"wpforms-25609-field_7\" class=\"wpforms-field-large wpforms-field-required\" name=\"wpforms[fields][7]\" placeholder=\"E-mail\" spellcheck=\"false\" required><\/div><div id=\"wpforms-25609-field_8-container\" class=\"wpforms-field wpforms-field-number\" data-field-id=\"8\"><input type=\"number\" id=\"wpforms-25609-field_8\" class=\"wpforms-field-large\" name=\"wpforms[fields][8]\" placeholder=\"Num\u00e9ro de t\u00e9l\u00e9phone\" step=\"any\" ><\/div><div id=\"wpforms-25609-field_2-container\" class=\"wpforms-field wpforms-field-textarea wpforms-first\" data-field-id=\"2\"><textarea id=\"wpforms-25609-field_2\" class=\"wpforms-field-medium\" name=\"wpforms[fields][2]\" placeholder=\"Votre message avec un maximum de 500 caract\u00e8res...\" ><\/textarea><\/div><\/div><!-- .wpforms-field-container --><div class=\"wpforms-field wpforms-field-hp\"><label for=\"wpforms-25609-field-hp\" class=\"wpforms-field-label\">Name<\/label><input type=\"text\" name=\"wpforms[hp]\" id=\"wpforms-25609-field-hp\" class=\"wpforms-field-medium\"><\/div><div class=\"wpforms-submit-container\" ><input type=\"hidden\" name=\"wpforms[id]\" value=\"25609\"><input type=\"hidden\" name=\"page_title\" value=\"\"><input type=\"hidden\" name=\"page_url\" value=\"https:\/\/www.masmialou.com\/fr\/wp-json\/wp\/v2\/pages\/25659\"><input type=\"hidden\" name=\"url_referer\" value=\"\"><button type=\"submit\" name=\"wpforms[submit]\" id=\"wpforms-submit-25609\" class=\"wpforms-submit\" data-alt-text=\"Envoyer...\" data-submit-text=\"Envoyer message\" aria-live=\"assertive\" value=\"wpforms-submit\">Envoyer message<\/button><\/div><\/form><\/div>  <!-- .wpforms-container --> \n<h4>\n\tAppelez ou passez simplement:\n\t<\/h4>\n\t<h4><strong>Mas Mialou<\/strong><\/h4>\nKees en Ren\u00e9e<br \/>\nChemin du Rhode<br \/>\n30270 Saint-Jean-du-Gard\nMobile Renee\u00a0 +33643404788<br \/>\nMobile Kees\u00a0 \u00a0 \u00a0+33783195335<br \/>\nNumero fixe\u00a0 \u00a0 \u00a0+33 951507907<br \/>\nMobile NL\u00a0 \u00a0 \u00a0 \u00a0 +31 615949520\n<h5>Email:\u00a0<a href=\"mailto:masmialou@gmail.com\">masmialou@gmail.com<\/a><\/h5>\n<p>&nbsp;<\/p>\n<h3>\n\tEmplacement\n\t<\/h3>\n\t<a href=\"\/route-beschrijving\/\" target=\"_self\" role=\"button\" rel=\"noopener\">\n\t\t\t\t\tPLUS D&rsquo;INFORMATIONS SUR L&rsquo;ACCESSIBILITE \n\t<\/a>\n\t\t<iframe src=\"https:\/\/maps.google.com\/maps?q=mas+mialou&#038;iwloc=near&#038;output=embed\" height=\"300\" frameborder=\"0\"><\/iframe>\n\n<\/div><!-- .vgblk-rw-wrapper -->","protected":false},"excerpt":{"rendered":"<p>Contact Envoie-nous un message: Appelez ou passez simplement: Mas Mialou Kees en Ren\u00e9e Chemin du Rhode 30270 Saint-Jean-du-Gard Mobile Renee\u00a0 +33643404788 Mobile Kees\u00a0 \u00a0 \u00a0+33783195335 Numero fixe\u00a0 \u00a0 \u00a0+33 951507907&#8230;<\/p>\n","protected":false},"author":2,"featured_media":2771,"parent":0,"menu_order":12,"comment_status":"closed","ping_status":"closed","template":"","meta":{"om_disable_all_campaigns":false,"_monsterinsights_skip_tracking":false,"_monsterinsights_sitenote_active":false,"_monsterinsights_sitenote_note":"","_monsterinsights_sitenote_category":0},"aioseo_notices":[],"yoast_head":"<!-- This site is optimized with the Yoast SEO plugin v21.1 - https:\/\/yoast.com\/wordpress\/plugins\/seo\/ -->\n<title>Contact | Mas Mialou<\/title>\n<meta name=\"robots\" content=\"index, follow, max-snippet:-1, max-image-preview:large, max-video-preview:-1\" \/>\n<link rel=\"canonical\" href=\"https:\/\/www.masmialou.com\/fr\/contact\" \/>\n<meta property=\"og:locale\" content=\"fr_FR\" \/>\n<meta property=\"og:type\" content=\"article\" \/>\n<meta property=\"og:title\" content=\"Contact | Mas Mialou\" \/>\n<meta property=\"og:description\" content=\"Contact Envoie-nous un message: Appelez ou passez simplement: Mas Mialou Kees en Ren\u00e9e Chemin du Rhode 30270 Saint-Jean-du-Gard Mobile Renee\u00a0 +33643404788 Mobile Kees\u00a0 \u00a0 \u00a0+33783195335 Numero fixe\u00a0 \u00a0 \u00a0+33 951507907...\" \/>\n<meta property=\"og:url\" content=\"https:\/\/www.masmialou.com\/fr\/contact\" \/>\n<meta property=\"og:site_name\" content=\"Mas Mialou\" \/>\n<meta property=\"article:publisher\" content=\"https:\/\/www.facebook.com\/masmialou\/\" \/>\n<meta property=\"article:modified_time\" content=\"2021-08-10T14:06:02+00:00\" \/>\n<meta property=\"og:image\" content=\"https:\/\/www.masmialou.com\/wp-content\/uploads\/2019\/07\/Header-Pagina-voorkant-huis.jpg\" \/>\n\t<meta property=\"og:image:width\" content=\"1595\" \/>\n\t<meta property=\"og:image:height\" content=\"451\" \/>\n\t<meta property=\"og:image:type\" content=\"image\/jpeg\" \/>\n<meta name=\"twitter:card\" content=\"summary_large_image\" \/>\n<meta name=\"twitter:site\" content=\"@masmialou\" \/>\n<script type=\"application\/ld+json\" class=\"yoast-schema-graph\">{\"@context\":\"https:\/\/schema.org\",\"@graph\":[{\"@type\":\"WebPage\",\"@id\":\"https:\/\/www.masmialou.com\/fr\/contact\",\"url\":\"https:\/\/www.masmialou.com\/fr\/contact\",\"name\":\"Contact | Mas Mialou\",\"isPartOf\":{\"@id\":\"https:\/\/www.masmialou.com\/fr\/#website\"},\"datePublished\":\"2010-11-30T17:26:05+00:00\",\"dateModified\":\"2021-08-10T14:06:02+00:00\",\"breadcrumb\":{\"@id\":\"https:\/\/www.masmialou.com\/fr\/contact#breadcrumb\"},\"inLanguage\":\"fr-FR\",\"potentialAction\":[{\"@type\":\"ReadAction\",\"target\":[\"https:\/\/www.masmialou.com\/fr\/contact\"]}]},{\"@type\":\"BreadcrumbList\",\"@id\":\"https:\/\/www.masmialou.com\/fr\/contact#breadcrumb\",\"itemListElement\":[{\"@type\":\"ListItem\",\"position\":1,\"name\":\"Home\",\"item\":\"https:\/\/www.masmialou.com\/fr\"},{\"@type\":\"ListItem\",\"position\":2,\"name\":\"Contact\"}]},{\"@type\":\"WebSite\",\"@id\":\"https:\/\/www.masmialou.com\/fr\/#website\",\"url\":\"https:\/\/www.masmialou.com\/fr\/\",\"name\":\"Mas Mialou\",\"description\":\"G\u00eetes \/ Appartements\",\"publisher\":{\"@id\":\"https:\/\/www.masmialou.com\/fr\/#organization\"},\"potentialAction\":[{\"@type\":\"SearchAction\",\"target\":{\"@type\":\"EntryPoint\",\"urlTemplate\":\"https:\/\/www.masmialou.com\/fr\/?s={search_term_string}\"},\"query-input\":\"required name=search_term_string\"}],\"inLanguage\":\"fr-FR\"},{\"@type\":\"Organization\",\"@id\":\"https:\/\/www.masmialou.com\/fr\/#organization\",\"name\":\"Mas Mialou\",\"url\":\"https:\/\/www.masmialou.com\/fr\/\",\"logo\":{\"@type\":\"ImageObject\",\"inLanguage\":\"fr-FR\",\"@id\":\"https:\/\/www.masmialou.com\/fr\/#\/schema\/logo\/image\/\",\"url\":\"https:\/\/www.masmialou.com\/wp-content\/uploads\/2021\/03\/Logo-Mas-Mialou-2019-1.png\",\"contentUrl\":\"https:\/\/www.masmialou.com\/wp-content\/uploads\/2021\/03\/Logo-Mas-Mialou-2019-1.png\",\"width\":800,\"height\":323,\"caption\":\"Mas Mialou\"},\"image\":{\"@id\":\"https:\/\/www.masmialou.com\/fr\/#\/schema\/logo\/image\/\"},\"sameAs\":[\"https:\/\/www.facebook.com\/masmialou\/\",\"https:\/\/twitter.com\/masmialou\",\"https:\/\/www.instagram.com\/masmialou\/\",\"https:\/\/www.linkedin.com\/company\/mas-mialou\/about\/\",\"https:\/\/nl.pinterest.com\/masmialou\/\"]}]}<\/script>\n<!-- \/ Yoast SEO plugin. -->","yoast_head_json":{"title":"Contact | Mas Mialou","robots":{"index":"index","follow":"follow","max-snippet":"max-snippet:-1","max-image-preview":"max-image-preview:large","max-video-preview":"max-video-preview:-1"},"canonical":"https:\/\/www.masmialou.com\/fr\/contact","og_locale":"fr_FR","og_type":"article","og_title":"Contact | Mas Mialou","og_description":"Contact Envoie-nous un message: Appelez ou passez simplement: Mas Mialou Kees en Ren\u00e9e Chemin du Rhode 30270 Saint-Jean-du-Gard Mobile Renee\u00a0 +33643404788 Mobile Kees\u00a0 \u00a0 \u00a0+33783195335 Numero fixe\u00a0 \u00a0 \u00a0+33 951507907...","og_url":"https:\/\/www.masmialou.com\/fr\/contact","og_site_name":"Mas Mialou","article_publisher":"https:\/\/www.facebook.com\/masmialou\/","article_modified_time":"2021-08-10T14:06:02+00:00","og_image":[{"width":1595,"height":451,"url":"https:\/\/www.masmialou.com\/wp-content\/uploads\/2019\/07\/Header-Pagina-voorkant-huis.jpg","type":"image\/jpeg"}],"twitter_card":"summary_large_image","twitter_site":"@masmialou","schema":{"@context":"https:\/\/schema.org","@graph":[{"@type":"WebPage","@id":"https:\/\/www.masmialou.com\/fr\/contact","url":"https:\/\/www.masmialou.com\/fr\/contact","name":"Contact | Mas Mialou","isPartOf":{"@id":"https:\/\/www.masmialou.com\/fr\/#website"},"datePublished":"2010-11-30T17:26:05+00:00","dateModified":"2021-08-10T14:06:02+00:00","breadcrumb":{"@id":"https:\/\/www.masmialou.com\/fr\/contact#breadcrumb"},"inLanguage":"fr-FR","potentialAction":[{"@type":"ReadAction","target":["https:\/\/www.masmialou.com\/fr\/contact"]}]},{"@type":"BreadcrumbList","@id":"https:\/\/www.masmialou.com\/fr\/contact#breadcrumb","itemListElement":[{"@type":"ListItem","position":1,"name":"Home","item":"https:\/\/www.masmialou.com\/fr"},{"@type":"ListItem","position":2,"name":"Contact"}]},{"@type":"WebSite","@id":"https:\/\/www.masmialou.com\/fr\/#website","url":"https:\/\/www.masmialou.com\/fr\/","name":"Mas Mialou","description":"G\u00eetes \/ Appartements","publisher":{"@id":"https:\/\/www.masmialou.com\/fr\/#organization"},"potentialAction":[{"@type":"SearchAction","target":{"@type":"EntryPoint","urlTemplate":"https:\/\/www.masmialou.com\/fr\/?s={search_term_string}"},"query-input":"required name=search_term_string"}],"inLanguage":"fr-FR"},{"@type":"Organization","@id":"https:\/\/www.masmialou.com\/fr\/#organization","name":"Mas Mialou","url":"https:\/\/www.masmialou.com\/fr\/","logo":{"@type":"ImageObject","inLanguage":"fr-FR","@id":"https:\/\/www.masmialou.com\/fr\/#\/schema\/logo\/image\/","url":"https:\/\/www.masmialou.com\/wp-content\/uploads\/2021\/03\/Logo-Mas-Mialou-2019-1.png","contentUrl":"https:\/\/www.masmialou.com\/wp-content\/uploads\/2021\/03\/Logo-Mas-Mialou-2019-1.png","width":800,"height":323,"caption":"Mas Mialou"},"image":{"@id":"https:\/\/www.masmialou.com\/fr\/#\/schema\/logo\/image\/"},"sameAs":["https:\/\/www.facebook.com\/masmialou\/","https:\/\/twitter.com\/masmialou","https:\/\/www.instagram.com\/masmialou\/","https:\/\/www.linkedin.com\/company\/mas-mialou\/about\/","https:\/\/nl.pinterest.com\/masmialou\/"]}]}},"_links":{"self":[{"href":"https:\/\/www.masmialou.com\/fr\/wp-json\/wp\/v2\/pages\/25659"}],"collection":[{"href":"https:\/\/www.masmialou.com\/fr\/wp-json\/wp\/v2\/pages"}],"about":[{"href":"https:\/\/www.masmialou.com\/fr\/wp-json\/wp\/v2\/types\/page"}],"author":[{"embeddable":true,"href":"https:\/\/www.masmialou.com\/fr\/wp-json\/wp\/v2\/users\/2"}],"replies":[{"embeddable":true,"href":"https:\/\/www.masmialou.com\/fr\/wp-json\/wp\/v2\/comments?post=25659"}],"version-history":[{"count":5,"href":"https:\/\/www.masmialou.com\/fr\/wp-json\/wp\/v2\/pages\/25659\/revisions"}],"predecessor-version":[{"id":25765,"href":"https:\/\/www.masmialou.com\/fr\/wp-json\/wp\/v2\/pages\/25659\/revisions\/25765"}],"wp:featuredmedia":[{"embeddable":true,"href":"https:\/\/www.masmialou.com\/fr\/wp-json\/wp\/v2\/media\/2771"}],"wp:attachment":[{"href":"https:\/\/www.masmialou.com\/fr\/wp-json\/wp\/v2\/media?parent=25659"}],"curies":[{"name":"wp","href":"https:\/\/api.w.org\/{rel}","templated":true}]}}