{"id":25679,"date":"2016-05-28T20:34:20","date_gmt":"2016-05-28T19:34:20","guid":{"rendered":"https:\/\/www.masmialou.com\/faciliteiten"},"modified":"2023-11-29T11:02:36","modified_gmt":"2023-11-29T10:02:36","slug":"services","status":"publish","type":"page","link":"https:\/\/www.masmialou.com\/fr\/services","title":{"rendered":"Services &#038; Equipements"},"content":{"rendered":"<div class=\"vgblk-rw-wrapper limit-wrapper\">\n<h2>\n\tBaignade\n\t<\/h2>\n\t<p>Une belle et grande piscine avec de l&rsquo;eau azur. C&rsquo;\u00e9tait notre r\u00eave et ce r\u00eave est maintenant r\u00e9alis\u00e9! Depuis l&rsquo;\u00e9t\u00e9 2023, les clients de Mas Mialou peuvent nager et sauter dans notre propre piscine d&rsquo;eau sal\u00e9e!<\/p>\n<p>Il y a aussi une grande piscine municipale. Vous la trouverez \u00e0 seulement 2 minutes \u00e0 pied. Pour environ 2 euros, vous pouvez y passer toute la journ\u00e9e et profiter de trois bassins.<\/p>\n<p>Bien s\u00fbr, il est \u00e9galement possible de nager dans les rivi\u00e8res aux eaux cristallines \u00e0 proximit\u00e9. Et la mer \u00e0 Montpellier avec ses belles plages de sable n&rsquo;est qu&rsquo;\u00e0 1h15 de route.<\/p>\n\t\t\t\t\t\t\t<img decoding=\"async\" loading=\"lazy\" src=\"https:\/\/www.masmialou.com\/wp-content\/uploads\/2020\/05\/trampoline5-scaled.jpg\" alt=\"trampoline5\" itemprop=\"image\" height=\"1696\" width=\"2560\" title=\"trampoline5\" onerror=\"this.style.display='none'\"  sizes=\"(max-width: 760px) 100vw, 100vw\" srcset=\"https:\/\/www.masmialou.com\/wp-content\/uploads\/2020\/05\/trampoline5-scaled.jpg 2560w, https:\/\/www.masmialou.com\/wp-content\/uploads\/2020\/05\/trampoline5-300x199.jpg 300w, https:\/\/www.masmialou.com\/wp-content\/uploads\/2020\/05\/trampoline5-1024x678.jpg 1024w, https:\/\/www.masmialou.com\/wp-content\/uploads\/2020\/05\/trampoline5-768x509.jpg 768w, https:\/\/www.masmialou.com\/wp-content\/uploads\/2020\/05\/trampoline5-1536x1017.jpg 1536w, https:\/\/www.masmialou.com\/wp-content\/uploads\/2020\/05\/trampoline5-2048x1356.jpg 2048w, https:\/\/www.masmialou.com\/wp-content\/uploads\/2020\/05\/trampoline5-1260x835.jpg 1260w, https:\/\/www.masmialou.com\/wp-content\/uploads\/2020\/05\/trampoline5-630x417.jpg 630w, https:\/\/www.masmialou.com\/wp-content\/uploads\/2020\/05\/trampoline5-420x278.jpg 420w, https:\/\/www.masmialou.com\/wp-content\/uploads\/2020\/05\/trampoline5-840x556.jpg 840w, https:\/\/www.masmialou.com\/wp-content\/uploads\/2020\/05\/trampoline5-315x209.jpg 315w\" \/>\t\t\t\t\t\t\t\n\t\t\t\t\t\t\t<img decoding=\"async\" loading=\"lazy\" src=\"https:\/\/www.masmialou.com\/wp-content\/uploads\/2020\/05\/Faciliteiten-Speelkamer-2.jpg\" alt=\"Speelkamer\" itemprop=\"image\" height=\"1080\" width=\"1631\" title=\"Faciliteiten Speelkamer 2\" onerror=\"this.style.display='none'\"  sizes=\"(max-width: 760px) 100vw, 100vw\" srcset=\"https:\/\/www.masmialou.com\/wp-content\/uploads\/2020\/05\/Faciliteiten-Speelkamer-2.jpg 1631w, https:\/\/www.masmialou.com\/wp-content\/uploads\/2020\/05\/Faciliteiten-Speelkamer-2-300x199.jpg 300w, https:\/\/www.masmialou.com\/wp-content\/uploads\/2020\/05\/Faciliteiten-Speelkamer-2-1024x678.jpg 1024w, https:\/\/www.masmialou.com\/wp-content\/uploads\/2020\/05\/Faciliteiten-Speelkamer-2-768x509.jpg 768w, https:\/\/www.masmialou.com\/wp-content\/uploads\/2020\/05\/Faciliteiten-Speelkamer-2-1536x1017.jpg 1536w, https:\/\/www.masmialou.com\/wp-content\/uploads\/2020\/05\/Faciliteiten-Speelkamer-2-1260x834.jpg 1260w, https:\/\/www.masmialou.com\/wp-content\/uploads\/2020\/05\/Faciliteiten-Speelkamer-2-630x417.jpg 630w, https:\/\/www.masmialou.com\/wp-content\/uploads\/2020\/05\/Faciliteiten-Speelkamer-2-420x278.jpg 420w, https:\/\/www.masmialou.com\/wp-content\/uploads\/2020\/05\/Faciliteiten-Speelkamer-2-840x556.jpg 840w, https:\/\/www.masmialou.com\/wp-content\/uploads\/2020\/05\/Faciliteiten-Speelkamer-2-315x209.jpg 315w\" \/>\t\t\t\t\t\t\t\n<h2>\n\tSport &amp; jeu\n\t<\/h2>\n\t<p>L&rsquo;ancienne magnanerie (le grenier o\u00f9 \u00e9taient \u00e9lev\u00e9s les vers \u00e0 soie) a \u00e9t\u00e9 transform\u00e9e en une grande salle de jeux pour petits et grands. Celle-ci dispose d&rsquo;une table de ping-pong et d&rsquo;une table de billard. Vous y trouverez \u00e9galement des livres et des magazines, des puzzles, des jeux de soci\u00e9t\u00e9 et des jouets pour les plus petits.<\/p>\n<p>Dans le jardin, il y a un grand trampoline et une maisonnette avec balan\u00e7oire et toboggan. Un terrain de p\u00e9tanque est pr\u00e9vu au mas, mais en attendant, vous le trouverez dans le village.<\/p>\n<p>A 200-300 m du Mas Mialou, vous trouverez une aire de jeux, un terrain de football et trois courts de tennis municipaux.<\/p>\n\t&#8211; Jeux de soci\u00e9t\u00e9<br \/>\n&#8211; Une table de billard<br \/>\n&#8211; Babyfoot<br \/>\n&#8211; Une table de ping-pong<br \/>\n&#8211; Fl\u00e9chettes<br \/>\n&#8211; Jeu de palets\n\t&#8211; Trampoline<br \/>\n&#8211; Balan\u00e7oire<br \/>\n&#8211; Maisonnette<br \/>\n&#8211; Tobogan<br \/>\n&#8211; Terrain de football (\u00e0 200 m)<br \/>\n&#8211; Terrain de tennis (\u00e0 200 m)<br \/>\n&#8211; Aire de jeux publique (\u00e0 300 m)\n<h2>\n\tEnfants &amp; B\u00e9b\u00e9s\n\t<\/h2>\n\t<p>L&rsquo;am\u00e9nagement du Mas Mialou a \u00e9t\u00e9 pens\u00e9 pour \u00eatre adapt\u00e9 \u00e0 l&rsquo;accueil et le bien \u00eatre des enfants. Tout ce dont vous avez besoin est disponible pour les enfants et les b\u00e9b\u00e9s.<\/p>\n&#8211; Berceau<br \/>\n&#8211; Lit b\u00e9b\u00e9<br \/>\n&#8211; Chaise haute<br \/>\n&#8211; Des jouets pour tous les \u00e2ges\n<h2>\n\tAutres services\n\t<\/h2>\n\t<p>Une buanderie commune a \u00e9t\u00e9 am\u00e9nag\u00e9e dans un sous-sol du b\u00e2timent. Un lave-linge et un s\u00e8che-linge sont disponibles moyennant un suppl\u00e9ment. Il y a aussi une planche \u00e0 repasser avec un fer \u00e0 repasser.<\/p>\n<p>La salle de jeux dispose \u00e9galement d&rsquo;un grand r\u00e9frig\u00e9rateur et cong\u00e9lateur. Vous pouvez l&rsquo;utiliser gratuitement pour congeler vos bacs de glaci\u00e8re et pour refroidir des boissons suppl\u00e9mentaires.<\/p>\n<p>Tous les appartements du Mas Mialou disposent d&rsquo;une connexion Wi-Fi que vous pouvez utiliser gratuitement.<\/p>\n<p>Animaux en consultation.<\/p>\n\n<\/div><!-- .vgblk-rw-wrapper -->","protected":false},"excerpt":{"rendered":"<p>Baignade Une belle et grande piscine avec de l&rsquo;eau azur. C&rsquo;\u00e9tait notre r\u00eave et ce r\u00eave est maintenant r\u00e9alis\u00e9! Depuis l&rsquo;\u00e9t\u00e9 2023, les clients de Mas Mialou peuvent nager et&#8230;<\/p>\n","protected":false},"author":2,"featured_media":2525,"parent":0,"menu_order":7,"comment_status":"closed","ping_status":"closed","template":"","meta":{"om_disable_all_campaigns":false,"_monsterinsights_skip_tracking":false,"_monsterinsights_sitenote_active":false,"_monsterinsights_sitenote_note":"","_monsterinsights_sitenote_category":0},"aioseo_notices":[],"yoast_head":"<!-- This site is optimized with the Yoast SEO plugin v21.1 - https:\/\/yoast.com\/wordpress\/plugins\/seo\/ -->\n<title>Services &amp; Equipements | Mas Mialou<\/title>\n<meta name=\"robots\" content=\"index, follow, max-snippet:-1, max-image-preview:large, max-video-preview:-1\" \/>\n<link rel=\"canonical\" href=\"https:\/\/www.masmialou.com\/fr\/services\" \/>\n<meta property=\"og:locale\" content=\"fr_FR\" \/>\n<meta property=\"og:type\" content=\"article\" \/>\n<meta property=\"og:title\" content=\"Services &amp; Equipements | Mas Mialou\" \/>\n<meta property=\"og:description\" content=\"Baignade Une belle et grande piscine avec de l&rsquo;eau azur. C&rsquo;\u00e9tait notre r\u00eave et ce r\u00eave est maintenant r\u00e9alis\u00e9! Depuis l&rsquo;\u00e9t\u00e9 2023, les clients de Mas Mialou peuvent nager et...\" \/>\n<meta property=\"og:url\" content=\"https:\/\/www.masmialou.com\/fr\/services\" \/>\n<meta property=\"og:site_name\" content=\"Mas Mialou\" \/>\n<meta property=\"article:publisher\" content=\"https:\/\/www.facebook.com\/masmialou\/\" \/>\n<meta property=\"article:modified_time\" content=\"2023-11-29T10:02:36+00:00\" \/>\n<meta property=\"og:image\" content=\"https:\/\/www.masmialou.com\/wp-content\/uploads\/2018\/03\/Uitzicht-tuin-vanaf-balkon-1.jpg\" \/>\n\t<meta property=\"og:image:width\" content=\"1600\" \/>\n\t<meta property=\"og:image:height\" content=\"300\" \/>\n\t<meta property=\"og:image:type\" content=\"image\/jpeg\" \/>\n<meta name=\"twitter:card\" content=\"summary_large_image\" \/>\n<meta name=\"twitter:site\" content=\"@masmialou\" \/>\n<meta name=\"twitter:label1\" content=\"Dur\u00e9e de lecture estim\u00e9e\" \/>\n\t<meta name=\"twitter:data1\" content=\"3 minutes\" \/>\n<script type=\"application\/ld+json\" class=\"yoast-schema-graph\">{\"@context\":\"https:\/\/schema.org\",\"@graph\":[{\"@type\":\"WebPage\",\"@id\":\"https:\/\/www.masmialou.com\/fr\/services\",\"url\":\"https:\/\/www.masmialou.com\/fr\/services\",\"name\":\"Services & Equipements | Mas Mialou\",\"isPartOf\":{\"@id\":\"https:\/\/www.masmialou.com\/fr\/#website\"},\"datePublished\":\"2016-05-28T19:34:20+00:00\",\"dateModified\":\"2023-11-29T10:02:36+00:00\",\"breadcrumb\":{\"@id\":\"https:\/\/www.masmialou.com\/fr\/services#breadcrumb\"},\"inLanguage\":\"fr-FR\",\"potentialAction\":[{\"@type\":\"ReadAction\",\"target\":[\"https:\/\/www.masmialou.com\/fr\/services\"]}]},{\"@type\":\"BreadcrumbList\",\"@id\":\"https:\/\/www.masmialou.com\/fr\/services#breadcrumb\",\"itemListElement\":[{\"@type\":\"ListItem\",\"position\":1,\"name\":\"Home\",\"item\":\"https:\/\/www.masmialou.com\/fr\"},{\"@type\":\"ListItem\",\"position\":2,\"name\":\"Services &#038; Equipements\"}]},{\"@type\":\"WebSite\",\"@id\":\"https:\/\/www.masmialou.com\/fr\/#website\",\"url\":\"https:\/\/www.masmialou.com\/fr\/\",\"name\":\"Mas Mialou\",\"description\":\"G\u00eetes \/ Appartements\",\"publisher\":{\"@id\":\"https:\/\/www.masmialou.com\/fr\/#organization\"},\"potentialAction\":[{\"@type\":\"SearchAction\",\"target\":{\"@type\":\"EntryPoint\",\"urlTemplate\":\"https:\/\/www.masmialou.com\/fr\/?s={search_term_string}\"},\"query-input\":\"required name=search_term_string\"}],\"inLanguage\":\"fr-FR\"},{\"@type\":\"Organization\",\"@id\":\"https:\/\/www.masmialou.com\/fr\/#organization\",\"name\":\"Mas Mialou\",\"url\":\"https:\/\/www.masmialou.com\/fr\/\",\"logo\":{\"@type\":\"ImageObject\",\"inLanguage\":\"fr-FR\",\"@id\":\"https:\/\/www.masmialou.com\/fr\/#\/schema\/logo\/image\/\",\"url\":\"https:\/\/www.masmialou.com\/wp-content\/uploads\/2021\/03\/Logo-Mas-Mialou-2019-1.png\",\"contentUrl\":\"https:\/\/www.masmialou.com\/wp-content\/uploads\/2021\/03\/Logo-Mas-Mialou-2019-1.png\",\"width\":800,\"height\":323,\"caption\":\"Mas Mialou\"},\"image\":{\"@id\":\"https:\/\/www.masmialou.com\/fr\/#\/schema\/logo\/image\/\"},\"sameAs\":[\"https:\/\/www.facebook.com\/masmialou\/\",\"https:\/\/twitter.com\/masmialou\",\"https:\/\/www.instagram.com\/masmialou\/\",\"https:\/\/www.linkedin.com\/company\/mas-mialou\/about\/\",\"https:\/\/nl.pinterest.com\/masmialou\/\"]}]}<\/script>\n<!-- \/ Yoast SEO plugin. -->","yoast_head_json":{"title":"Services & Equipements | Mas Mialou","robots":{"index":"index","follow":"follow","max-snippet":"max-snippet:-1","max-image-preview":"max-image-preview:large","max-video-preview":"max-video-preview:-1"},"canonical":"https:\/\/www.masmialou.com\/fr\/services","og_locale":"fr_FR","og_type":"article","og_title":"Services & Equipements | Mas Mialou","og_description":"Baignade Une belle et grande piscine avec de l&rsquo;eau azur. C&rsquo;\u00e9tait notre r\u00eave et ce r\u00eave est maintenant r\u00e9alis\u00e9! Depuis l&rsquo;\u00e9t\u00e9 2023, les clients de Mas Mialou peuvent nager et...","og_url":"https:\/\/www.masmialou.com\/fr\/services","og_site_name":"Mas Mialou","article_publisher":"https:\/\/www.facebook.com\/masmialou\/","article_modified_time":"2023-11-29T10:02:36+00:00","og_image":[{"width":1600,"height":300,"url":"https:\/\/www.masmialou.com\/wp-content\/uploads\/2018\/03\/Uitzicht-tuin-vanaf-balkon-1.jpg","type":"image\/jpeg"}],"twitter_card":"summary_large_image","twitter_site":"@masmialou","twitter_misc":{"Dur\u00e9e de lecture estim\u00e9e":"3 minutes"},"schema":{"@context":"https:\/\/schema.org","@graph":[{"@type":"WebPage","@id":"https:\/\/www.masmialou.com\/fr\/services","url":"https:\/\/www.masmialou.com\/fr\/services","name":"Services & Equipements | Mas Mialou","isPartOf":{"@id":"https:\/\/www.masmialou.com\/fr\/#website"},"datePublished":"2016-05-28T19:34:20+00:00","dateModified":"2023-11-29T10:02:36+00:00","breadcrumb":{"@id":"https:\/\/www.masmialou.com\/fr\/services#breadcrumb"},"inLanguage":"fr-FR","potentialAction":[{"@type":"ReadAction","target":["https:\/\/www.masmialou.com\/fr\/services"]}]},{"@type":"BreadcrumbList","@id":"https:\/\/www.masmialou.com\/fr\/services#breadcrumb","itemListElement":[{"@type":"ListItem","position":1,"name":"Home","item":"https:\/\/www.masmialou.com\/fr"},{"@type":"ListItem","position":2,"name":"Services &#038; Equipements"}]},{"@type":"WebSite","@id":"https:\/\/www.masmialou.com\/fr\/#website","url":"https:\/\/www.masmialou.com\/fr\/","name":"Mas Mialou","description":"G\u00eetes \/ Appartements","publisher":{"@id":"https:\/\/www.masmialou.com\/fr\/#organization"},"potentialAction":[{"@type":"SearchAction","target":{"@type":"EntryPoint","urlTemplate":"https:\/\/www.masmialou.com\/fr\/?s={search_term_string}"},"query-input":"required name=search_term_string"}],"inLanguage":"fr-FR"},{"@type":"Organization","@id":"https:\/\/www.masmialou.com\/fr\/#organization","name":"Mas Mialou","url":"https:\/\/www.masmialou.com\/fr\/","logo":{"@type":"ImageObject","inLanguage":"fr-FR","@id":"https:\/\/www.masmialou.com\/fr\/#\/schema\/logo\/image\/","url":"https:\/\/www.masmialou.com\/wp-content\/uploads\/2021\/03\/Logo-Mas-Mialou-2019-1.png","contentUrl":"https:\/\/www.masmialou.com\/wp-content\/uploads\/2021\/03\/Logo-Mas-Mialou-2019-1.png","width":800,"height":323,"caption":"Mas Mialou"},"image":{"@id":"https:\/\/www.masmialou.com\/fr\/#\/schema\/logo\/image\/"},"sameAs":["https:\/\/www.facebook.com\/masmialou\/","https:\/\/twitter.com\/masmialou","https:\/\/www.instagram.com\/masmialou\/","https:\/\/www.linkedin.com\/company\/mas-mialou\/about\/","https:\/\/nl.pinterest.com\/masmialou\/"]}]}},"_links":{"self":[{"href":"https:\/\/www.masmialou.com\/fr\/wp-json\/wp\/v2\/pages\/25679"}],"collection":[{"href":"https:\/\/www.masmialou.com\/fr\/wp-json\/wp\/v2\/pages"}],"about":[{"href":"https:\/\/www.masmialou.com\/fr\/wp-json\/wp\/v2\/types\/page"}],"author":[{"embeddable":true,"href":"https:\/\/www.masmialou.com\/fr\/wp-json\/wp\/v2\/users\/2"}],"replies":[{"embeddable":true,"href":"https:\/\/www.masmialou.com\/fr\/wp-json\/wp\/v2\/comments?post=25679"}],"version-history":[{"count":5,"href":"https:\/\/www.masmialou.com\/fr\/wp-json\/wp\/v2\/pages\/25679\/revisions"}],"predecessor-version":[{"id":28223,"href":"https:\/\/www.masmialou.com\/fr\/wp-json\/wp\/v2\/pages\/25679\/revisions\/28223"}],"wp:featuredmedia":[{"embeddable":true,"href":"https:\/\/www.masmialou.com\/fr\/wp-json\/wp\/v2\/media\/2525"}],"wp:attachment":[{"href":"https:\/\/www.masmialou.com\/fr\/wp-json\/wp\/v2\/media?parent=25679"}],"curies":[{"name":"wp","href":"https:\/\/api.w.org\/{rel}","templated":true}]}}