{"id":25945,"date":"2018-03-26T21:17:47","date_gmt":"2018-03-26T20:17:47","guid":{"rendered":"https:\/\/www.masmialou.com\/route-beschrijving"},"modified":"2021-09-21T22:18:22","modified_gmt":"2021-09-21T21:18:22","slug":"s-y-rendre","status":"publish","type":"page","link":"https:\/\/www.masmialou.com\/fr\/s-y-rendre","title":{"rendered":"S&rsquo;y rendre"},"content":{"rendered":"<div class=\"vgblk-rw-wrapper limit-wrapper\">\n<h3>\n\tS&rsquo;y rendre\n\t<\/h3>\n\t<h5>Le Mas Mialou est facilement accessible en voiture. Si vous ne souhaitez pas conduire, vous pouvez prendre l&rsquo;avion et vous serez en quelques heures sur place.<\/h5>\n<h5>Vous trouverez ci-dessous un aper\u00e7u des diff\u00e9rents vols. Nous vous recommandons de louer une voiture pour d\u00e9couvrir les environs. Mais nous sommes \u00e9galement bien accessible par train et bus.<\/h5>\n<h3>\n\tEn voiture\n\t<\/h3>\n\tIl existe plusieurs itin\u00e9raires que vous pouvez emprunter pour vous rendre au Mas Mialou. Quelques exemples;<br>\n1. Lyon, Bagnols-s\u00fbr-C\u00e8ze, Al\u00e8s, Saint-Jean-du-Gard<br>\n2. Lyon, N\u00eemes, Saint-Jean-du-Gard<br>\n3. Via Parijs, Orleans, Clermont-Ferrand, Florac, Saint-Jean-du-Gard<br>\n4. Parijs, Nevers, Clermont-Ferrand, Florac, Saint-Jean-du-Gard\n<p>M\u00eame si le trajet est un peu plus long, nous pr\u00e9f\u00e9rons toujours l&rsquo;itin\u00e9raire 4. Les raisons? Plus \u00e9conomique, car vous payez moins de p\u00e9age, une route tr\u00e8s calme car ce n&rsquo;est pas un itin\u00e9raire connu, dans la derni\u00e8re heure et demie, vous traversez les C\u00e9vennes, ce qui vous donne imm\u00e9diatement un aper\u00e7u de la r\u00e9gion et de ses paysages.<\/p>\n\n<p>Lorsque vous arrivez dans le village de Saint-Jean-du-Gard, vous passez directement par le centre du village et vous traversez le pont. Lorsque vous arrivez \u00e0 la gare, tournez \u00e0 gauche en direction des terrains de sport, continuez tout droit jusqu&rsquo;\u00e0 la patte d&rsquo;oie; arriv\u00e9 \u00e0 celle-ci, prenez la voie de droite et suivez la route jusqu&rsquo;\u00e0 ce que vous traversiez la voie ferr\u00e9e. Tournez \u00e0 droite apr\u00e8s la petite maison du gardien de chemin de fer et emprunter le chemin priv\u00e9. Dans le premier virage, \u00e0 droite, vous verrez l&rsquo;entr\u00e9e du Mas Mialou. Bienvenue!<\/p>\n<b>Voiture \u00e9lectrique<\/b><br>\nVous souhaitez partir en vacances avec la voiture \u00e9lectrique ? Aucun probl\u00e8me. Des bornes de recharge \u00e9lectrique R\u00e9v\u00e9o sont disponibles \u00e0 600m du Mas Mialou.\n<p>Adresse: Rue Beaux de Maguielle, Saint-Jean-du-Gard<\/p>\n\t\t<iframe src=\"https:\/\/maps.google.com\/maps?q=mas+Mialou&amp;iwloc=near&amp;output=embed\" height=\"250\" frameborder=\"0\"><\/iframe>\n<h3>\n\tAvion\n\t<\/h3>\n\t<b>Distance de l&rsquo;a\u00e9roport &#8211; Saint-Jean-du-Gard<br>\n<\/b>&#8211; N\u00eemes: 1h, 70 km<br>\n&#8211; Montpellier: 1h15, 82 km<br>\n&#8211; Marseille: 1h50, 160 km<br>\n&#8211; B\u00e9zier: 1h50, 145 km<br>\n&#8211; Perpignan: 2h35, 230 km<br>\n&#8211; Carcassone: 2h38, 236 km\n\t<b>Quelques sites de billets d&rsquo;avion :<\/b><a href=\"https:\/\/www.lowcostairlines.nl\/frankrijk\/\"><br>\n<\/a><a href=\"http:\/\/www.easyjet.com\/\">http:\/\/www.easyjet.com\/<br>\n<\/a><a href=\"https:\/\/www.ryanair.com\/\">https:\/\/www.ryanair.com\/nl\/nl\/<br>\n<\/a><a href=\"https:\/\/www.brusselsairlines.com\/\">https:\/\/www.brusselsairlines.com\/<br>\n<\/a><a href=\"https:\/\/www.transavia.com\/\">https:\/\/www.transavia.com\/<\/a><br>\n<a href=\"https:\/\/www.airfrance.com\">https:\/\/www.airfrance.com<\/a><br>\n<a href=\"http:\/\/www.klm.com\/home\/nl\/nl\">http:\/\/www.klm.com\/<\/a>\n<p>&nbsp;<\/p>\n<p>&nbsp;<\/p>\n<h3>\n\tPar train\n\t<\/h3>\n\tVous pr\u00e9f\u00e9rez voyager en train ? Aucun probl\u00e8me! La gare la plus proche est<br>\nla gare d&rsquo;Al\u00e8s. Depuis Al\u00e8s, le bus 72 vous am\u00e8ne \u00e0 Saint-Jean-du-gard.\n\n\n<p>&nbsp;<\/p>\n\t\t\t\t\t\t\t<img decoding=\"async\" loading=\"lazy\" src=\"https:\/\/www.masmialou.com\/wp-content\/uploads\/2021\/02\/Contact-Trein-1.jpg\" alt=\"Contact Trein\" itemprop=\"image\" height=\"928\" width=\"1280\" title=\"Contact Trein\" onerror=\"this.style.display='none'\" sizes=\"(max-width: 760px) 100vw, 100vw\" srcset=\"data:image\/svg+xml;utf8,<svg%20xmlns=&quot;http:\/\/www.w3.org\/2000\/svg&quot;%20viewBox=&quot;0%200%201280%20928&quot;%20height=&quot;928px&quot;%20width=&quot;1280px&quot;\/>\u00a0\u00bb data-srcset=\u00a0\u00bbhttps:\/\/www.masmialou.com\/wp-content\/uploads\/2021\/02\/Contact-Trein-1.jpg 1280w, https:\/\/www.masmialou.com\/wp-content\/uploads\/2021\/02\/Contact-Trein-1-300&#215;218.jpg 300w, https:\/\/www.masmialou.com\/wp-content\/uploads\/2021\/02\/Contact-Trein-1-1024&#215;742.jpg 1024w, https:\/\/www.masmialou.com\/wp-content\/uploads\/2021\/02\/Contact-Trein-1-768&#215;557.jpg 768w, https:\/\/www.masmialou.com\/wp-content\/uploads\/2021\/02\/Contact-Trein-1-1260&#215;914.jpg 1260w, https:\/\/www.masmialou.com\/wp-content\/uploads\/2021\/02\/Contact-Trein-1-630&#215;457.jpg 630w, https:\/\/www.masmialou.com\/wp-content\/uploads\/2021\/02\/Contact-Trein-1-420&#215;305.jpg 420w, https:\/\/www.masmialou.com\/wp-content\/uploads\/2021\/02\/Contact-Trein-1-840&#215;609.jpg 840w, https:\/\/www.masmialou.com\/wp-content\/uploads\/2021\/02\/Contact-Trein-1-315&#215;228.jpg 315w\u00a0\u00bb>\n<\/div><!-- .vgblk-rw-wrapper -->","protected":false},"excerpt":{"rendered":"<p>S&rsquo;y rendre Le Mas Mialou est facilement accessible en voiture. Si vous ne souhaitez pas conduire, vous pouvez prendre l&rsquo;avion et vous serez en quelques heures sur place. Vous trouverez&#8230;<\/p>\n","protected":false},"author":2,"featured_media":2527,"parent":0,"menu_order":13,"comment_status":"closed","ping_status":"closed","template":"","meta":{"om_disable_all_campaigns":false,"_monsterinsights_skip_tracking":false,"_monsterinsights_sitenote_active":false,"_monsterinsights_sitenote_note":"","_monsterinsights_sitenote_category":0},"aioseo_notices":[],"yoast_head":"<!-- This site is optimized with the Yoast SEO plugin v21.1 - https:\/\/yoast.com\/wordpress\/plugins\/seo\/ -->\n<title>S&#039;y rendre | Mas Mialou<\/title>\n<meta name=\"robots\" content=\"index, follow, max-snippet:-1, max-image-preview:large, max-video-preview:-1\" \/>\n<link rel=\"canonical\" href=\"https:\/\/www.masmialou.com\/fr\/s-y-rendre\" \/>\n<meta property=\"og:locale\" content=\"fr_FR\" \/>\n<meta property=\"og:type\" content=\"article\" \/>\n<meta property=\"og:title\" content=\"S&#039;y rendre | Mas Mialou\" \/>\n<meta property=\"og:description\" content=\"S&rsquo;y rendre Le Mas Mialou est facilement accessible en voiture. Si vous ne souhaitez pas conduire, vous pouvez prendre l&rsquo;avion et vous serez en quelques heures sur place. Vous trouverez...\" \/>\n<meta property=\"og:url\" content=\"https:\/\/www.masmialou.com\/fr\/s-y-rendre\" \/>\n<meta property=\"og:site_name\" content=\"Mas Mialou\" \/>\n<meta property=\"article:publisher\" content=\"https:\/\/www.facebook.com\/masmialou\/\" \/>\n<meta property=\"article:modified_time\" content=\"2021-09-21T21:18:22+00:00\" \/>\n<meta property=\"og:image\" content=\"https:\/\/www.masmialou.com\/wp-content\/uploads\/2018\/03\/Google-Maps.jpg\" \/>\n\t<meta property=\"og:image:width\" content=\"1600\" \/>\n\t<meta property=\"og:image:height\" content=\"300\" \/>\n\t<meta property=\"og:image:type\" content=\"image\/jpeg\" \/>\n<meta name=\"twitter:card\" content=\"summary_large_image\" \/>\n<meta name=\"twitter:site\" content=\"@masmialou\" \/>\n<meta name=\"twitter:label1\" content=\"Dur\u00e9e de lecture estim\u00e9e\" \/>\n\t<meta name=\"twitter:data1\" content=\"2 minutes\" \/>\n<script type=\"application\/ld+json\" class=\"yoast-schema-graph\">{\"@context\":\"https:\/\/schema.org\",\"@graph\":[{\"@type\":\"WebPage\",\"@id\":\"https:\/\/www.masmialou.com\/fr\/s-y-rendre\",\"url\":\"https:\/\/www.masmialou.com\/fr\/s-y-rendre\",\"name\":\"S'y rendre | Mas Mialou\",\"isPartOf\":{\"@id\":\"https:\/\/www.masmialou.com\/fr\/#website\"},\"datePublished\":\"2018-03-26T20:17:47+00:00\",\"dateModified\":\"2021-09-21T21:18:22+00:00\",\"breadcrumb\":{\"@id\":\"https:\/\/www.masmialou.com\/fr\/s-y-rendre#breadcrumb\"},\"inLanguage\":\"fr-FR\",\"potentialAction\":[{\"@type\":\"ReadAction\",\"target\":[\"https:\/\/www.masmialou.com\/fr\/s-y-rendre\"]}]},{\"@type\":\"BreadcrumbList\",\"@id\":\"https:\/\/www.masmialou.com\/fr\/s-y-rendre#breadcrumb\",\"itemListElement\":[{\"@type\":\"ListItem\",\"position\":1,\"name\":\"Home\",\"item\":\"https:\/\/www.masmialou.com\/fr\"},{\"@type\":\"ListItem\",\"position\":2,\"name\":\"S&rsquo;y rendre\"}]},{\"@type\":\"WebSite\",\"@id\":\"https:\/\/www.masmialou.com\/fr\/#website\",\"url\":\"https:\/\/www.masmialou.com\/fr\/\",\"name\":\"Mas Mialou\",\"description\":\"G\u00eetes \/ Appartements\",\"publisher\":{\"@id\":\"https:\/\/www.masmialou.com\/fr\/#organization\"},\"potentialAction\":[{\"@type\":\"SearchAction\",\"target\":{\"@type\":\"EntryPoint\",\"urlTemplate\":\"https:\/\/www.masmialou.com\/fr\/?s={search_term_string}\"},\"query-input\":\"required name=search_term_string\"}],\"inLanguage\":\"fr-FR\"},{\"@type\":\"Organization\",\"@id\":\"https:\/\/www.masmialou.com\/fr\/#organization\",\"name\":\"Mas Mialou\",\"url\":\"https:\/\/www.masmialou.com\/fr\/\",\"logo\":{\"@type\":\"ImageObject\",\"inLanguage\":\"fr-FR\",\"@id\":\"https:\/\/www.masmialou.com\/fr\/#\/schema\/logo\/image\/\",\"url\":\"https:\/\/www.masmialou.com\/wp-content\/uploads\/2021\/03\/Logo-Mas-Mialou-2019-1.png\",\"contentUrl\":\"https:\/\/www.masmialou.com\/wp-content\/uploads\/2021\/03\/Logo-Mas-Mialou-2019-1.png\",\"width\":800,\"height\":323,\"caption\":\"Mas Mialou\"},\"image\":{\"@id\":\"https:\/\/www.masmialou.com\/fr\/#\/schema\/logo\/image\/\"},\"sameAs\":[\"https:\/\/www.facebook.com\/masmialou\/\",\"https:\/\/twitter.com\/masmialou\",\"https:\/\/www.instagram.com\/masmialou\/\",\"https:\/\/www.linkedin.com\/company\/mas-mialou\/about\/\",\"https:\/\/nl.pinterest.com\/masmialou\/\"]}]}<\/script>\n<!-- \/ Yoast SEO plugin. -->","yoast_head_json":{"title":"S'y rendre | Mas Mialou","robots":{"index":"index","follow":"follow","max-snippet":"max-snippet:-1","max-image-preview":"max-image-preview:large","max-video-preview":"max-video-preview:-1"},"canonical":"https:\/\/www.masmialou.com\/fr\/s-y-rendre","og_locale":"fr_FR","og_type":"article","og_title":"S'y rendre | Mas Mialou","og_description":"S&rsquo;y rendre Le Mas Mialou est facilement accessible en voiture. Si vous ne souhaitez pas conduire, vous pouvez prendre l&rsquo;avion et vous serez en quelques heures sur place. Vous trouverez...","og_url":"https:\/\/www.masmialou.com\/fr\/s-y-rendre","og_site_name":"Mas Mialou","article_publisher":"https:\/\/www.facebook.com\/masmialou\/","article_modified_time":"2021-09-21T21:18:22+00:00","og_image":[{"width":1600,"height":300,"url":"https:\/\/www.masmialou.com\/wp-content\/uploads\/2018\/03\/Google-Maps.jpg","type":"image\/jpeg"}],"twitter_card":"summary_large_image","twitter_site":"@masmialou","twitter_misc":{"Dur\u00e9e de lecture estim\u00e9e":"2 minutes"},"schema":{"@context":"https:\/\/schema.org","@graph":[{"@type":"WebPage","@id":"https:\/\/www.masmialou.com\/fr\/s-y-rendre","url":"https:\/\/www.masmialou.com\/fr\/s-y-rendre","name":"S'y rendre | Mas Mialou","isPartOf":{"@id":"https:\/\/www.masmialou.com\/fr\/#website"},"datePublished":"2018-03-26T20:17:47+00:00","dateModified":"2021-09-21T21:18:22+00:00","breadcrumb":{"@id":"https:\/\/www.masmialou.com\/fr\/s-y-rendre#breadcrumb"},"inLanguage":"fr-FR","potentialAction":[{"@type":"ReadAction","target":["https:\/\/www.masmialou.com\/fr\/s-y-rendre"]}]},{"@type":"BreadcrumbList","@id":"https:\/\/www.masmialou.com\/fr\/s-y-rendre#breadcrumb","itemListElement":[{"@type":"ListItem","position":1,"name":"Home","item":"https:\/\/www.masmialou.com\/fr"},{"@type":"ListItem","position":2,"name":"S&rsquo;y rendre"}]},{"@type":"WebSite","@id":"https:\/\/www.masmialou.com\/fr\/#website","url":"https:\/\/www.masmialou.com\/fr\/","name":"Mas Mialou","description":"G\u00eetes \/ Appartements","publisher":{"@id":"https:\/\/www.masmialou.com\/fr\/#organization"},"potentialAction":[{"@type":"SearchAction","target":{"@type":"EntryPoint","urlTemplate":"https:\/\/www.masmialou.com\/fr\/?s={search_term_string}"},"query-input":"required name=search_term_string"}],"inLanguage":"fr-FR"},{"@type":"Organization","@id":"https:\/\/www.masmialou.com\/fr\/#organization","name":"Mas Mialou","url":"https:\/\/www.masmialou.com\/fr\/","logo":{"@type":"ImageObject","inLanguage":"fr-FR","@id":"https:\/\/www.masmialou.com\/fr\/#\/schema\/logo\/image\/","url":"https:\/\/www.masmialou.com\/wp-content\/uploads\/2021\/03\/Logo-Mas-Mialou-2019-1.png","contentUrl":"https:\/\/www.masmialou.com\/wp-content\/uploads\/2021\/03\/Logo-Mas-Mialou-2019-1.png","width":800,"height":323,"caption":"Mas Mialou"},"image":{"@id":"https:\/\/www.masmialou.com\/fr\/#\/schema\/logo\/image\/"},"sameAs":["https:\/\/www.facebook.com\/masmialou\/","https:\/\/twitter.com\/masmialou","https:\/\/www.instagram.com\/masmialou\/","https:\/\/www.linkedin.com\/company\/mas-mialou\/about\/","https:\/\/nl.pinterest.com\/masmialou\/"]}]}},"_links":{"self":[{"href":"https:\/\/www.masmialou.com\/fr\/wp-json\/wp\/v2\/pages\/25945"}],"collection":[{"href":"https:\/\/www.masmialou.com\/fr\/wp-json\/wp\/v2\/pages"}],"about":[{"href":"https:\/\/www.masmialou.com\/fr\/wp-json\/wp\/v2\/types\/page"}],"author":[{"embeddable":true,"href":"https:\/\/www.masmialou.com\/fr\/wp-json\/wp\/v2\/users\/2"}],"replies":[{"embeddable":true,"href":"https:\/\/www.masmialou.com\/fr\/wp-json\/wp\/v2\/comments?post=25945"}],"version-history":[{"count":3,"href":"https:\/\/www.masmialou.com\/fr\/wp-json\/wp\/v2\/pages\/25945\/revisions"}],"predecessor-version":[{"id":25954,"href":"https:\/\/www.masmialou.com\/fr\/wp-json\/wp\/v2\/pages\/25945\/revisions\/25954"}],"wp:featuredmedia":[{"embeddable":true,"href":"https:\/\/www.masmialou.com\/fr\/wp-json\/wp\/v2\/media\/2527"}],"wp:attachment":[{"href":"https:\/\/www.masmialou.com\/fr\/wp-json\/wp\/v2\/media?parent=25945"}],"curies":[{"name":"wp","href":"https:\/\/api.w.org\/{rel}","templated":true}]}}