{"id":28515,"date":"2025-01-26T16:13:39","date_gmt":"2025-01-26T15:13:39","guid":{"rendered":"https:\/\/www.masmialou.com\/?page_id=28515"},"modified":"2025-01-26T21:35:32","modified_gmt":"2025-01-26T20:35:32","slug":"legarage","status":"publish","type":"page","link":"https:\/\/www.masmialou.com\/fr\/legarage","title":{"rendered":"Le Garage"},"content":{"rendered":"<div class=\"vgblk-rw-wrapper limit-wrapper\">\n<h2>\n\tLe Garage\n\t<\/h2>\n\t<h5>\u00ab\u00a0Le dernier et le plus luxueux appartement de Mas Mialou. La garage, l&rsquo;\u00e9table \u00e0 porcs et l&rsquo;\u00e9table \u00e0 \u00e2nes ont \u00e9t\u00e9 transform\u00e9s en un magnifique g\u00eete. Avec deux chambres, un grand salon, une bonne cuisine, une salle de bain luxueuse et une grande terrasse, le Garage est \u00e9quip\u00e9 de tout le confort.\u00a0\u00bb<\/h5>\n<h3>\n\tLes chambres \n\t<\/h3>\n\t<p>Dans le Garage, vous dormirez dans l&rsquo;ancienne \u00e9table \u00e0 porcs ou l&rsquo;\u00e9table \u00e0 \u00e2nes. Les deux chambres sont d\u00e9cor\u00e9es avec go\u00fbt et souci du d\u00e9tail. Ainsi, dans l&rsquo;ancienne \u00e9table \u00e0 porcs, le beau plafond en briques r\u00e9nov\u00e9 attire l&rsquo;attention, tout comme les diff\u00e9rentes niches dans les murs en pierre. Dans l&rsquo;ancienne \u00e9table \u00e0 \u00e2nes, la mangeoire d&rsquo;o\u00f9 les animaux mangeaient du foin est toujours pr\u00e9sente. Des poutres en bois ornent le plafond haut.<\/p>\n<p>Les deux chambres disposent d&rsquo;une climatisation individuelle, pour rafra\u00eechir en \u00e9t\u00e9 et chauffer en hiver. <\/p>\n<p>Les lits sont faits \u00e0 votre arriv\u00e9e. Il est possible d&rsquo;ajouter un lit b\u00e9b\u00e9.<\/p>\n\t<strong>Chambre 1: La Porcherie<br \/>\n<\/strong>&#8211; Armoire avec \u00e9tag\u00e8res<br \/>\n&#8211; Portant \u00e0 v\u00eatements<br \/>\n&#8211; 1 grand lit avec surmatelas\n\t<strong>Chambre 2:\u00a0<\/strong><strong>\u00c9curie d&rsquo;\u00e2ne<\/strong><br \/>\n&#8211; \u00c9tag\u00e8re avec planches<br \/>\n&#8211; 1 grand lit avec surmatelas ou 2 lits simples\n<h3>\n\tLa cuisine\n\t<\/h3>\n\tLa cuisine est \u00e9quip\u00e9e de tout le confort moderne. \u00c0 votre arriv\u00e9e, vous trouverez toujours quelques produits de base (caf\u00e9, th\u00e9, sucre, filtres \u00e0 caf\u00e9, p\u00e2tes, riz, liquide vaisselle, savon, pastilles pour lave-vaisselle).\n&#8211; Lave-vaisselle<br \/>\n&#8211; Micro onde<br \/>\n&#8211; Four<br \/>\n&#8211; Plaque de cuisson \u00e0 induction<br \/>\n&#8211; Grand r\u00e9frig\u00e9rateur<br \/>\n&#8211; Machines \u00e0 caf\u00e9 (filtres et Nespresso)<br \/>\n&#8211; Grille-pain<br \/>\n&#8211; Linge de cuisine<br \/>\n&#8211; Haut-parleur bluetooth\n<h3>\n\tLe Salon\n\t<\/h3>\n\t<p>L&rsquo;ancienne garage a \u00e9t\u00e9 transform\u00e9e en un spacieux salon et une grande cuisine. Depuis un canap\u00e9, vous regardez \u00e0 travers de grandes portes-fen\u00eatres le jardin verdoyant. \u00c0 la table \u00e0 manger ronde, il est agr\u00e9able de d\u00eener, et la cuisine permet de bien cuisiner.<\/p>\n<p>Possibilit\u00e9 d&rsquo;ajouter une chaise haute.<\/p>\n<h3>\n\tLa Salle de Bain\n\t<\/h3>\n\t<p>La salle de bain moderne est enti\u00e8rement neuve, propre et fonctionnelle. Une set de serviettes est fourni pour chaque invit\u00e9 (1 grande, 1 petite et 1 gant de toilette). \u00c0 votre arriv\u00e9e, il y aura de quoi pour le shampooing, le gel douche, le savon et le papier toilette.<\/p>\n<p>Un s\u00e8che-cheveux est \u00e9galement \u00e0 votre disposition.<\/p>\n\t<a href=\"https:\/\/www.masmialou.com\/fr\/prix\" target=\"_self\" role=\"button\" rel=\"noopener\">\n\t\t\t\t\tCliquez ici pour les prix\n\t<\/a>\n\n<\/div><!-- .vgblk-rw-wrapper -->","protected":false},"excerpt":{"rendered":"<p>Le Garage \u00ab\u00a0Le dernier et le plus luxueux appartement de Mas Mialou. La garage, l&rsquo;\u00e9table \u00e0 porcs et l&rsquo;\u00e9table \u00e0 \u00e2nes ont \u00e9t\u00e9 transform\u00e9s en un magnifique g\u00eete. Avec deux&#8230;<\/p>\n","protected":false},"author":2,"featured_media":0,"parent":0,"menu_order":5,"comment_status":"closed","ping_status":"closed","template":"","meta":{"om_disable_all_campaigns":false,"_monsterinsights_skip_tracking":false,"_monsterinsights_sitenote_active":false,"_monsterinsights_sitenote_note":"","_monsterinsights_sitenote_category":0},"aioseo_notices":[],"yoast_head":"<!-- This site is optimized with the Yoast SEO plugin v21.1 - https:\/\/yoast.com\/wordpress\/plugins\/seo\/ -->\n<title>Le Garage | Mas Mialou<\/title>\n<meta name=\"robots\" content=\"index, follow, max-snippet:-1, max-image-preview:large, max-video-preview:-1\" \/>\n<link rel=\"canonical\" href=\"https:\/\/www.masmialou.com\/fr\/legarage\" \/>\n<meta property=\"og:locale\" content=\"fr_FR\" \/>\n<meta property=\"og:type\" content=\"article\" \/>\n<meta property=\"og:title\" content=\"Le Garage | Mas Mialou\" \/>\n<meta property=\"og:description\" content=\"Le Garage \u00ab\u00a0Le dernier et le plus luxueux appartement de Mas Mialou. La garage, l&rsquo;\u00e9table \u00e0 porcs et l&rsquo;\u00e9table \u00e0 \u00e2nes ont \u00e9t\u00e9 transform\u00e9s en un magnifique g\u00eete. Avec deux...\" \/>\n<meta property=\"og:url\" content=\"https:\/\/www.masmialou.com\/fr\/legarage\" \/>\n<meta property=\"og:site_name\" content=\"Mas Mialou\" \/>\n<meta property=\"article:publisher\" content=\"https:\/\/www.facebook.com\/masmialou\/\" \/>\n<meta property=\"article:modified_time\" content=\"2025-01-26T20:35:32+00:00\" \/>\n<meta name=\"twitter:card\" content=\"summary_large_image\" \/>\n<meta name=\"twitter:site\" content=\"@masmialou\" \/>\n<script type=\"application\/ld+json\" class=\"yoast-schema-graph\">{\"@context\":\"https:\/\/schema.org\",\"@graph\":[{\"@type\":\"WebPage\",\"@id\":\"https:\/\/www.masmialou.com\/fr\/legarage\",\"url\":\"https:\/\/www.masmialou.com\/fr\/legarage\",\"name\":\"Le Garage | Mas Mialou\",\"isPartOf\":{\"@id\":\"https:\/\/www.masmialou.com\/fr\/#website\"},\"datePublished\":\"2025-01-26T15:13:39+00:00\",\"dateModified\":\"2025-01-26T20:35:32+00:00\",\"breadcrumb\":{\"@id\":\"https:\/\/www.masmialou.com\/fr\/legarage#breadcrumb\"},\"inLanguage\":\"fr-FR\",\"potentialAction\":[{\"@type\":\"ReadAction\",\"target\":[\"https:\/\/www.masmialou.com\/fr\/legarage\"]}]},{\"@type\":\"BreadcrumbList\",\"@id\":\"https:\/\/www.masmialou.com\/fr\/legarage#breadcrumb\",\"itemListElement\":[{\"@type\":\"ListItem\",\"position\":1,\"name\":\"Home\",\"item\":\"https:\/\/www.masmialou.com\/fr\"},{\"@type\":\"ListItem\",\"position\":2,\"name\":\"Le Garage\"}]},{\"@type\":\"WebSite\",\"@id\":\"https:\/\/www.masmialou.com\/fr\/#website\",\"url\":\"https:\/\/www.masmialou.com\/fr\/\",\"name\":\"Mas Mialou\",\"description\":\"G\u00eetes \/ Appartements\",\"publisher\":{\"@id\":\"https:\/\/www.masmialou.com\/fr\/#organization\"},\"potentialAction\":[{\"@type\":\"SearchAction\",\"target\":{\"@type\":\"EntryPoint\",\"urlTemplate\":\"https:\/\/www.masmialou.com\/fr\/?s={search_term_string}\"},\"query-input\":\"required name=search_term_string\"}],\"inLanguage\":\"fr-FR\"},{\"@type\":\"Organization\",\"@id\":\"https:\/\/www.masmialou.com\/fr\/#organization\",\"name\":\"Mas Mialou\",\"url\":\"https:\/\/www.masmialou.com\/fr\/\",\"logo\":{\"@type\":\"ImageObject\",\"inLanguage\":\"fr-FR\",\"@id\":\"https:\/\/www.masmialou.com\/fr\/#\/schema\/logo\/image\/\",\"url\":\"https:\/\/www.masmialou.com\/wp-content\/uploads\/2021\/03\/Logo-Mas-Mialou-2019-1.png\",\"contentUrl\":\"https:\/\/www.masmialou.com\/wp-content\/uploads\/2021\/03\/Logo-Mas-Mialou-2019-1.png\",\"width\":800,\"height\":323,\"caption\":\"Mas Mialou\"},\"image\":{\"@id\":\"https:\/\/www.masmialou.com\/fr\/#\/schema\/logo\/image\/\"},\"sameAs\":[\"https:\/\/www.facebook.com\/masmialou\/\",\"https:\/\/twitter.com\/masmialou\",\"https:\/\/www.instagram.com\/masmialou\/\",\"https:\/\/www.linkedin.com\/company\/mas-mialou\/about\/\",\"https:\/\/nl.pinterest.com\/masmialou\/\"]}]}<\/script>\n<!-- \/ Yoast SEO plugin. -->","yoast_head_json":{"title":"Le Garage | Mas Mialou","robots":{"index":"index","follow":"follow","max-snippet":"max-snippet:-1","max-image-preview":"max-image-preview:large","max-video-preview":"max-video-preview:-1"},"canonical":"https:\/\/www.masmialou.com\/fr\/legarage","og_locale":"fr_FR","og_type":"article","og_title":"Le Garage | Mas Mialou","og_description":"Le Garage \u00ab\u00a0Le dernier et le plus luxueux appartement de Mas Mialou. La garage, l&rsquo;\u00e9table \u00e0 porcs et l&rsquo;\u00e9table \u00e0 \u00e2nes ont \u00e9t\u00e9 transform\u00e9s en un magnifique g\u00eete. Avec deux...","og_url":"https:\/\/www.masmialou.com\/fr\/legarage","og_site_name":"Mas Mialou","article_publisher":"https:\/\/www.facebook.com\/masmialou\/","article_modified_time":"2025-01-26T20:35:32+00:00","twitter_card":"summary_large_image","twitter_site":"@masmialou","schema":{"@context":"https:\/\/schema.org","@graph":[{"@type":"WebPage","@id":"https:\/\/www.masmialou.com\/fr\/legarage","url":"https:\/\/www.masmialou.com\/fr\/legarage","name":"Le Garage | Mas Mialou","isPartOf":{"@id":"https:\/\/www.masmialou.com\/fr\/#website"},"datePublished":"2025-01-26T15:13:39+00:00","dateModified":"2025-01-26T20:35:32+00:00","breadcrumb":{"@id":"https:\/\/www.masmialou.com\/fr\/legarage#breadcrumb"},"inLanguage":"fr-FR","potentialAction":[{"@type":"ReadAction","target":["https:\/\/www.masmialou.com\/fr\/legarage"]}]},{"@type":"BreadcrumbList","@id":"https:\/\/www.masmialou.com\/fr\/legarage#breadcrumb","itemListElement":[{"@type":"ListItem","position":1,"name":"Home","item":"https:\/\/www.masmialou.com\/fr"},{"@type":"ListItem","position":2,"name":"Le Garage"}]},{"@type":"WebSite","@id":"https:\/\/www.masmialou.com\/fr\/#website","url":"https:\/\/www.masmialou.com\/fr\/","name":"Mas Mialou","description":"G\u00eetes \/ Appartements","publisher":{"@id":"https:\/\/www.masmialou.com\/fr\/#organization"},"potentialAction":[{"@type":"SearchAction","target":{"@type":"EntryPoint","urlTemplate":"https:\/\/www.masmialou.com\/fr\/?s={search_term_string}"},"query-input":"required name=search_term_string"}],"inLanguage":"fr-FR"},{"@type":"Organization","@id":"https:\/\/www.masmialou.com\/fr\/#organization","name":"Mas Mialou","url":"https:\/\/www.masmialou.com\/fr\/","logo":{"@type":"ImageObject","inLanguage":"fr-FR","@id":"https:\/\/www.masmialou.com\/fr\/#\/schema\/logo\/image\/","url":"https:\/\/www.masmialou.com\/wp-content\/uploads\/2021\/03\/Logo-Mas-Mialou-2019-1.png","contentUrl":"https:\/\/www.masmialou.com\/wp-content\/uploads\/2021\/03\/Logo-Mas-Mialou-2019-1.png","width":800,"height":323,"caption":"Mas Mialou"},"image":{"@id":"https:\/\/www.masmialou.com\/fr\/#\/schema\/logo\/image\/"},"sameAs":["https:\/\/www.facebook.com\/masmialou\/","https:\/\/twitter.com\/masmialou","https:\/\/www.instagram.com\/masmialou\/","https:\/\/www.linkedin.com\/company\/mas-mialou\/about\/","https:\/\/nl.pinterest.com\/masmialou\/"]}]}},"_links":{"self":[{"href":"https:\/\/www.masmialou.com\/fr\/wp-json\/wp\/v2\/pages\/28515"}],"collection":[{"href":"https:\/\/www.masmialou.com\/fr\/wp-json\/wp\/v2\/pages"}],"about":[{"href":"https:\/\/www.masmialou.com\/fr\/wp-json\/wp\/v2\/types\/page"}],"author":[{"embeddable":true,"href":"https:\/\/www.masmialou.com\/fr\/wp-json\/wp\/v2\/users\/2"}],"replies":[{"embeddable":true,"href":"https:\/\/www.masmialou.com\/fr\/wp-json\/wp\/v2\/comments?post=28515"}],"version-history":[{"count":4,"href":"https:\/\/www.masmialou.com\/fr\/wp-json\/wp\/v2\/pages\/28515\/revisions"}],"predecessor-version":[{"id":28529,"href":"https:\/\/www.masmialou.com\/fr\/wp-json\/wp\/v2\/pages\/28515\/revisions\/28529"}],"wp:attachment":[{"href":"https:\/\/www.masmialou.com\/fr\/wp-json\/wp\/v2\/media?parent=28515"}],"curies":[{"name":"wp","href":"https:\/\/api.w.org\/{rel}","templated":true}]}}